{"id":2551,"date":"2018-03-28T02:34:40","date_gmt":"2018-03-28T00:34:40","guid":{"rendered":"http:\/\/dev.kunesa.com\/about-this-website\/"},"modified":"2023-05-04T14:24:03","modified_gmt":"2023-05-04T12:24:03","slug":"imprint","status":"publish","type":"page","link":"https:\/\/www.kunesa.com\/en\/imprint\/","title":{"rendered":"IMPRINT"},"content":{"rendered":"<div class=\"entry\">\n<div class=\"structure-head-container\">\n<div id=\"c454\" class=\"csc-default\">\n<p><strong>KUNESA GmbH<\/strong><\/p>\n<p>Trierer Stra\u00dfe 44<br \/>\nD-66709 Weiskirchen<\/p>\n<p>Tel.: +49 6876 706 0<br \/>\nFax: +49 6876 706 19<br \/>\nemail@kunesa.com<\/p>\n<p>Gesch\u00e4ftsf\u00fchrer: Felix Scherer<\/p>\n<p>Handelsregister:<br \/>\nAmtsgericht Saarbr\u00fccken<br \/>\nHRB 63573<\/p>\n<p>Stammkapital: EUR 150 000<\/p>\n<p>USt.-ID-Nr: DE137971269<\/p>\n<p>Inhaltlich Verantwortlicher gem\u00e4\u00df \u00a7 55 Abs. 2 RStV: Felix Scherer<\/p>\n<\/div>\n<div id=\"c4559\" class=\"csc-default\">\n<div class=\"csc-default\">\n<div class=\"divider\">\n<hr>\n<\/div>\n<\/div>\n<\/div>\n<\/div>\n<div class=\"structure-content-container\">\n<div id=\"c455\" class=\"csc-default\">\n<div class=\"csc-header csc-header-n1\">\n<p class=\"csc-header-alignment-center csc-firstHeader h2 title\">DISCLAIMER<\/p>\n<\/div>\n<p class=\"align-justify\"><strong>Haftungsbeschr\u00e4nkung<\/strong><\/p>\n<p class=\"align-justify\">Die Inhalte des Internetauftritts wurden mit gr\u00f6\u00dftm\u00f6glicher Sorgfalt und nach bestem Gewissen erstellt. Dennoch \u00fcbernimmt der Anbieter dieser Webseite keine Gew\u00e4hr f\u00fcr die Aktualit\u00e4t, Vollst\u00e4ndigkeit und Richtigkeit der bereitgestellten Seiten und Inhalte.<\/p>\n<p class=\"align-justify\">Als Diensteanbieter ist der Anbieter dieser Webseite gem\u00e4\u00df \u00a7 7 Abs. 1 TMG f\u00fcr eigene Inhalte und bereitgestellte Informationen auf diesen Seiten nach den allgemeinen Gesetzen verantwortlich; nach den \u00a7\u00a7 8 bis 10 TMG jedoch nicht verpflichtet, die \u00fcbermittelten oder gespeicherten fremden Informationen zu \u00fcberwachen. Eine Entfernung oder Sperrung dieser Inhalte erfolgt umgehend ab dem Zeitpunkt der Kenntnis einer konkreten Rechtsverletzung. Eine Haftung ist erst ab dem Zeitpunkt der Kenntniserlangung m\u00f6glich.<\/p>\n<p class=\"align-justify\"><strong>Externe Links<\/strong><\/p>\n<p class=\"align-justify\">Die Webseite enth\u00e4lt sog. \u201eexterne Links\u201c (Verlinkungen) zu anderen Webseiten, auf deren Inhalt der Anbieter der Webseite keinen Einfluss hat. Aus diesem Grund kann der Anbieter f\u00fcr diese Inhalte auch keine Gew\u00e4hr \u00fcbernehmen.<\/p>\n<p class=\"align-justify\">F\u00fcr die Inhalte und Richtigkeit der bereitgestellten Informationen ist der jeweilige Anbieter der verlinkten Webseite verantwortlich. Zum Zeitpunkt der Verlinkung waren keine Rechtsverst\u00f6\u00dfe erkennbar. Bei Bekanntwerden einer solchen Rechtsverletzung wird der Link umgehend entfernen.<\/p>\n<p class=\"align-justify\"><strong>Urheberrecht\/Leistungsschutzrecht<\/strong><\/p>\n<p class=\"align-justify\">Die auf dieser Webseite ver\u00f6ffentlichten Inhalte, Werke und bereitgestellten Informationen unterliegen dem deutschen Urheberrecht und Leistungsschutzrecht. Jede Art der Vervielf\u00e4ltigung, Bearbeitung, Verbreitung, Einspeicherung und jede Art der Verwertung au\u00dferhalb der Grenzen des Urheberrechts bedarf der vorherigen schriftlichen Zustimmung des jeweiligen Rechteinhabers. Das unerlaubte Kopieren\/Speichern der bereitgestellten Informationen auf diesen Webseiten ist nicht gestattet und strafbar.<\/p>\n<p><strong>Technischer Hinweis:<\/strong><\/p>\n<p>Webdesign\/-entwicklung von&nbsp;<a class=\"external-link-new-window\" title=\"Sven L\u00e4ngler, IT-Service &amp; Consulting\" href=\"http:\/\/www.ls-media.eu\" target=\"_blank\" rel=\"noopener noreferrer\">Sven L\u00e4ngler, IT-Service &amp; Consulting<\/a><\/p>\n<\/div>\n<\/div>\n<\/div>\n","protected":false},"excerpt":{"rendered":"<p>KUNESA GmbH Trierer Stra\u00dfe 44 D-66709 Weiskirchen Tel.: +49 6876 706 0 Fax: +49 6876 706 19 email@kunesa.com Gesch\u00e4ftsf\u00fchrer: Felix Scherer Handelsregister: Amtsgericht Saarbr\u00fccken HRB 63573 Stammkapital: EUR 150 000 USt.-ID-Nr: DE137971269 Inhaltlich Verantwortlicher gem\u00e4\u00df \u00a7 55 Abs. 2 RStV: Felix Scherer DISCLAIMER Haftungsbeschr\u00e4nkung Die Inhalte des Internetauftritts wurden mit gr\u00f6\u00dftm\u00f6glicher Sorgfalt und nach bestem &#8230;<\/p>\n","protected":false},"author":1,"featured_media":0,"parent":0,"menu_order":99,"comment_status":"closed","ping_status":"closed","template":"","meta":{"_acf_changed":false,"ngg_post_thumbnail":0,"footnotes":""},"class_list":["post-2551","page","type-page","status-publish"],"acf":[],"yoast_head":"<!-- This site is optimized with the Yoast SEO plugin v27.3 - https:\/\/yoast.com\/product\/yoast-seo-wordpress\/ -->\n<title>KUNESA IMPRINT<\/title>\n<meta name=\"description\" content=\"KUNESA GmbH \u2022 Trierer Stra\u00dfe 44 \u2022 D-66709 Weiskirchen \u2022 Tel +49 6876 706 0 \u2022 Fax +49 6876 706 19 \u2022 email@kunesa.com \u2022 www.kunesa.com\" \/>\n<meta name=\"robots\" content=\"index, follow, max-snippet:-1, max-image-preview:large, max-video-preview:-1\" \/>\n<link rel=\"canonical\" href=\"https:\/\/www.kunesa.com\/en\/imprint\/\" \/>\n<meta property=\"og:locale\" content=\"en_US\" \/>\n<meta property=\"og:type\" content=\"article\" \/>\n<meta property=\"og:title\" content=\"KUNESA IMPRINT\" \/>\n<meta property=\"og:description\" content=\"KUNESA GmbH \u2022 Trierer Stra\u00dfe 44 \u2022 D-66709 Weiskirchen \u2022 Tel +49 6876 706 0 \u2022 Fax +49 6876 706 19 \u2022 email@kunesa.com \u2022 www.kunesa.com\" \/>\n<meta property=\"og:url\" content=\"https:\/\/www.kunesa.com\/en\/imprint\/\" \/>\n<meta property=\"og:site_name\" content=\"KUNESA\" \/>\n<meta property=\"article:publisher\" content=\"https:\/\/www.facebook.com\/kunesa1912\/\" \/>\n<meta property=\"article:modified_time\" content=\"2023-05-04T12:24:03+00:00\" \/>\n<meta name=\"twitter:card\" content=\"summary_large_image\" \/>\n<meta name=\"twitter:label1\" content=\"Est. reading time\" \/>\n\t<meta name=\"twitter:data1\" content=\"2 minutes\" \/>\n<script type=\"application\/ld+json\" class=\"yoast-schema-graph\">{\"@context\":\"https:\\\/\\\/schema.org\",\"@graph\":[{\"@type\":\"WebPage\",\"@id\":\"https:\\\/\\\/www.kunesa.com\\\/en\\\/imprint\\\/\",\"url\":\"https:\\\/\\\/www.kunesa.com\\\/en\\\/imprint\\\/\",\"name\":\"KUNESA IMPRINT\",\"isPartOf\":{\"@id\":\"https:\\\/\\\/www.kunesa.com\\\/en\\\/#website\"},\"datePublished\":\"2018-03-28T00:34:40+00:00\",\"dateModified\":\"2023-05-04T12:24:03+00:00\",\"description\":\"KUNESA GmbH \u2022 Trierer Stra\u00dfe 44 \u2022 D-66709 Weiskirchen \u2022 Tel +49 6876 706 0 \u2022 Fax +49 6876 706 19 \u2022 email@kunesa.com \u2022 www.kunesa.com\",\"breadcrumb\":{\"@id\":\"https:\\\/\\\/www.kunesa.com\\\/en\\\/imprint\\\/#breadcrumb\"},\"inLanguage\":\"en-US\",\"potentialAction\":[{\"@type\":\"ReadAction\",\"target\":[\"https:\\\/\\\/www.kunesa.com\\\/en\\\/imprint\\\/\"]}]},{\"@type\":\"BreadcrumbList\",\"@id\":\"https:\\\/\\\/www.kunesa.com\\\/en\\\/imprint\\\/#breadcrumb\",\"itemListElement\":[{\"@type\":\"ListItem\",\"position\":1,\"name\":\"Startseite\",\"item\":\"https:\\\/\\\/www.kunesa.com\\\/en\\\/\"},{\"@type\":\"ListItem\",\"position\":2,\"name\":\"IMPRINT\"}]},{\"@type\":\"WebSite\",\"@id\":\"https:\\\/\\\/www.kunesa.com\\\/en\\\/#website\",\"url\":\"https:\\\/\\\/www.kunesa.com\\\/en\\\/\",\"name\":\"KUNESA\",\"description\":\"\",\"publisher\":{\"@id\":\"https:\\\/\\\/www.kunesa.com\\\/en\\\/#organization\"},\"potentialAction\":[{\"@type\":\"SearchAction\",\"target\":{\"@type\":\"EntryPoint\",\"urlTemplate\":\"https:\\\/\\\/www.kunesa.com\\\/en\\\/?s={search_term_string}\"},\"query-input\":{\"@type\":\"PropertyValueSpecification\",\"valueRequired\":true,\"valueName\":\"search_term_string\"}}],\"inLanguage\":\"en-US\"},{\"@type\":\"Organization\",\"@id\":\"https:\\\/\\\/www.kunesa.com\\\/en\\\/#organization\",\"name\":\"KUNESA GmbH\",\"url\":\"https:\\\/\\\/www.kunesa.com\\\/en\\\/\",\"logo\":{\"@type\":\"ImageObject\",\"inLanguage\":\"en-US\",\"@id\":\"https:\\\/\\\/www.kunesa.com\\\/en\\\/#\\\/schema\\\/logo\\\/image\\\/\",\"url\":\"https:\\\/\\\/www.kunesa.com\\\/wp-content\\\/uploads\\\/2018\\\/03\\\/kunesa_logo.png\",\"contentUrl\":\"https:\\\/\\\/www.kunesa.com\\\/wp-content\\\/uploads\\\/2018\\\/03\\\/kunesa_logo.png\",\"width\":125,\"height\":125,\"caption\":\"KUNESA GmbH\"},\"image\":{\"@id\":\"https:\\\/\\\/www.kunesa.com\\\/en\\\/#\\\/schema\\\/logo\\\/image\\\/\"},\"sameAs\":[\"https:\\\/\\\/www.facebook.com\\\/kunesa1912\\\/\",\"https:\\\/\\\/www.youtube.com\\\/channel\\\/UCQjo0l0DTpzBhvIzwmzvI1g\"]}]}<\/script>\n<!-- \/ Yoast SEO plugin. -->","yoast_head_json":{"title":"KUNESA IMPRINT","description":"KUNESA GmbH \u2022 Trierer Stra\u00dfe 44 \u2022 D-66709 Weiskirchen \u2022 Tel +49 6876 706 0 \u2022 Fax +49 6876 706 19 \u2022 email@kunesa.com \u2022 www.kunesa.com","robots":{"index":"index","follow":"follow","max-snippet":"max-snippet:-1","max-image-preview":"max-image-preview:large","max-video-preview":"max-video-preview:-1"},"canonical":"https:\/\/www.kunesa.com\/en\/imprint\/","og_locale":"en_US","og_type":"article","og_title":"KUNESA IMPRINT","og_description":"KUNESA GmbH \u2022 Trierer Stra\u00dfe 44 \u2022 D-66709 Weiskirchen \u2022 Tel +49 6876 706 0 \u2022 Fax +49 6876 706 19 \u2022 email@kunesa.com \u2022 www.kunesa.com","og_url":"https:\/\/www.kunesa.com\/en\/imprint\/","og_site_name":"KUNESA","article_publisher":"https:\/\/www.facebook.com\/kunesa1912\/","article_modified_time":"2023-05-04T12:24:03+00:00","twitter_card":"summary_large_image","twitter_misc":{"Est. reading time":"2 minutes"},"schema":{"@context":"https:\/\/schema.org","@graph":[{"@type":"WebPage","@id":"https:\/\/www.kunesa.com\/en\/imprint\/","url":"https:\/\/www.kunesa.com\/en\/imprint\/","name":"KUNESA IMPRINT","isPartOf":{"@id":"https:\/\/www.kunesa.com\/en\/#website"},"datePublished":"2018-03-28T00:34:40+00:00","dateModified":"2023-05-04T12:24:03+00:00","description":"KUNESA GmbH \u2022 Trierer Stra\u00dfe 44 \u2022 D-66709 Weiskirchen \u2022 Tel +49 6876 706 0 \u2022 Fax +49 6876 706 19 \u2022 email@kunesa.com \u2022 www.kunesa.com","breadcrumb":{"@id":"https:\/\/www.kunesa.com\/en\/imprint\/#breadcrumb"},"inLanguage":"en-US","potentialAction":[{"@type":"ReadAction","target":["https:\/\/www.kunesa.com\/en\/imprint\/"]}]},{"@type":"BreadcrumbList","@id":"https:\/\/www.kunesa.com\/en\/imprint\/#breadcrumb","itemListElement":[{"@type":"ListItem","position":1,"name":"Startseite","item":"https:\/\/www.kunesa.com\/en\/"},{"@type":"ListItem","position":2,"name":"IMPRINT"}]},{"@type":"WebSite","@id":"https:\/\/www.kunesa.com\/en\/#website","url":"https:\/\/www.kunesa.com\/en\/","name":"KUNESA","description":"","publisher":{"@id":"https:\/\/www.kunesa.com\/en\/#organization"},"potentialAction":[{"@type":"SearchAction","target":{"@type":"EntryPoint","urlTemplate":"https:\/\/www.kunesa.com\/en\/?s={search_term_string}"},"query-input":{"@type":"PropertyValueSpecification","valueRequired":true,"valueName":"search_term_string"}}],"inLanguage":"en-US"},{"@type":"Organization","@id":"https:\/\/www.kunesa.com\/en\/#organization","name":"KUNESA GmbH","url":"https:\/\/www.kunesa.com\/en\/","logo":{"@type":"ImageObject","inLanguage":"en-US","@id":"https:\/\/www.kunesa.com\/en\/#\/schema\/logo\/image\/","url":"https:\/\/www.kunesa.com\/wp-content\/uploads\/2018\/03\/kunesa_logo.png","contentUrl":"https:\/\/www.kunesa.com\/wp-content\/uploads\/2018\/03\/kunesa_logo.png","width":125,"height":125,"caption":"KUNESA GmbH"},"image":{"@id":"https:\/\/www.kunesa.com\/en\/#\/schema\/logo\/image\/"},"sameAs":["https:\/\/www.facebook.com\/kunesa1912\/","https:\/\/www.youtube.com\/channel\/UCQjo0l0DTpzBhvIzwmzvI1g"]}]}},"_links":{"self":[{"href":"https:\/\/www.kunesa.com\/en\/wp-json\/wp\/v2\/pages\/2551","targetHints":{"allow":["GET"]}}],"collection":[{"href":"https:\/\/www.kunesa.com\/en\/wp-json\/wp\/v2\/pages"}],"about":[{"href":"https:\/\/www.kunesa.com\/en\/wp-json\/wp\/v2\/types\/page"}],"author":[{"embeddable":true,"href":"https:\/\/www.kunesa.com\/en\/wp-json\/wp\/v2\/users\/1"}],"replies":[{"embeddable":true,"href":"https:\/\/www.kunesa.com\/en\/wp-json\/wp\/v2\/comments?post=2551"}],"version-history":[{"count":6,"href":"https:\/\/www.kunesa.com\/en\/wp-json\/wp\/v2\/pages\/2551\/revisions"}],"predecessor-version":[{"id":6923,"href":"https:\/\/www.kunesa.com\/en\/wp-json\/wp\/v2\/pages\/2551\/revisions\/6923"}],"wp:attachment":[{"href":"https:\/\/www.kunesa.com\/en\/wp-json\/wp\/v2\/media?parent=2551"}],"curies":[{"name":"wp","href":"https:\/\/api.w.org\/{rel}","templated":true}]}}