{"id":2495,"date":"2018-03-28T02:33:28","date_gmt":"2018-03-28T00:33:28","guid":{"rendered":"https:\/\/dev.kunesa.com\/contact\/"},"modified":"2026-03-18T13:52:02","modified_gmt":"2026-03-18T12:52:02","slug":"contactez","status":"publish","type":"page","link":"https:\/\/www.kunesa.com\/fr\/contactez\/","title":{"rendered":"Contact"},"content":{"rendered":"<div class=\"entry\">\n\n\n<div style=\"height:100px\" aria-hidden=\"true\" class=\"wp-block-spacer\"><\/div>\n\n\n\n<div class=\"container mt-5 mb-5\">\n\n    <div class=\"contactform7-include-box clearfix\">\n        <h1 class=\"page-title\">Votre demande directement via le formulaire<\/h1>\n        <div class=\"row mt-5\">\n            <div class=\"col-12 contact-form\">\n                \n<div class=\"wpcf7 no-js\" id=\"wpcf7-f2705-o1\" lang=\"fr-FR\" dir=\"ltr\" data-wpcf7-id=\"2705\">\n<div class=\"screen-reader-response\"><p role=\"status\" aria-live=\"polite\" aria-atomic=\"true\"><\/p> <ul><\/ul><\/div>\n<form action=\"\/fr\/wp-json\/wp\/v2\/pages\/2495#wpcf7-f2705-o1\" method=\"post\" class=\"wpcf7-form init wpcf7-acceptance-as-validation\" aria-label=\"Formulaire de contact\" novalidate=\"novalidate\" data-status=\"init\">\n<fieldset class=\"hidden-fields-container\"><input type=\"hidden\" name=\"_wpcf7\" value=\"2705\" \/><input type=\"hidden\" name=\"_wpcf7_version\" value=\"6.1.5\" \/><input type=\"hidden\" name=\"_wpcf7_locale\" value=\"fr_FR\" \/><input type=\"hidden\" name=\"_wpcf7_unit_tag\" value=\"wpcf7-f2705-o1\" \/><input type=\"hidden\" name=\"_wpcf7_container_post\" value=\"0\" \/><input type=\"hidden\" name=\"_wpcf7_posted_data_hash\" value=\"\" \/>\n<\/fieldset>\n<div class=\"contact7-form\">\n\t<div class=\"form-group row\">\n\t\t<div class=\"col-md-6\">\n\t\t\t<p><span class=\"wpcf7-form-control-wrap\" data-name=\"contact-name\"><input size=\"40\" maxlength=\"400\" class=\"wpcf7-form-control wpcf7-text fullwidth\" aria-invalid=\"false\" placeholder=\"Nom\" value=\"\" type=\"text\" name=\"contact-name\" \/><\/span>\n\t\t\t<\/p>\n\t\t<\/div>\n\t\t<div class=\"col-md-6\">\n\t\t\t<p><span class=\"wpcf7-form-control-wrap\" data-name=\"contact-city\"><input size=\"40\" maxlength=\"400\" class=\"wpcf7-form-control wpcf7-text fullwidth\" aria-invalid=\"false\" placeholder=\"Ville\" value=\"\" type=\"text\" name=\"contact-city\" \/><\/span>\n\t\t\t<\/p>\n\t\t<\/div>\n\t<\/div>\n\t<div class=\"form-group row\">\n\t\t<div class=\"col-md-6\">\n\t\t\t<p><span class=\"wpcf7-form-control-wrap\" data-name=\"contact-email\"><input size=\"40\" maxlength=\"400\" class=\"wpcf7-form-control wpcf7-email wpcf7-validates-as-required wpcf7-text wpcf7-validates-as-email fullwidth\" aria-required=\"true\" aria-invalid=\"false\" placeholder=\"Adresse \u00e9lectronique *\" value=\"\" type=\"email\" name=\"contact-email\" \/><\/span>\n\t\t\t<\/p>\n\t\t<\/div>\n\t\t<div class=\"col-md-6\">\n\t\t\t<p><span class=\"wpcf7-form-control-wrap\" data-name=\"contact-phone\"><input size=\"40\" maxlength=\"400\" class=\"wpcf7-form-control wpcf7-tel wpcf7-text wpcf7-validates-as-tel fullwidth\" aria-invalid=\"false\" placeholder=\"T\u00e9l\u00e9phone\" value=\"\" type=\"tel\" name=\"contact-phone\" \/><\/span>\n\t\t\t<\/p>\n\t\t<\/div>\n\t<\/div>\n\t<div class=\"form-group row\">\n\t\t<div class=\"col-12\">\n\t\t\t<p><span class=\"wpcf7-form-control-wrap\" data-name=\"contact-message\"><textarea cols=\"40\" rows=\"10\" maxlength=\"2000\" class=\"wpcf7-form-control wpcf7-textarea fullwidth\" aria-invalid=\"false\" placeholder=\"Votre message\" name=\"contact-message\"><\/textarea><\/span>\n\t\t\t<\/p>\n\t\t<\/div>\n\t<\/div>\n\t<div class=\"form-group row mb-2\">\n\t\t<div class=\"col-12\">\n\t\t\t<p><label class=\"col-form-label\"> Envoyer une pi\u00e8ce jointe<\/label><br \/>\n<small>Veuillez nous envoyer vos id\u00e9es ou vos croquis \u00e0 l&rsquo;avance et s\u00e9lectionnez votre fichier ici.<\/small><br \/>\n<span class=\"wpcf7-form-control-wrap\" data-name=\"upload-file\"><input size=\"40\" class=\"wpcf7-form-control wpcf7-drag-n-drop-file d-none fullwidth\" aria-invalid=\"false\" type=\"file\" multiple=\"multiple\" data-name=\"upload-file\" data-limit=\"10485760\" data-max=\"5\" data-id=\"2705\" data-version=\"free version 1.3.9.6\" accept=\".\" \/><\/span>\n\t\t\t<\/p>\n\t\t<\/div>\n\t<\/div>\n\t<div class=\"form-group row mt-2\">\n\t\t<div class=\"col-12 text-center\">\n\t\t\t<p><span class=\"wpcf7-form-control-wrap\" data-name=\"data-policy-accepted\"><span class=\"wpcf7-form-control wpcf7-acceptance\"><span class=\"wpcf7-list-item\"><label><input type=\"checkbox\" name=\"data-policy-accepted\" value=\"1\" aria-invalid=\"false\" \/><span class=\"wpcf7-list-item-label\">\u00a0\u00a0J&rsquo;ai lu le\u00a0<a href=\"http:\/\/www.kunesa.com\/fr\/protection-des-donnees\" title=\"Privacy\" target=\"_blank\">Politique de confidentialit\u00e9<\/a>\u00a0et je l&rsquo;accepte.<\/span><\/label><\/span><\/span><\/span><br \/>\n<span id=\"wpcf7-69d497eadc3d8-wrapper\" class=\"wpcf7-form-control-wrap honeypot-311-wrap\" ><input type=\"hidden\" name=\"honeypot-311-time-start\" value=\"1775540202\"><input type=\"hidden\" name=\"honeypot-311-time-check\" value=\"4\"><input id=\"wpcf7-69d497eadc3d8-field\"  class=\"wpcf7-form-control wpcf7-text\" type=\"text\" name=\"honeypot-311\" value=\"\" size=\"40\" tabindex=\"-1\" autocomplete=\"new-password\" \/><\/span>\n\t\t\t<\/p>\n\t\t<\/div>\n\t<\/div>\n\t<div class=\"form-group row mt-4\">\n\t\t<div class=\"col-12 text-center mt-4\">\n\t\t\t<p><input class=\"wpcf7-form-control wpcf7-submit has-spinner track-submit track-contact-submit\" type=\"submit\" value=\"Envoyer un message\" \/>\n\t\t\t<\/p>\n\t\t<\/div>\n\t<\/div>\n<\/div><div class=\"wpcf7-response-output\" aria-hidden=\"true\"><\/div>\n<\/form>\n<\/div>\n            <\/div>\n        <\/div>\n    <\/div>\n\n<\/div>\n\n\n<div class=\"contact-form\" style=\"text-align: center;\"><a class=\"btn btn-cta-contact mr-2\" href=\"mailto:email@kunesa.com\">\u00c9crire un e-mail<\/a><a class=\"btn btn-cta-contact ml-2\" href=\"tel:+496876060\">Appelez<\/a><\/div>\n\n\n\n<div class=\"container mb-5\">\n    <div class=\"row\">\n        \n        <div class=\"col-12 mt-5\">\n            <div class=\"calendly-inline-widget\" data-url=\"https:\/\/calendly.com\/kunesa\/30min\" style=\"min-width: 320px; height:800px;\"><\/div>\n            <script type=\"text\/javascript\" src=\"https:\/\/assets.calendly.com\/assets\/external\/widget.js\" async><\/script>\n        <\/div>\n    <\/div>\n<\/div>\n\n\n    <div class=\"container mb-5\">\n        <div id=\"a-standorte\" class=\"mt-5\">&nbsp;<\/div>\n\n        <div class=\"row\">\n            <div class=\"col-12\">\n                <h2>Sites<\/h2>\n\n                <div class=\"row sides\">\n                    \n                        <div class=\"col-md-4 mt-1\">\n                            <div class=\"box text-center\">\n                                <div class=\"googlemaps-include-box clearfix\">\n                                                                    <\/div>\n                                <div class=\"box-content\"><p>KUNESA GmbH<\/p>\n<p>Trierer Stra\u00dfe 44<br \/>\nD &#8211; 66709 Weiskirchen<\/p>\n<p>T +49 6876 706 0<br \/>\nF +49 6876 706 19<br \/>\nemail@kunesa.com<\/p>\n<\/div>\n                            <\/div>\n                        <\/div>\n                    \n                        <div class=\"col-md-4 mt-1\">\n                            <div class=\"box text-center\">\n                                <div class=\"googlemaps-include-box clearfix\">\n                                                                    <\/div>\n                                <div class=\"box-content\"><p>KUNESA LLC<\/p>\n<p>3665 Bonita Beach Rd<br \/>\nSuite 1<br \/>\nBonita Springs, FL 34134<\/p>\n<p>Cel +1 305 &#8211; 542 &#8211; 7187<br \/>\njohannes.heine@kunesa.com<\/p>\n<\/div>\n                            <\/div>\n                        <\/div>\n                    \n                        <div class=\"col-md-4 mt-1\">\n                            <div class=\"box text-center\">\n                                <div class=\"googlemaps-include-box clearfix\">\n                                                                    <\/div>\n                                <div class=\"box-content\"><p>KUNESA Vereinigte Arabische Emirate<\/p>\n<p>OCTAGON  PROJECT  DEVELOPMENT  INTERIOR<br \/>\nDESIGN &#8211; FZCO<\/p>\n<p>IFZA  Business  Park,  DDP,  PO<br \/>\nBox 342001, Dubai, United Arab Emirates<\/p>\n<p>Fon +971 52 939 3382<br \/>\nm.vossenberg@octagon-gcc.com<\/p>\n<\/div>\n                            <\/div>\n                        <\/div>\n                    \n                        <div class=\"col-md-4 mt-1\">\n                            <div class=\"box text-center\">\n                                <div class=\"googlemaps-include-box clearfix\">\n                                                                    <\/div>\n                                <div class=\"box-content\"><p>KUNESA Frankreich<\/p>\n<p>Estelle Niess KUNESA France<br \/>\n52 Rue Principale <br \/>\n67270 WICKERSHEIM <\/p>\n<p>T\u00e9l +33 388915289<br \/>\nestelle@kunesa-france.fr<\/p>\n<\/div>\n                            <\/div>\n                        <\/div>\n                                    <\/div>\n            <\/div>\n        <\/div>\n    <\/div>\n\n\n\n\n\n<\/div>","protected":false},"excerpt":{"rendered":"<p>\u00c9crire un e-mailAppelez<\/p>\n","protected":false},"author":1,"featured_media":0,"parent":0,"menu_order":70,"comment_status":"closed","ping_status":"closed","template":"page-blocks.php","meta":{"_acf_changed":false,"ngg_post_thumbnail":0,"footnotes":""},"class_list":["post-2495","page","type-page","status-publish"],"acf":[],"yoast_head":"<!-- This site is optimized with the Yoast SEO plugin v27.3 - https:\/\/yoast.com\/product\/yoast-seo-wordpress\/ -->\n<title>KUNESA Contact &#8211; Contactez-nous.<\/title>\n<meta name=\"description\" content=\"KUNESA France \u2022 5, Impasse les Sources \u2022 F \u2013 67320 Berg \u2022 Fon +33 3 88 01 76 59 \u2022 Fax +33 9 70 63 17 19 \u2022 yves-joswig@kunesafrance.fr \u2022 www.kunesa.com\" \/>\n<meta name=\"robots\" content=\"index, follow, max-snippet:-1, max-image-preview:large, max-video-preview:-1\" \/>\n<link rel=\"canonical\" href=\"https:\/\/www.kunesa.com\/fr\/contactez\/\" \/>\n<meta property=\"og:locale\" content=\"fr_FR\" \/>\n<meta property=\"og:type\" content=\"article\" \/>\n<meta property=\"og:title\" content=\"KUNESA Contact &#8211; Contactez-nous.\" \/>\n<meta property=\"og:description\" content=\"KUNESA France \u2022 5, Impasse les Sources \u2022 F \u2013 67320 Berg \u2022 Fon +33 3 88 01 76 59 \u2022 Fax +33 9 70 63 17 19 \u2022 yves-joswig@kunesafrance.fr \u2022 www.kunesa.com\" \/>\n<meta property=\"og:url\" content=\"https:\/\/www.kunesa.com\/fr\/contactez\/\" \/>\n<meta property=\"og:site_name\" content=\"KUNESA\" \/>\n<meta property=\"article:publisher\" content=\"https:\/\/www.facebook.com\/kunesa1912\/\" \/>\n<meta property=\"article:modified_time\" content=\"2026-03-18T12:52:02+00:00\" \/>\n<meta name=\"twitter:card\" content=\"summary_large_image\" \/>\n<meta name=\"twitter:label1\" content=\"Dur\u00e9e de lecture estim\u00e9e\" \/>\n\t<meta name=\"twitter:data1\" content=\"1 minute\" \/>\n<script type=\"application\/ld+json\" class=\"yoast-schema-graph\">{\"@context\":\"https:\\\/\\\/schema.org\",\"@graph\":[{\"@type\":\"WebPage\",\"@id\":\"https:\\\/\\\/www.kunesa.com\\\/fr\\\/contactez\\\/\",\"url\":\"https:\\\/\\\/www.kunesa.com\\\/fr\\\/contactez\\\/\",\"name\":\"KUNESA Contact &#8211; Contactez-nous.\",\"isPartOf\":{\"@id\":\"https:\\\/\\\/www.kunesa.com\\\/fr\\\/#website\"},\"datePublished\":\"2018-03-28T00:33:28+00:00\",\"dateModified\":\"2026-03-18T12:52:02+00:00\",\"description\":\"KUNESA France \u2022 5, Impasse les Sources \u2022 F \u2013 67320 Berg \u2022 Fon +33 3 88 01 76 59 \u2022 Fax +33 9 70 63 17 19 \u2022 yves-joswig@kunesafrance.fr \u2022 www.kunesa.com\",\"breadcrumb\":{\"@id\":\"https:\\\/\\\/www.kunesa.com\\\/fr\\\/contactez\\\/#breadcrumb\"},\"inLanguage\":\"fr-FR\",\"potentialAction\":[{\"@type\":\"ReadAction\",\"target\":[\"https:\\\/\\\/www.kunesa.com\\\/fr\\\/contactez\\\/\"]}]},{\"@type\":\"BreadcrumbList\",\"@id\":\"https:\\\/\\\/www.kunesa.com\\\/fr\\\/contactez\\\/#breadcrumb\",\"itemListElement\":[{\"@type\":\"ListItem\",\"position\":1,\"name\":\"Startseite\",\"item\":\"https:\\\/\\\/www.kunesa.com\\\/fr\\\/\"},{\"@type\":\"ListItem\",\"position\":2,\"name\":\"Contact\"}]},{\"@type\":\"WebSite\",\"@id\":\"https:\\\/\\\/www.kunesa.com\\\/fr\\\/#website\",\"url\":\"https:\\\/\\\/www.kunesa.com\\\/fr\\\/\",\"name\":\"KUNESA\",\"description\":\"\",\"publisher\":{\"@id\":\"https:\\\/\\\/www.kunesa.com\\\/fr\\\/#organization\"},\"potentialAction\":[{\"@type\":\"SearchAction\",\"target\":{\"@type\":\"EntryPoint\",\"urlTemplate\":\"https:\\\/\\\/www.kunesa.com\\\/fr\\\/?s={search_term_string}\"},\"query-input\":{\"@type\":\"PropertyValueSpecification\",\"valueRequired\":true,\"valueName\":\"search_term_string\"}}],\"inLanguage\":\"fr-FR\"},{\"@type\":\"Organization\",\"@id\":\"https:\\\/\\\/www.kunesa.com\\\/fr\\\/#organization\",\"name\":\"KUNESA GmbH\",\"url\":\"https:\\\/\\\/www.kunesa.com\\\/fr\\\/\",\"logo\":{\"@type\":\"ImageObject\",\"inLanguage\":\"fr-FR\",\"@id\":\"https:\\\/\\\/www.kunesa.com\\\/fr\\\/#\\\/schema\\\/logo\\\/image\\\/\",\"url\":\"https:\\\/\\\/www.kunesa.com\\\/wp-content\\\/uploads\\\/2018\\\/03\\\/kunesa_logo.png\",\"contentUrl\":\"https:\\\/\\\/www.kunesa.com\\\/wp-content\\\/uploads\\\/2018\\\/03\\\/kunesa_logo.png\",\"width\":125,\"height\":125,\"caption\":\"KUNESA GmbH\"},\"image\":{\"@id\":\"https:\\\/\\\/www.kunesa.com\\\/fr\\\/#\\\/schema\\\/logo\\\/image\\\/\"},\"sameAs\":[\"https:\\\/\\\/www.facebook.com\\\/kunesa1912\\\/\",\"https:\\\/\\\/www.youtube.com\\\/channel\\\/UCQjo0l0DTpzBhvIzwmzvI1g\"]}]}<\/script>\n<!-- \/ Yoast SEO plugin. -->","yoast_head_json":{"title":"KUNESA Contact &#8211; Contactez-nous.","description":"KUNESA France \u2022 5, Impasse les Sources \u2022 F \u2013 67320 Berg \u2022 Fon +33 3 88 01 76 59 \u2022 Fax +33 9 70 63 17 19 \u2022 yves-joswig@kunesafrance.fr \u2022 www.kunesa.com","robots":{"index":"index","follow":"follow","max-snippet":"max-snippet:-1","max-image-preview":"max-image-preview:large","max-video-preview":"max-video-preview:-1"},"canonical":"https:\/\/www.kunesa.com\/fr\/contactez\/","og_locale":"fr_FR","og_type":"article","og_title":"KUNESA Contact &#8211; Contactez-nous.","og_description":"KUNESA France \u2022 5, Impasse les Sources \u2022 F \u2013 67320 Berg \u2022 Fon +33 3 88 01 76 59 \u2022 Fax +33 9 70 63 17 19 \u2022 yves-joswig@kunesafrance.fr \u2022 www.kunesa.com","og_url":"https:\/\/www.kunesa.com\/fr\/contactez\/","og_site_name":"KUNESA","article_publisher":"https:\/\/www.facebook.com\/kunesa1912\/","article_modified_time":"2026-03-18T12:52:02+00:00","twitter_card":"summary_large_image","twitter_misc":{"Dur\u00e9e de lecture estim\u00e9e":"1 minute"},"schema":{"@context":"https:\/\/schema.org","@graph":[{"@type":"WebPage","@id":"https:\/\/www.kunesa.com\/fr\/contactez\/","url":"https:\/\/www.kunesa.com\/fr\/contactez\/","name":"KUNESA Contact &#8211; Contactez-nous.","isPartOf":{"@id":"https:\/\/www.kunesa.com\/fr\/#website"},"datePublished":"2018-03-28T00:33:28+00:00","dateModified":"2026-03-18T12:52:02+00:00","description":"KUNESA France \u2022 5, Impasse les Sources \u2022 F \u2013 67320 Berg \u2022 Fon +33 3 88 01 76 59 \u2022 Fax +33 9 70 63 17 19 \u2022 yves-joswig@kunesafrance.fr \u2022 www.kunesa.com","breadcrumb":{"@id":"https:\/\/www.kunesa.com\/fr\/contactez\/#breadcrumb"},"inLanguage":"fr-FR","potentialAction":[{"@type":"ReadAction","target":["https:\/\/www.kunesa.com\/fr\/contactez\/"]}]},{"@type":"BreadcrumbList","@id":"https:\/\/www.kunesa.com\/fr\/contactez\/#breadcrumb","itemListElement":[{"@type":"ListItem","position":1,"name":"Startseite","item":"https:\/\/www.kunesa.com\/fr\/"},{"@type":"ListItem","position":2,"name":"Contact"}]},{"@type":"WebSite","@id":"https:\/\/www.kunesa.com\/fr\/#website","url":"https:\/\/www.kunesa.com\/fr\/","name":"KUNESA","description":"","publisher":{"@id":"https:\/\/www.kunesa.com\/fr\/#organization"},"potentialAction":[{"@type":"SearchAction","target":{"@type":"EntryPoint","urlTemplate":"https:\/\/www.kunesa.com\/fr\/?s={search_term_string}"},"query-input":{"@type":"PropertyValueSpecification","valueRequired":true,"valueName":"search_term_string"}}],"inLanguage":"fr-FR"},{"@type":"Organization","@id":"https:\/\/www.kunesa.com\/fr\/#organization","name":"KUNESA GmbH","url":"https:\/\/www.kunesa.com\/fr\/","logo":{"@type":"ImageObject","inLanguage":"fr-FR","@id":"https:\/\/www.kunesa.com\/fr\/#\/schema\/logo\/image\/","url":"https:\/\/www.kunesa.com\/wp-content\/uploads\/2018\/03\/kunesa_logo.png","contentUrl":"https:\/\/www.kunesa.com\/wp-content\/uploads\/2018\/03\/kunesa_logo.png","width":125,"height":125,"caption":"KUNESA GmbH"},"image":{"@id":"https:\/\/www.kunesa.com\/fr\/#\/schema\/logo\/image\/"},"sameAs":["https:\/\/www.facebook.com\/kunesa1912\/","https:\/\/www.youtube.com\/channel\/UCQjo0l0DTpzBhvIzwmzvI1g"]}]}},"_links":{"self":[{"href":"https:\/\/www.kunesa.com\/fr\/wp-json\/wp\/v2\/pages\/2495","targetHints":{"allow":["GET"]}}],"collection":[{"href":"https:\/\/www.kunesa.com\/fr\/wp-json\/wp\/v2\/pages"}],"about":[{"href":"https:\/\/www.kunesa.com\/fr\/wp-json\/wp\/v2\/types\/page"}],"author":[{"embeddable":true,"href":"https:\/\/www.kunesa.com\/fr\/wp-json\/wp\/v2\/users\/1"}],"replies":[{"embeddable":true,"href":"https:\/\/www.kunesa.com\/fr\/wp-json\/wp\/v2\/comments?post=2495"}],"version-history":[{"count":19,"href":"https:\/\/www.kunesa.com\/fr\/wp-json\/wp\/v2\/pages\/2495\/revisions"}],"predecessor-version":[{"id":7645,"href":"https:\/\/www.kunesa.com\/fr\/wp-json\/wp\/v2\/pages\/2495\/revisions\/7645"}],"wp:attachment":[{"href":"https:\/\/www.kunesa.com\/fr\/wp-json\/wp\/v2\/media?parent=2495"}],"curies":[{"name":"wp","href":"https:\/\/api.w.org\/{rel}","templated":true}]}}