{"id":2555,"date":"2018-04-22T23:55:16","date_gmt":"2018-04-22T21:55:16","guid":{"rendered":"http:\/\/dev.kunesa.com\/domaines-dactivite-performance\/"},"modified":"2023-01-19T11:34:57","modified_gmt":"2023-01-19T10:34:57","slug":"domaines-dactivite-performance","status":"publish","type":"page","link":"https:\/\/www.kunesa.com\/fr\/domaines-dactivite-performance\/","title":{"rendered":"Domaines d&rsquo;activit\u00e9"},"content":{"rendered":"<div class=\"entry\">\n\n\n    <div class=\"owl-carousel owl-image-carousel owl-theme no-loop\">\n        \n            <div class=\"owl-slide d-flex align-items-center cover\" style=\"background-image: url(https:\/\/www.kunesa.com\/wp-content\/uploads\/2020\/04\/Gesch\u00e4ftsfelder-und-Leistungen.jpg);\">\n                <div class=\"slider-content static\">\n                    <div class=\"owl-slide-text\">\n                        <h1 class=\"owl-slide-animated owl-slide-title\">Projets &#038; Produits<\/h1>\n\n                                                    <h2 class=\"owl-slide-animated owl-slide-subtitle mb-3\">Individuellement et fait sur mesure.<\/h2>\n                                            <\/div>\n                <\/div>\n            <\/div><!--\/owl-slide-->\n\n            <\/div>\n\n\n<div class=\"content-alternate py-5\">\n    <div class=\"container content-box\">\n        <div class=\"row bg-kontur pt-5\">\n            <div class=\"col-md-4\">\n                <span class=\"content-box-title\"> Votre projet fait sur mesure.<\/span>\n            <\/div>\n            <div class=\"col-md-8\">\n                <p><p>Nous ne fournissons pas de solutions pr\u00eates \u00e0 l&#8217;emploi, mais nous examinons chaque projet individuellement sous toutes ses coutures.<\/p><br \/>\r\n<p>Pendant tout le d\u00e9roulement du projet vous serez conseill\u00e9 et assist\u00e9 par le bureau d&rsquo;\u00e9tude. Vous leur donnez des id\u00e9es, \u00e0 partir de vos besoins et la n\u00e9cessit\u00e9 d&rsquo;un concept global ax\u00e9 sur les objectifs.<\/p><br \/>\r\n<p>La mise en \u0153uvre pr\u00e9cise et professionnelle sera obtenue par notre \u00e9quipe de production et d&rsquo;assemblage et par nos monteurs. Ils r\u00e9alisent vos id\u00e9es et cr\u00e9es un vrai \u00e0 partir d&rsquo;une image virtuelle. Une formidable exp\u00e9rience pour Vous.<\/p><\/p>\n            <\/div>\n        <\/div>\n    <\/div>\n<\/div>\n    <div class=\"container mb-5\">\n        <div class=\"row\">\n                            <div class=\"col-md-4 mt-5\">\n                    <div class=\"c-tile inverted\">\n                        <a href=\"\/fr\/medi\/pharmacie\" target=\"_self\">\n                            <img decoding=\"async\" src=\"https:\/\/www.kunesa.com\/wp-content\/uploads\/2021\/02\/Apo.jpg\" alt=\"Pharmacie\" title=\"Pharmacie\" \/>\n                            <div class=\"overlay\">&nbsp;<\/div>\n                            <div class=\"middle\">\n                                <span class=\"h2 title\">Pharmacie<\/span>\n                            <\/div>\n                        <\/a>\n                    <\/div>\n                <\/div>\n                            <div class=\"col-md-4 mt-5\">\n                    <div class=\"c-tile inverted\">\n                        <a href=\"\/fr\/medi\/cabinets-medicaux\" target=\"_self\">\n                            <img decoding=\"async\" src=\"https:\/\/www.kunesa.com\/wp-content\/uploads\/2021\/02\/Praxis-scaled.jpg\" alt=\"Cabinet m\u00e9dical\" title=\"Cabinet m\u00e9dical\" \/>\n                            <div class=\"overlay\">&nbsp;<\/div>\n                            <div class=\"middle\">\n                                <span class=\"h2 title\">Cabinet m\u00e9dical<\/span>\n                            <\/div>\n                        <\/a>\n                    <\/div>\n                <\/div>\n                            <div class=\"col-md-4 mt-5\">\n                    <div class=\"c-tile inverted\">\n                        <a href=\"\/fr\/medi\/clinique-et-laboratoire\" target=\"_self\">\n                            <img decoding=\"async\" src=\"https:\/\/www.kunesa.com\/wp-content\/uploads\/2021\/02\/Labor-scaled.jpg\" alt=\"Clinique et Laboratoire\" title=\"Clinique et Laboratoire\" \/>\n                            <div class=\"overlay\">&nbsp;<\/div>\n                            <div class=\"middle\">\n                                <span class=\"h2 title\">Clinique et Laboratoire<\/span>\n                            <\/div>\n                        <\/a>\n                    <\/div>\n                <\/div>\n                            <div class=\"col-md-4 mt-5\">\n                    <div class=\"c-tile inverted\">\n                        <a href=\"\/fr\/hoga\/bien-etre-et-spa\" target=\"_self\">\n                            <img decoding=\"async\" src=\"https:\/\/www.kunesa.com\/wp-content\/uploads\/2021\/02\/DSC_1953.jpg\" alt=\"Bien-\u00eatre et spa\" title=\"Bien-\u00eatre et spa\" \/>\n                            <div class=\"overlay\">&nbsp;<\/div>\n                            <div class=\"middle\">\n                                <span class=\"h2 title\">Bien-\u00eatre et spa<\/span>\n                            <\/div>\n                        <\/a>\n                    <\/div>\n                <\/div>\n                            <div class=\"col-md-4 mt-5\">\n                    <div class=\"c-tile inverted\">\n                        <a href=\"\/fr\/hoga\/hotellerie\" target=\"_self\">\n                            <img decoding=\"async\" src=\"https:\/\/www.kunesa.com\/wp-content\/uploads\/2021\/02\/Hotel-und-Gastronomie.jpg\" alt=\"H\u00f4tel\" title=\"H\u00f4tel\" \/>\n                            <div class=\"overlay\">&nbsp;<\/div>\n                            <div class=\"middle\">\n                                <span class=\"h2 title\">H\u00f4tel<\/span>\n                            <\/div>\n                        <\/a>\n                    <\/div>\n                <\/div>\n                            <div class=\"col-md-4 mt-5\">\n                    <div class=\"c-tile inverted\">\n                        <a href=\"\/fr\/hoga\/restauration\" target=\"_self\">\n                            <img decoding=\"async\" src=\"https:\/\/www.kunesa.com\/wp-content\/uploads\/2021\/02\/Startbild-Gastronomie.jpg\" alt=\"Restauration\" title=\"Restauration\" \/>\n                            <div class=\"overlay\">&nbsp;<\/div>\n                            <div class=\"middle\">\n                                <span class=\"h2 title\">Restauration<\/span>\n                            <\/div>\n                        <\/a>\n                    <\/div>\n                <\/div>\n                            <div class=\"col-md-4 mt-5\">\n                    <div class=\"c-tile inverted\">\n                        <a href=\"\/fr\/agencement\" target=\"_self\">\n                            <img decoding=\"async\" src=\"https:\/\/www.kunesa.com\/wp-content\/uploads\/2020\/06\/Ambiente.jpg\" alt=\"Agencement\" title=\"Agencement\" \/>\n                            <div class=\"overlay\">&nbsp;<\/div>\n                            <div class=\"middle\">\n                                <span class=\"h2 title\">Agencement<\/span>\n                            <\/div>\n                        <\/a>\n                    <\/div>\n                <\/div>\n                            <div class=\"col-md-4 mt-5\">\n                    <div class=\"c-tile inverted\">\n                        <a href=\"\/fr\/bureau\" target=\"_self\">\n                            <img decoding=\"async\" src=\"https:\/\/www.kunesa.com\/wp-content\/uploads\/2021\/04\/Bueroeinrichtungen.jpg\" alt=\"Bureau\" title=\"Bureau\" \/>\n                            <div class=\"overlay\">&nbsp;<\/div>\n                            <div class=\"middle\">\n                                <span class=\"h2 title\">Bureau<\/span>\n                            <\/div>\n                        <\/a>\n                    <\/div>\n                <\/div>\n                            <div class=\"col-md-4 mt-5\">\n                    <div class=\"c-tile inverted\">\n                        <a href=\"\/fr\/ambiance-pour-votre-maison\" target=\"_self\">\n                            <img decoding=\"async\" src=\"https:\/\/www.kunesa.com\/wp-content\/uploads\/2020\/06\/Planung-und-Entwicklung.jpg\" alt=\"Ambiance pour votre maison\" title=\"Ambiance pour votre maison\" \/>\n                            <div class=\"overlay\">&nbsp;<\/div>\n                            <div class=\"middle\">\n                                <span class=\"h2 title\">Ambiance pour votre maison<\/span>\n                            <\/div>\n                        <\/a>\n                    <\/div>\n                <\/div>\n                    <\/div>\n    <\/div>\n\n\n\n<\/div>","protected":false},"excerpt":{"rendered":"","protected":false},"author":1,"featured_media":0,"parent":0,"menu_order":3,"comment_status":"closed","ping_status":"closed","template":"page-blocks.php","meta":{"_acf_changed":false,"ngg_post_thumbnail":0,"footnotes":""},"class_list":["post-2555","page","type-page","status-publish"],"acf":[],"yoast_head":"<!-- This site is optimized with the Yoast SEO plugin v27.4 - https:\/\/yoast.com\/product\/yoast-seo-wordpress\/ -->\n<title>KUNESA Domaines d&#039;activit\u00e9 &#8211; Le succ\u00e8s peut s&#039;agencer.<\/title>\n<meta name=\"description\" content=\"Agencement m\u00e9dicaux \u2022 Agencement d&#039;h\u00f4tel et salle de restauration \u2022 Agencement \u2022 Ambiance pour votre maison \u2022 D\u00e9veloppement et production \u2022 Produits pour l&#039;apiculture\" \/>\n<meta name=\"robots\" content=\"index, follow, max-snippet:-1, max-image-preview:large, max-video-preview:-1\" \/>\n<link rel=\"canonical\" href=\"https:\/\/www.kunesa.com\/fr\/domaines-dactivite-performance\/\" \/>\n<meta property=\"og:locale\" content=\"fr_FR\" \/>\n<meta property=\"og:type\" content=\"article\" \/>\n<meta property=\"og:title\" content=\"KUNESA Domaines d&#039;activit\u00e9 &#8211; Le succ\u00e8s peut s&#039;agencer.\" \/>\n<meta property=\"og:description\" content=\"Agencement m\u00e9dicaux \u2022 Agencement d&#039;h\u00f4tel et salle de restauration \u2022 Agencement \u2022 Ambiance pour votre maison \u2022 D\u00e9veloppement et production \u2022 Produits pour l&#039;apiculture\" \/>\n<meta property=\"og:url\" content=\"https:\/\/www.kunesa.com\/fr\/domaines-dactivite-performance\/\" \/>\n<meta property=\"og:site_name\" content=\"KUNESA\" \/>\n<meta property=\"article:publisher\" content=\"https:\/\/www.facebook.com\/kunesa1912\/\" \/>\n<meta property=\"article:modified_time\" content=\"2023-01-19T10:34:57+00:00\" \/>\n<meta name=\"twitter:card\" content=\"summary_large_image\" \/>\n<script type=\"application\/ld+json\" class=\"yoast-schema-graph\">{\"@context\":\"https:\\\/\\\/schema.org\",\"@graph\":[{\"@type\":\"WebPage\",\"@id\":\"https:\\\/\\\/www.kunesa.com\\\/fr\\\/domaines-dactivite-performance\\\/\",\"url\":\"https:\\\/\\\/www.kunesa.com\\\/fr\\\/domaines-dactivite-performance\\\/\",\"name\":\"KUNESA Domaines d'activit\u00e9 &#8211; Le succ\u00e8s peut s'agencer.\",\"isPartOf\":{\"@id\":\"https:\\\/\\\/www.kunesa.com\\\/fr\\\/#website\"},\"datePublished\":\"2018-04-22T21:55:16+00:00\",\"dateModified\":\"2023-01-19T10:34:57+00:00\",\"description\":\"Agencement m\u00e9dicaux \u2022 Agencement d'h\u00f4tel et salle de restauration \u2022 Agencement \u2022 Ambiance pour votre maison \u2022 D\u00e9veloppement et production \u2022 Produits pour l'apiculture\",\"breadcrumb\":{\"@id\":\"https:\\\/\\\/www.kunesa.com\\\/fr\\\/domaines-dactivite-performance\\\/#breadcrumb\"},\"inLanguage\":\"fr-FR\",\"potentialAction\":[{\"@type\":\"ReadAction\",\"target\":[\"https:\\\/\\\/www.kunesa.com\\\/fr\\\/domaines-dactivite-performance\\\/\"]}]},{\"@type\":\"BreadcrumbList\",\"@id\":\"https:\\\/\\\/www.kunesa.com\\\/fr\\\/domaines-dactivite-performance\\\/#breadcrumb\",\"itemListElement\":[{\"@type\":\"ListItem\",\"position\":1,\"name\":\"Startseite\",\"item\":\"https:\\\/\\\/www.kunesa.com\\\/fr\\\/\"},{\"@type\":\"ListItem\",\"position\":2,\"name\":\"Domaines d&#8217;activit\u00e9\"}]},{\"@type\":\"WebSite\",\"@id\":\"https:\\\/\\\/www.kunesa.com\\\/fr\\\/#website\",\"url\":\"https:\\\/\\\/www.kunesa.com\\\/fr\\\/\",\"name\":\"KUNESA\",\"description\":\"\",\"publisher\":{\"@id\":\"https:\\\/\\\/www.kunesa.com\\\/fr\\\/#organization\"},\"potentialAction\":[{\"@type\":\"SearchAction\",\"target\":{\"@type\":\"EntryPoint\",\"urlTemplate\":\"https:\\\/\\\/www.kunesa.com\\\/fr\\\/?s={search_term_string}\"},\"query-input\":{\"@type\":\"PropertyValueSpecification\",\"valueRequired\":true,\"valueName\":\"search_term_string\"}}],\"inLanguage\":\"fr-FR\"},{\"@type\":\"Organization\",\"@id\":\"https:\\\/\\\/www.kunesa.com\\\/fr\\\/#organization\",\"name\":\"KUNESA GmbH\",\"url\":\"https:\\\/\\\/www.kunesa.com\\\/fr\\\/\",\"logo\":{\"@type\":\"ImageObject\",\"inLanguage\":\"fr-FR\",\"@id\":\"https:\\\/\\\/www.kunesa.com\\\/fr\\\/#\\\/schema\\\/logo\\\/image\\\/\",\"url\":\"https:\\\/\\\/www.kunesa.com\\\/wp-content\\\/uploads\\\/2018\\\/03\\\/kunesa_logo.png\",\"contentUrl\":\"https:\\\/\\\/www.kunesa.com\\\/wp-content\\\/uploads\\\/2018\\\/03\\\/kunesa_logo.png\",\"width\":125,\"height\":125,\"caption\":\"KUNESA GmbH\"},\"image\":{\"@id\":\"https:\\\/\\\/www.kunesa.com\\\/fr\\\/#\\\/schema\\\/logo\\\/image\\\/\"},\"sameAs\":[\"https:\\\/\\\/www.facebook.com\\\/kunesa1912\\\/\",\"https:\\\/\\\/www.youtube.com\\\/channel\\\/UCQjo0l0DTpzBhvIzwmzvI1g\"]}]}<\/script>\n<!-- \/ Yoast SEO plugin. -->","yoast_head_json":{"title":"KUNESA Domaines d'activit\u00e9 &#8211; Le succ\u00e8s peut s'agencer.","description":"Agencement m\u00e9dicaux \u2022 Agencement d'h\u00f4tel et salle de restauration \u2022 Agencement \u2022 Ambiance pour votre maison \u2022 D\u00e9veloppement et production \u2022 Produits pour l'apiculture","robots":{"index":"index","follow":"follow","max-snippet":"max-snippet:-1","max-image-preview":"max-image-preview:large","max-video-preview":"max-video-preview:-1"},"canonical":"https:\/\/www.kunesa.com\/fr\/domaines-dactivite-performance\/","og_locale":"fr_FR","og_type":"article","og_title":"KUNESA Domaines d'activit\u00e9 &#8211; Le succ\u00e8s peut s'agencer.","og_description":"Agencement m\u00e9dicaux \u2022 Agencement d'h\u00f4tel et salle de restauration \u2022 Agencement \u2022 Ambiance pour votre maison \u2022 D\u00e9veloppement et production \u2022 Produits pour l'apiculture","og_url":"https:\/\/www.kunesa.com\/fr\/domaines-dactivite-performance\/","og_site_name":"KUNESA","article_publisher":"https:\/\/www.facebook.com\/kunesa1912\/","article_modified_time":"2023-01-19T10:34:57+00:00","twitter_card":"summary_large_image","schema":{"@context":"https:\/\/schema.org","@graph":[{"@type":"WebPage","@id":"https:\/\/www.kunesa.com\/fr\/domaines-dactivite-performance\/","url":"https:\/\/www.kunesa.com\/fr\/domaines-dactivite-performance\/","name":"KUNESA Domaines d'activit\u00e9 &#8211; Le succ\u00e8s peut s'agencer.","isPartOf":{"@id":"https:\/\/www.kunesa.com\/fr\/#website"},"datePublished":"2018-04-22T21:55:16+00:00","dateModified":"2023-01-19T10:34:57+00:00","description":"Agencement m\u00e9dicaux \u2022 Agencement d'h\u00f4tel et salle de restauration \u2022 Agencement \u2022 Ambiance pour votre maison \u2022 D\u00e9veloppement et production \u2022 Produits pour l'apiculture","breadcrumb":{"@id":"https:\/\/www.kunesa.com\/fr\/domaines-dactivite-performance\/#breadcrumb"},"inLanguage":"fr-FR","potentialAction":[{"@type":"ReadAction","target":["https:\/\/www.kunesa.com\/fr\/domaines-dactivite-performance\/"]}]},{"@type":"BreadcrumbList","@id":"https:\/\/www.kunesa.com\/fr\/domaines-dactivite-performance\/#breadcrumb","itemListElement":[{"@type":"ListItem","position":1,"name":"Startseite","item":"https:\/\/www.kunesa.com\/fr\/"},{"@type":"ListItem","position":2,"name":"Domaines d&#8217;activit\u00e9"}]},{"@type":"WebSite","@id":"https:\/\/www.kunesa.com\/fr\/#website","url":"https:\/\/www.kunesa.com\/fr\/","name":"KUNESA","description":"","publisher":{"@id":"https:\/\/www.kunesa.com\/fr\/#organization"},"potentialAction":[{"@type":"SearchAction","target":{"@type":"EntryPoint","urlTemplate":"https:\/\/www.kunesa.com\/fr\/?s={search_term_string}"},"query-input":{"@type":"PropertyValueSpecification","valueRequired":true,"valueName":"search_term_string"}}],"inLanguage":"fr-FR"},{"@type":"Organization","@id":"https:\/\/www.kunesa.com\/fr\/#organization","name":"KUNESA GmbH","url":"https:\/\/www.kunesa.com\/fr\/","logo":{"@type":"ImageObject","inLanguage":"fr-FR","@id":"https:\/\/www.kunesa.com\/fr\/#\/schema\/logo\/image\/","url":"https:\/\/www.kunesa.com\/wp-content\/uploads\/2018\/03\/kunesa_logo.png","contentUrl":"https:\/\/www.kunesa.com\/wp-content\/uploads\/2018\/03\/kunesa_logo.png","width":125,"height":125,"caption":"KUNESA GmbH"},"image":{"@id":"https:\/\/www.kunesa.com\/fr\/#\/schema\/logo\/image\/"},"sameAs":["https:\/\/www.facebook.com\/kunesa1912\/","https:\/\/www.youtube.com\/channel\/UCQjo0l0DTpzBhvIzwmzvI1g"]}]}},"_links":{"self":[{"href":"https:\/\/www.kunesa.com\/fr\/wp-json\/wp\/v2\/pages\/2555","targetHints":{"allow":["GET"]}}],"collection":[{"href":"https:\/\/www.kunesa.com\/fr\/wp-json\/wp\/v2\/pages"}],"about":[{"href":"https:\/\/www.kunesa.com\/fr\/wp-json\/wp\/v2\/types\/page"}],"author":[{"embeddable":true,"href":"https:\/\/www.kunesa.com\/fr\/wp-json\/wp\/v2\/users\/1"}],"replies":[{"embeddable":true,"href":"https:\/\/www.kunesa.com\/fr\/wp-json\/wp\/v2\/comments?post=2555"}],"version-history":[{"count":21,"href":"https:\/\/www.kunesa.com\/fr\/wp-json\/wp\/v2\/pages\/2555\/revisions"}],"predecessor-version":[{"id":6674,"href":"https:\/\/www.kunesa.com\/fr\/wp-json\/wp\/v2\/pages\/2555\/revisions\/6674"}],"wp:attachment":[{"href":"https:\/\/www.kunesa.com\/fr\/wp-json\/wp\/v2\/media?parent=2555"}],"curies":[{"name":"wp","href":"https:\/\/api.w.org\/{rel}","templated":true}]}}