{"id":2561,"date":"2018-03-28T02:36:03","date_gmt":"2018-03-28T00:36:03","guid":{"rendered":"http:\/\/dev.kunesa.com\/carriere\/"},"modified":"2022-04-14T11:50:59","modified_gmt":"2022-04-14T09:50:59","slug":"carriere","status":"publish","type":"page","link":"https:\/\/www.kunesa.com\/fr\/carriere\/","title":{"rendered":"Carri\u00e8re"},"content":{"rendered":"<div class=\"entry\">\n\n\n    <div class=\"owl-carousel owl-image-carousel owl-theme no-loop\">\n        \n            <div class=\"owl-slide d-flex align-items-center cover\" style=\"background-image: url(https:\/\/www.kunesa.com\/wp-content\/uploads\/2020\/05\/Karriere-5.jpg);\">\n                <div class=\"slider-content static\">\n                    <div class=\"owl-slide-text\">\n                        <h1 class=\"owl-slide-animated owl-slide-title\">Carri\u00e8re<\/h1>\n\n                                                    <h2 class=\"owl-slide-animated owl-slide-subtitle mb-3\">Devenez membre de notre \u00e9quipe<\/h2>\n                                            <\/div>\n                <\/div>\n            <\/div><!--\/owl-slide-->\n\n            <\/div>\n\n\n    <div class=\"container mt-5\">\n        <div class=\"row\">\n\n            \n                <div class=\"col col-12 col-md-6 mb-5\">\n                    <article class=\"post-2561 page type-page status-publish\" itemscope itemtype=\"http:\/\/schema.org\/Article\">\n                        <a href=\"https:\/\/www.kunesa.com\/fr\/2022\/04\/26\/schreiner-tischler-m-w-d-fuer-maschinenraum-zuschnitt\/\" title=\"Schreiner\/ Tischler (m\/w\/d) f\u00fcr Maschinenraum\" class=\"anons-thumbnail show posts-block-thumbnail\">\n                            <img decoding=\"async\" src=\"https:\/\/www.kunesa.com\/wp-content\/uploads\/2021\/02\/IMG_2065-scaled.jpg\" alt=\"Schreiner\/ Tischler (m\/w\/d) f\u00fcr Maschinenraum\" title=\"Schreiner\/ Tischler (m\/w\/d) f\u00fcr Maschinenraum\" \/>\n                        <\/a>\n\n                        <h2><a href=\"https:\/\/www.kunesa.com\/fr\/2022\/04\/26\/schreiner-tischler-m-w-d-fuer-maschinenraum-zuschnitt\/\" title=\"Carri\u00e8re\">Schreiner\/ Tischler (m\/w\/d) f\u00fcr Maschinenraum<\/a><\/h2>\n                        Zur Verst\u00e4rkung unseres Teams suchen wir Sie ab sofort als Schreiner bzw. Tischler (m\/w\/d) f\u00fcr unseren Maschinenraum\/ Kante \/ Zuschnitt.&nbsp;\n                        <p class=\"more-link-box mt-3\">\n                            <a class=\"btn btn-more-link\" href=\"https:\/\/www.kunesa.com\/fr\/2022\/04\/26\/schreiner-tischler-m-w-d-fuer-maschinenraum-zuschnitt\/\">Weiterlesen<\/a>\n                        <\/p>\n                    <\/article>\n                <\/div>\n\n            \n                <div class=\"col col-12 col-md-6 mb-5\">\n                    <article class=\"post-2561 page type-page status-publish\" itemscope itemtype=\"http:\/\/schema.org\/Article\">\n                        <a href=\"https:\/\/www.kunesa.com\/fr\/2022\/04\/25\/schreiner-tischler-m-w-d-fuer-bankraum-und-montagen\/\" title=\"Schreiner\/ Tischler (m\/w\/d) f\u00fcr Bankraum und Montagen\" class=\"anons-thumbnail show posts-block-thumbnail\">\n                            <img decoding=\"async\" src=\"https:\/\/www.kunesa.com\/wp-content\/uploads\/2021\/02\/IMG_0535-scaled.jpeg\" alt=\"Schreiner\/ Tischler (m\/w\/d) f\u00fcr Bankraum und Montagen\" title=\"Schreiner\/ Tischler (m\/w\/d) f\u00fcr Bankraum und Montagen\" \/>\n                        <\/a>\n\n                        <h2><a href=\"https:\/\/www.kunesa.com\/fr\/2022\/04\/25\/schreiner-tischler-m-w-d-fuer-bankraum-und-montagen\/\" title=\"Carri\u00e8re\">Schreiner\/ Tischler (m\/w\/d) f\u00fcr Bankraum und Montagen<\/a><\/h2>\n                        Zur Verst\u00e4rkung unseres Teams suchen wir Sie ab sofort als Schreiner bzw. Tischler (m\/w\/d) f\u00fcr Bankraum und Montage mit hoher Reisebereitschaft.&nbsp;\n                        <p class=\"more-link-box mt-3\">\n                            <a class=\"btn btn-more-link\" href=\"https:\/\/www.kunesa.com\/fr\/2022\/04\/25\/schreiner-tischler-m-w-d-fuer-bankraum-und-montagen\/\">Weiterlesen<\/a>\n                        <\/p>\n                    <\/article>\n                <\/div>\n\n            \n                <div class=\"col col-12 col-md-6 mb-5\">\n                    <article class=\"post-2561 page type-page status-publish\" itemscope itemtype=\"http:\/\/schema.org\/Article\">\n                        <a href=\"https:\/\/www.kunesa.com\/fr\/2021\/02\/15\/ausbildung-zum-tischler-m-w-d\/\" title=\"Ausbildung zum Tischler (m\/w\/d)\" class=\"anons-thumbnail show posts-block-thumbnail\">\n                            <img decoding=\"async\" src=\"https:\/\/www.kunesa.com\/wp-content\/uploads\/2020\/05\/Karriere.jpg\" alt=\"Ausbildung zum Tischler (m\/w\/d)\" title=\"Ausbildung zum Tischler (m\/w\/d)\" \/>\n                        <\/a>\n\n                        <h2><a href=\"https:\/\/www.kunesa.com\/fr\/2021\/02\/15\/ausbildung-zum-tischler-m-w-d\/\" title=\"Carri\u00e8re\">Ausbildung zum Tischler (m\/w\/d)<\/a><\/h2>\n                        WERDE TISCHLER\/IN UND UNTERST\u00dcTZE UNSER TEAM! Wir freuen uns auf dich\n                        <p class=\"more-link-box mt-3\">\n                            <a class=\"btn btn-more-link\" href=\"https:\/\/www.kunesa.com\/fr\/2021\/02\/15\/ausbildung-zum-tischler-m-w-d\/\">Weiterlesen<\/a>\n                        <\/p>\n                    <\/article>\n                <\/div>\n\n            \n                <div class=\"col col-12 col-md-6 mb-5\">\n                    <article class=\"post-2561 page type-page status-publish\" itemscope itemtype=\"http:\/\/schema.org\/Article\">\n                        <a href=\"https:\/\/www.kunesa.com\/fr\/2021\/02\/15\/innenarchitekt-m-w-d-freiberuflich\/\" title=\"Innenarchitekt (m\/w\/d) - Freiberuflich\" class=\"anons-thumbnail show posts-block-thumbnail\">\n                            <img decoding=\"async\" src=\"https:\/\/www.kunesa.com\/wp-content\/uploads\/2021\/02\/architekten-1.jpg\" alt=\"Innenarchitekt (m\/w\/d) - Freiberuflich\" title=\"Innenarchitekt (m\/w\/d) - Freiberuflich\" \/>\n                        <\/a>\n\n                        <h2><a href=\"https:\/\/www.kunesa.com\/fr\/2021\/02\/15\/innenarchitekt-m-w-d-freiberuflich\/\" title=\"Carri\u00e8re\">Innenarchitekt (m\/w\/d) &#8211; Freiberuflich<\/a><\/h2>\n                        Zur Verst\u00e4rkung unseres Planungsteams suchen wir engagierte und planungssichere Innenarchitekten (m\/w\/d) in Nord- und S\u00fcddeutschland sowie in \u00d6sterreich, Frankreich und Luxembourg \u2013 als freie Mitarbeiter.\n                        <p class=\"more-link-box mt-3\">\n                            <a class=\"btn btn-more-link\" href=\"https:\/\/www.kunesa.com\/fr\/2021\/02\/15\/innenarchitekt-m-w-d-freiberuflich\/\">Weiterlesen<\/a>\n                        <\/p>\n                    <\/article>\n                <\/div>\n\n                    <\/div>\n    <\/div>\n\n\n<div class=\"content-alternate py-5\">\n    <div class=\"container content-box\">\n        <div class=\"row bg-kontur pt-5\">\n            <div class=\"col-md-4\">\n                <span class=\"content-box-title\">Int\u00e9ress\u00e9 ?<\/span>\n            <\/div>\n            <div class=\"col-md-8\">\n                <p><p>Wenn Du nicht nur Lust, sondern auch Motivation und Engagement mitbringst, solltest Du unbedingt unser Unternehmen und unser Team kennenlernen.<\/p><br \/>\r\n<p>Gemeinsam mit unseren rund 50 erfahrenen Mitarbeitern aus der Planung, Entwicklung, Holz-, Metall- und Kunststoffverarbeitung stellen wir f\u00fcr Kunden in Deutschland, Europa und der ganzen Welt individuelle, ma\u00dfgefertigte und l\u00f6sungsorientierte Produkte und Einrichtungen her.<\/p><br \/>\r\n<p>Fachkr\u00e4fte in den unterschiedlichen Bereichen von Design, Entwicklung, Produktion und Organisation finden bei uns ausgezeichnete berufliche Perspektiven.<\/p><br \/>\r\n<p>Wir freuen uns auf Deine Bewerbung.<\/p><br \/>\r\n<p><a title=\"Jetzt bewerben\" href=\"https:\/\/www.kunesa.com\/bewerbung\/\"><button class=\"btn btn-cta-contact\">JETZT BEWERBEN<\/button><\/a><\/p><\/p>\n            <\/div>\n        <\/div>\n    <\/div>\n<\/div>\n<div class=\"wp-block-columns is-layout-flex wp-container-core-columns-is-layout-9d6595d7 wp-block-columns-is-layout-flex\">\n<div class=\"wp-block-column is-layout-flow wp-block-column-is-layout-flow\">\n<div class=\"container\">\n    <div class=\"row\">\n                <div class=\"col-12 mt-5\">\n            <div class=\"c-tile inverted\">\n                <a href=\"javascript:window.print()\" target=\"_self\">\n                    <img decoding=\"async\" src=\"https:\/\/www.kunesa.com\/wp-content\/uploads\/2020\/05\/Drucken.jpg\" alt=\"Imprimer\" title=\"Imprimer\" \/>\n                    <div class=\"overlay\">&nbsp;<\/div>\n                    <div class=\"middle\">\n                        <span class=\"h2 title\">Imprimer<\/span>\n                    <\/div>\n                <\/a>\n            <\/div>\n        <\/div>\n    <\/div>\n<\/div>\n<\/div>\n\n\n\n<div class=\"wp-block-column is-layout-flow wp-block-column-is-layout-flow\">\n<div class=\"container\">\n    <div class=\"row\">\n                <div class=\"col-12 mt-5\">\n            <div class=\"c-tile inverted\">\n                <img decoding=\"async\" src=\"https:\/\/www.kunesa.com\/wp-content\/uploads\/2020\/05\/Teilen.jpg\" alt=\"Partager\" title=\"Partager\" \/>\n                <div class=\"overlay static\">&nbsp;<\/div>\n                <div class=\"middle\">\n                    <span class=\"h2 title\">Partager<\/span>\n                <\/div>\n                <div class=\"middle middle-hover inverted\">\n                    <div class=\"share-list\">\n                                                    <div class=\"share-media share-link\">\n                                <a href=\"https:\/\/www.facebook.com\/sharer.php?u=https%3A%2F%2Fwww.kunesa.com%2Fkarriere%2F&#038;t=Karriere%20bei%20KUNESA&#038;src=web\">\n                                    <img decoding=\"async\" src=\"https:\/\/www.kunesa.com\/wp-content\/uploads\/2020\/10\/facebook-131994968063369706_128.png\" alt=\"Facebook\" title=\"Facebook\" \/>\n                                <\/a>\n                            <\/div>\n                                                    <div class=\"share-media share-link\">\n                                <a href=\"https:\/\/twitter.com\/intent\/tweet?url=https%3A%2F%2Fwww.kunesa.com%2Fkarriere&#038;text=Karriere%20bei%20KUNESA\">\n                                    <img decoding=\"async\" src=\"https:\/\/www.kunesa.com\/wp-content\/uploads\/2020\/10\/socialtweettwittericon-1320192248146512175_128.png\" alt=\"Twitter\" title=\"Twitter\" \/>\n                                <\/a>\n                            <\/div>\n                                                    <div class=\"share-media share-link\">\n                                <a href=\"https:\/\/www.instagram.com\/kunesa.inneneinrichtung\/\">\n                                    <img decoding=\"async\" src=\"https:\/\/www.kunesa.com\/wp-content\/uploads\/2020\/10\/instagrammedianetworksocialsocialmediawebicon-1320137115356638607_128.png\" alt=\"Instagram\" title=\"Instagram\" \/>\n                                <\/a>\n                            <\/div>\n                                                    <div class=\"share-media share-link\">\n                                <a href=\"https:\/\/www.xing.com\/spi\/shares\/new?url=https%3A%2F%2Fwww.kunesa.com%2Fkarriere\">\n                                    <img decoding=\"async\" src=\"https:\/\/www.kunesa.com\/wp-content\/uploads\/2020\/10\/supertinyiconsxing-1324450798607978253_128.png\" alt=\"XING\" title=\"XING\" \/>\n                                <\/a>\n                            <\/div>\n                                            <\/div>\n                <\/div>\n            <\/div>\n        <\/div>\n    <\/div>\n<\/div>\n<\/div>\n\n\n\n<div class=\"wp-block-column is-layout-flow wp-block-column-is-layout-flow\">\n<div class=\"container\">\n    <div class=\"row\">\n                <div class=\"col-12 mt-5\">\n            <div class=\"c-tile inverted\">\n                <a href=\"\/kontakt\" target=\"_self\">\n                    <img decoding=\"async\" src=\"https:\/\/www.kunesa.com\/wp-content\/uploads\/2020\/06\/Bewerben.jpg\" alt=\"Postulez maintenant\" title=\"Postulez maintenant\" \/>\n                    <div class=\"overlay\">&nbsp;<\/div>\n                    <div class=\"middle\">\n                        <span class=\"h2 title\">Postulez maintenant<\/span>\n                    <\/div>\n                <\/a>\n            <\/div>\n        <\/div>\n    <\/div>\n<\/div>\n<\/div>\n<\/div>\n\n\n<\/div>","protected":false},"excerpt":{"rendered":"","protected":false},"author":1,"featured_media":0,"parent":0,"menu_order":60,"comment_status":"closed","ping_status":"closed","template":"page-blocks.php","meta":{"_acf_changed":false,"ngg_post_thumbnail":0,"footnotes":""},"class_list":["post-2561","page","type-page","status-publish"],"acf":[],"yoast_head":"<!-- This site is optimized with the Yoast SEO plugin v27.3 - https:\/\/yoast.com\/product\/yoast-seo-wordpress\/ -->\n<title>KUNESA Carri\u00e8re &#8211; Devient membre de notre \u00e9quipe.<\/title>\n<meta name=\"description\" content=\"Wenn Du nicht nur Lust, sondern auch Motivation und Engagement mitbringst, solltest Du unbedingt unser Unternehmen und unser Team kennenlernen.\" \/>\n<meta name=\"robots\" content=\"index, follow, max-snippet:-1, max-image-preview:large, max-video-preview:-1\" \/>\n<link rel=\"canonical\" href=\"https:\/\/www.kunesa.com\/fr\/carriere\/\" \/>\n<meta property=\"og:locale\" content=\"fr_FR\" \/>\n<meta property=\"og:type\" content=\"article\" \/>\n<meta property=\"og:title\" content=\"KUNESA Carri\u00e8re &#8211; Devient membre de notre \u00e9quipe.\" \/>\n<meta property=\"og:description\" content=\"Wenn Du nicht nur Lust, sondern auch Motivation und Engagement mitbringst, solltest Du unbedingt unser Unternehmen und unser Team kennenlernen.\" \/>\n<meta property=\"og:url\" content=\"https:\/\/www.kunesa.com\/fr\/carriere\/\" \/>\n<meta property=\"og:site_name\" content=\"KUNESA\" \/>\n<meta property=\"article:publisher\" content=\"https:\/\/www.facebook.com\/kunesa1912\/\" \/>\n<meta property=\"article:modified_time\" content=\"2022-04-14T09:50:59+00:00\" \/>\n<meta name=\"twitter:card\" content=\"summary_large_image\" \/>\n<script type=\"application\/ld+json\" class=\"yoast-schema-graph\">{\"@context\":\"https:\\\/\\\/schema.org\",\"@graph\":[{\"@type\":\"WebPage\",\"@id\":\"https:\\\/\\\/www.kunesa.com\\\/fr\\\/carriere\\\/\",\"url\":\"https:\\\/\\\/www.kunesa.com\\\/fr\\\/carriere\\\/\",\"name\":\"KUNESA Carri\u00e8re &#8211; Devient membre de notre \u00e9quipe.\",\"isPartOf\":{\"@id\":\"https:\\\/\\\/www.kunesa.com\\\/fr\\\/#website\"},\"datePublished\":\"2018-03-28T00:36:03+00:00\",\"dateModified\":\"2022-04-14T09:50:59+00:00\",\"description\":\"Wenn Du nicht nur Lust, sondern auch Motivation und Engagement mitbringst, solltest Du unbedingt unser Unternehmen und unser Team kennenlernen.\",\"breadcrumb\":{\"@id\":\"https:\\\/\\\/www.kunesa.com\\\/fr\\\/carriere\\\/#breadcrumb\"},\"inLanguage\":\"fr-FR\",\"potentialAction\":[{\"@type\":\"ReadAction\",\"target\":[\"https:\\\/\\\/www.kunesa.com\\\/fr\\\/carriere\\\/\"]}]},{\"@type\":\"BreadcrumbList\",\"@id\":\"https:\\\/\\\/www.kunesa.com\\\/fr\\\/carriere\\\/#breadcrumb\",\"itemListElement\":[{\"@type\":\"ListItem\",\"position\":1,\"name\":\"Startseite\",\"item\":\"https:\\\/\\\/www.kunesa.com\\\/fr\\\/\"},{\"@type\":\"ListItem\",\"position\":2,\"name\":\"Carri\u00e8re\"}]},{\"@type\":\"WebSite\",\"@id\":\"https:\\\/\\\/www.kunesa.com\\\/fr\\\/#website\",\"url\":\"https:\\\/\\\/www.kunesa.com\\\/fr\\\/\",\"name\":\"KUNESA\",\"description\":\"\",\"publisher\":{\"@id\":\"https:\\\/\\\/www.kunesa.com\\\/fr\\\/#organization\"},\"potentialAction\":[{\"@type\":\"SearchAction\",\"target\":{\"@type\":\"EntryPoint\",\"urlTemplate\":\"https:\\\/\\\/www.kunesa.com\\\/fr\\\/?s={search_term_string}\"},\"query-input\":{\"@type\":\"PropertyValueSpecification\",\"valueRequired\":true,\"valueName\":\"search_term_string\"}}],\"inLanguage\":\"fr-FR\"},{\"@type\":\"Organization\",\"@id\":\"https:\\\/\\\/www.kunesa.com\\\/fr\\\/#organization\",\"name\":\"KUNESA GmbH\",\"url\":\"https:\\\/\\\/www.kunesa.com\\\/fr\\\/\",\"logo\":{\"@type\":\"ImageObject\",\"inLanguage\":\"fr-FR\",\"@id\":\"https:\\\/\\\/www.kunesa.com\\\/fr\\\/#\\\/schema\\\/logo\\\/image\\\/\",\"url\":\"https:\\\/\\\/www.kunesa.com\\\/wp-content\\\/uploads\\\/2018\\\/03\\\/kunesa_logo.png\",\"contentUrl\":\"https:\\\/\\\/www.kunesa.com\\\/wp-content\\\/uploads\\\/2018\\\/03\\\/kunesa_logo.png\",\"width\":125,\"height\":125,\"caption\":\"KUNESA GmbH\"},\"image\":{\"@id\":\"https:\\\/\\\/www.kunesa.com\\\/fr\\\/#\\\/schema\\\/logo\\\/image\\\/\"},\"sameAs\":[\"https:\\\/\\\/www.facebook.com\\\/kunesa1912\\\/\",\"https:\\\/\\\/www.youtube.com\\\/channel\\\/UCQjo0l0DTpzBhvIzwmzvI1g\"]}]}<\/script>\n<!-- \/ Yoast SEO plugin. -->","yoast_head_json":{"title":"KUNESA Carri\u00e8re &#8211; Devient membre de notre \u00e9quipe.","description":"Wenn Du nicht nur Lust, sondern auch Motivation und Engagement mitbringst, solltest Du unbedingt unser Unternehmen und unser Team kennenlernen.","robots":{"index":"index","follow":"follow","max-snippet":"max-snippet:-1","max-image-preview":"max-image-preview:large","max-video-preview":"max-video-preview:-1"},"canonical":"https:\/\/www.kunesa.com\/fr\/carriere\/","og_locale":"fr_FR","og_type":"article","og_title":"KUNESA Carri\u00e8re &#8211; Devient membre de notre \u00e9quipe.","og_description":"Wenn Du nicht nur Lust, sondern auch Motivation und Engagement mitbringst, solltest Du unbedingt unser Unternehmen und unser Team kennenlernen.","og_url":"https:\/\/www.kunesa.com\/fr\/carriere\/","og_site_name":"KUNESA","article_publisher":"https:\/\/www.facebook.com\/kunesa1912\/","article_modified_time":"2022-04-14T09:50:59+00:00","twitter_card":"summary_large_image","schema":{"@context":"https:\/\/schema.org","@graph":[{"@type":"WebPage","@id":"https:\/\/www.kunesa.com\/fr\/carriere\/","url":"https:\/\/www.kunesa.com\/fr\/carriere\/","name":"KUNESA Carri\u00e8re &#8211; Devient membre de notre \u00e9quipe.","isPartOf":{"@id":"https:\/\/www.kunesa.com\/fr\/#website"},"datePublished":"2018-03-28T00:36:03+00:00","dateModified":"2022-04-14T09:50:59+00:00","description":"Wenn Du nicht nur Lust, sondern auch Motivation und Engagement mitbringst, solltest Du unbedingt unser Unternehmen und unser Team kennenlernen.","breadcrumb":{"@id":"https:\/\/www.kunesa.com\/fr\/carriere\/#breadcrumb"},"inLanguage":"fr-FR","potentialAction":[{"@type":"ReadAction","target":["https:\/\/www.kunesa.com\/fr\/carriere\/"]}]},{"@type":"BreadcrumbList","@id":"https:\/\/www.kunesa.com\/fr\/carriere\/#breadcrumb","itemListElement":[{"@type":"ListItem","position":1,"name":"Startseite","item":"https:\/\/www.kunesa.com\/fr\/"},{"@type":"ListItem","position":2,"name":"Carri\u00e8re"}]},{"@type":"WebSite","@id":"https:\/\/www.kunesa.com\/fr\/#website","url":"https:\/\/www.kunesa.com\/fr\/","name":"KUNESA","description":"","publisher":{"@id":"https:\/\/www.kunesa.com\/fr\/#organization"},"potentialAction":[{"@type":"SearchAction","target":{"@type":"EntryPoint","urlTemplate":"https:\/\/www.kunesa.com\/fr\/?s={search_term_string}"},"query-input":{"@type":"PropertyValueSpecification","valueRequired":true,"valueName":"search_term_string"}}],"inLanguage":"fr-FR"},{"@type":"Organization","@id":"https:\/\/www.kunesa.com\/fr\/#organization","name":"KUNESA GmbH","url":"https:\/\/www.kunesa.com\/fr\/","logo":{"@type":"ImageObject","inLanguage":"fr-FR","@id":"https:\/\/www.kunesa.com\/fr\/#\/schema\/logo\/image\/","url":"https:\/\/www.kunesa.com\/wp-content\/uploads\/2018\/03\/kunesa_logo.png","contentUrl":"https:\/\/www.kunesa.com\/wp-content\/uploads\/2018\/03\/kunesa_logo.png","width":125,"height":125,"caption":"KUNESA GmbH"},"image":{"@id":"https:\/\/www.kunesa.com\/fr\/#\/schema\/logo\/image\/"},"sameAs":["https:\/\/www.facebook.com\/kunesa1912\/","https:\/\/www.youtube.com\/channel\/UCQjo0l0DTpzBhvIzwmzvI1g"]}]}},"_links":{"self":[{"href":"https:\/\/www.kunesa.com\/fr\/wp-json\/wp\/v2\/pages\/2561","targetHints":{"allow":["GET"]}}],"collection":[{"href":"https:\/\/www.kunesa.com\/fr\/wp-json\/wp\/v2\/pages"}],"about":[{"href":"https:\/\/www.kunesa.com\/fr\/wp-json\/wp\/v2\/types\/page"}],"author":[{"embeddable":true,"href":"https:\/\/www.kunesa.com\/fr\/wp-json\/wp\/v2\/users\/1"}],"replies":[{"embeddable":true,"href":"https:\/\/www.kunesa.com\/fr\/wp-json\/wp\/v2\/comments?post=2561"}],"version-history":[{"count":11,"href":"https:\/\/www.kunesa.com\/fr\/wp-json\/wp\/v2\/pages\/2561\/revisions"}],"predecessor-version":[{"id":6440,"href":"https:\/\/www.kunesa.com\/fr\/wp-json\/wp\/v2\/pages\/2561\/revisions\/6440"}],"wp:attachment":[{"href":"https:\/\/www.kunesa.com\/fr\/wp-json\/wp\/v2\/media?parent=2561"}],"curies":[{"name":"wp","href":"https:\/\/api.w.org\/{rel}","templated":true}]}}