{"id":2832,"date":"2018-03-23T00:28:58","date_gmt":"2018-03-22T23:28:58","guid":{"rendered":"https:\/\/www.kunesa.com\/kunesa\/"},"modified":"2023-05-04T12:25:18","modified_gmt":"2023-05-04T10:25:18","slug":"kunesa","status":"publish","type":"page","link":"https:\/\/www.kunesa.com\/fr\/","title":{"rendered":"KUNESA"},"content":{"rendered":"<div class=\"entry\">\n\n\n\n        <div class=\"owl-carousel owl-video-carousel owl-theme no-loop\">\n\n        \n                \n                                    <div class=\"owl-slide d-flex align-items-center cover item video-item\">\n                        <video id=\"video\" autoplay=\"autoplay\" muted>\n                            <source src=\"https:\/\/www.kunesa.com\/wp-content\/uploads\/2021\/02\/start.mp4\" type=\"video\/mp4\">\n                        <\/video>\n                        <div class=\"slider-content static\">\n                            <div class=\"owl-slide-text\">\n                                <h1 class=\"owl-slide-animated owl-slide-title\">KUNESA<\/h1>\n\n                                                                    <h2 class=\"owl-slide-animated owl-slide-subtitle mb-3\">Int\u00e9rieur et produits<\/h2>\n                                                            <\/div>\n                        <\/div>\n                    <\/div>\n                        <\/div>\n    \n\n\n\n\n<div class=\"content-alternate py-5\">\n    <div class=\"container content-box\">\n        <div class=\"row bg-kontur pt-5\">\n            <div class=\"col-md-4\">\n                <span class=\"content-box-title\">Tradition, innovation, perfection depuis 1912<\/span>\n            <\/div>\n            <div class=\"col-md-8\">\n                <p><p style=\"text-align: left\">Chaque <a href=\"https:\/\/www.kunesa.com\/fr\/domaines-dactivite-performance\/\"><i><u>PROJET<\/u><\/i><\/a> a ses exigences,<br \/><br \/>\r\nChaque client personnalise ses id\u00e9es,<br \/><br \/>\r\nchaque approche requiet des mesures individuelles,<br \/><br \/>\r\nchaque \u00e9tape de travail doit etre bien cibl\u00e9e et correctement orient\u00e9e.<\/p><br \/>\r\n<p style=\"text-align: left\">Dans notre fabrication industrielle familiale, nous d\u00e9veloppons et fabriquons depuis plus de 100 ans des \u00e9quipements et produits individuels, sur mesure et solutions orient\u00e9s pour nos clients allemands, europ\u00e9ens et internationaux.<\/p><br \/>\r\n<p style=\"text-align: left\">Nos clients et partenaires internationaux appr\u00e9cient notre compr\u00e9hension de l&rsquo;\u00e9conomie, de l&rsquo;esth\u00e9tique, de la fonctionnalit\u00e9 et de la diversit\u00e9 du langage des mat\u00e9riaux.<br \/><br \/>\r\nNous savons r\u00e9pondre \u00e0 vos souhaits, des harmoniser avec des processus de travail optimis\u00e9s et mettre en \u0153uvre de mani\u00e8re professionnelle. <br \/><br \/>\r\nNous avons beaucoup d&rsquo;exp\u00e9rience dans ce que nous faisons.<\/p><br \/>\r\n<p style=\"text-align: left\"><b>Depuis 1912, nous transformons des projets de r\u00eave en v\u00e9ritables exp\u00e9riences,<br \/><br \/>\r\nqui non seulement paraissent bien, mais fonctionnent \u00e9galement une fois mis en \u0153uvre.<\/b><\/p><\/p>\n            <\/div>\n        <\/div>\n    <\/div>\n<\/div>\n\n\n\n\n    <div class=\"container mb-5\">\n        <div class=\"row\">\n                            <div class=\"col-md-4 mt-5\">\n                    <div class=\"c-tile inverted\">\n                        <a href=\"\/fr\/medi\" target=\"_self\">\n                            <img decoding=\"async\" src=\"https:\/\/www.kunesa.com\/wp-content\/uploads\/2020\/03\/Apotheke-am-Kelterplatz.jpg\" alt=\"Agencement M\u00e9dicaux\" title=\"Agencement M\u00e9dicaux\" \/>\n                            <div class=\"overlay\">&nbsp;<\/div>\n                            <div class=\"middle\">\n                                <span class=\"h2 title\">Agencement M\u00e9dicaux<\/span>\n                            <\/div>\n                        <\/a>\n                    <\/div>\n                <\/div>\n                            <div class=\"col-md-4 mt-5\">\n                    <div class=\"c-tile inverted\">\n                        <a href=\"\/fr\/hoga\" target=\"_self\">\n                            <img decoding=\"async\" src=\"https:\/\/www.kunesa.com\/wp-content\/uploads\/2018\/04\/1074_Changaee_03.jpg\" alt=\"Agencement d\u2019h\u00f4tel et salle de restauration\" title=\"Agencement d\u2019h\u00f4tel et salle de restauration\" \/>\n                            <div class=\"overlay\">&nbsp;<\/div>\n                            <div class=\"middle\">\n                                <span class=\"h2 title\">Agencement d\u2019h\u00f4tel et salle de restauration<\/span>\n                            <\/div>\n                        <\/a>\n                    <\/div>\n                <\/div>\n                            <div class=\"col-md-4 mt-5\">\n                    <div class=\"c-tile inverted\">\n                        <a href=\"\/fr\/agencement\" target=\"_self\">\n                            <img decoding=\"async\" src=\"https:\/\/www.kunesa.com\/wp-content\/uploads\/2020\/04\/Ambiente.jpg\" alt=\"Agencement\" title=\"Agencement\" \/>\n                            <div class=\"overlay\">&nbsp;<\/div>\n                            <div class=\"middle\">\n                                <span class=\"h2 title\">Agencement<\/span>\n                            <\/div>\n                        <\/a>\n                    <\/div>\n                <\/div>\n                            <div class=\"col-md-4 mt-5\">\n                    <div class=\"c-tile inverted\">\n                        <a href=\"\/fr\/ambiance-pour-votre-maison\" target=\"_self\">\n                            <img decoding=\"async\" src=\"https:\/\/www.kunesa.com\/wp-content\/uploads\/2020\/03\/Planungen.jpg\" alt=\"Ambiance pour votre maison\" title=\"Ambiance pour votre maison\" \/>\n                            <div class=\"overlay\">&nbsp;<\/div>\n                            <div class=\"middle\">\n                                <span class=\"h2 title\">Ambiance pour votre maison<\/span>\n                            <\/div>\n                        <\/a>\n                    <\/div>\n                <\/div>\n                            <div class=\"col-md-4 mt-5\">\n                    <div class=\"c-tile inverted\">\n                        <a href=\"\/fr\/techniques-de-production\" target=\"_self\">\n                            <img decoding=\"async\" src=\"https:\/\/www.kunesa.com\/wp-content\/uploads\/2020\/06\/PlanungEntwicklung.jpg\" alt=\"Techniques de production\" title=\"Techniques de production\" \/>\n                            <div class=\"overlay\">&nbsp;<\/div>\n                            <div class=\"middle\">\n                                <span class=\"h2 title\">Techniques de production<\/span>\n                            <\/div>\n                        <\/a>\n                    <\/div>\n                <\/div>\n                            <div class=\"col-md-4 mt-5\">\n                    <div class=\"c-tile inverted\">\n                        <a href=\"\/fr\/produits-pour-lapiculture\" target=\"_self\">\n                            <img decoding=\"async\" src=\"https:\/\/www.kunesa.com\/wp-content\/uploads\/2020\/06\/Imkereibedarf-2-e1619089788343.jpg\" alt=\"Initiative apicole\" title=\"Initiative apicole\" \/>\n                            <div class=\"overlay\">&nbsp;<\/div>\n                            <div class=\"middle\">\n                                <span class=\"h2 title\">Initiative apicole<\/span>\n                            <\/div>\n                        <\/a>\n                    <\/div>\n                <\/div>\n                    <\/div>\n    <\/div>\n\n\n\n\n<div class=\"content-alternate py-5\">\n    <div class=\"container content-box\">\n        <div class=\"row bg-kontur pt-5\">\n            <div class=\"col-md-4\">\n                <span class=\"content-box-title\">De la main. A la main.<\/span>\n            <\/div>\n            <div class=\"col-md-8\">\n                <p><p style=\"text-align: left\">Nous offrons \u00e0 nos clients tous les <a href=\"https:\/\/www.kunesa.com\/fr\/performances\/\"><em><span style=\"text-decoration: underline\">SERVICES<\/span><\/em><\/a> d&rsquo;une seule source &#8211; de l&rsquo;id\u00e9e \u00e0 la mise en \u0153uvre et au-del\u00e0, nous sommes \u00e0 vos c\u00f4t\u00e9s \u00e0 tout moment.<\/p><br \/>\r\n<p style=\"text-align: left\">Nos diverses <a href=\"https:\/\/www.kunesa.com\/fr\/techniques-de-production\/\"><em><span style=\"text-decoration: underline\">TECHNIQUES DE PRODUCTION<\/span><\/em><\/a> nous permettent de d\u00e9velopper et de produire sp\u00e9cifiquement des solutions individuelles et syst\u00e8me \u00e0 partir d&rsquo;une grande vari\u00e9t\u00e9 de mat\u00e9riaux.&nbsp;Dans notre entreprise familiale de 4 500 m\u00e8tres carr\u00e9s, nous transformons du bois, du m\u00e9tal et des plastiques.<br><br \/>\r\nNous disposons \u00e9galement de propre technologie de surface et atelier de peinture pour traiter tous les types de peinture.<br><br \/>\r\nNous utilisons les derni\u00e8res innovations de planification num\u00e9rique pour cr\u00e9er des dessins techniques, des animations de r\u00e9alit\u00e9 virtuelle et des repr\u00e9sentations photo-r\u00e9alistes ainsi que pour le prototypage.<\/p><br \/>\r\n<p style=\"text-align: left\">Notre recette du succ\u00e8s repose sur notre \u00e9quipe de 50 personnes. Chaque jour, ils mettent tout en \u0153uvre pour vous inspirer.&nbsp;Des vieux aux jeunes affam\u00e9s, ils poss\u00e8dent le savoir-faire appropri\u00e9 dans une grande vari\u00e9t\u00e9 de domaines de l&rsquo;artisanat et de la planification.<\/p><\/p>\n            <\/div>\n        <\/div>\n    <\/div>\n<\/div>\n\n\n    <div class=\"owl-carousel owl-content-carousel owl-theme content-theme\">\n        \n            <div class=\"owl-slide d-flex align-items-center cover\" style=\"background-image: url(https:\/\/www.kunesa.com\/wp-content\/uploads\/2021\/02\/Slider_Produktionstechniken-scaled.jpg);\">\n                <div class=\"slider-content static\">\n                    <div class=\"owl-slide-text\">\n                                                                            <span class=\"h3 subline owl-slide-subtitle mb-3\">TECHNIQUES DE PRODUCTION<\/span>\n                                                <div class=\"owl-slide-text mb-3\"> DIVERSE ET HAUTE QUALIT\u00c9<\/div>\n                    <\/div>\n                <\/div>\n            <\/div><!--\/owl-slide-->\n\n        \n            <div class=\"owl-slide d-flex align-items-center cover\" style=\"background-image: url(https:\/\/www.kunesa.com\/wp-content\/uploads\/2021\/02\/Slider_Apo-2-scaled.jpg);\">\n                <div class=\"slider-content static\">\n                    <div class=\"owl-slide-text\">\n                                                                            <span class=\"h3 subline owl-slide-subtitle mb-3\">PHARMACIE<\/span>\n                                                <div class=\"owl-slide-text mb-3\"> <\/div>\n                    <\/div>\n                <\/div>\n            <\/div><!--\/owl-slide-->\n\n        \n            <div class=\"owl-slide d-flex align-items-center cover\" style=\"background-image: url(https:\/\/www.kunesa.com\/wp-content\/uploads\/2021\/02\/Slider_Praxis-6-scaled.jpg);\">\n                <div class=\"slider-content static\">\n                    <div class=\"owl-slide-text\">\n                                                                            <span class=\"h3 subline owl-slide-subtitle mb-3\">CABINET M\u00c9DICAL<\/span>\n                                                <div class=\"owl-slide-text mb-3\"> <\/div>\n                    <\/div>\n                <\/div>\n            <\/div><!--\/owl-slide-->\n\n        \n            <div class=\"owl-slide d-flex align-items-center cover\" style=\"background-image: url(https:\/\/www.kunesa.com\/wp-content\/uploads\/2021\/02\/Slider_Hotel-scaled.jpg);\">\n                <div class=\"slider-content static\">\n                    <div class=\"owl-slide-text\">\n                                                                            <span class=\"h3 subline owl-slide-subtitle mb-3\">CLINIQUE ET LABORATOIRE<\/span>\n                                                <div class=\"owl-slide-text mb-3\"> <\/div>\n                    <\/div>\n                <\/div>\n            <\/div><!--\/owl-slide-->\n\n        \n            <div class=\"owl-slide d-flex align-items-center cover\" style=\"background-image: url(https:\/\/www.kunesa.com\/wp-content\/uploads\/2021\/02\/Slider_Appartement-scaled.jpg);\">\n                <div class=\"slider-content static\">\n                    <div class=\"owl-slide-text\">\n                                                                            <span class=\"h3 subline owl-slide-subtitle mb-3\">APPARTEMENT<\/span>\n                                                <div class=\"owl-slide-text mb-3\"> <\/div>\n                    <\/div>\n                <\/div>\n            <\/div><!--\/owl-slide-->\n\n        \n            <div class=\"owl-slide d-flex align-items-center cover\" style=\"background-image: url(https:\/\/www.kunesa.com\/wp-content\/uploads\/2021\/02\/Slider_MedSpa-scaled.jpg);\">\n                <div class=\"slider-content static\">\n                    <div class=\"owl-slide-text\">\n                                                                            <span class=\"h3 subline owl-slide-subtitle mb-3\">MEDICAL SPA<\/span>\n                                                <div class=\"owl-slide-text mb-3\"> <\/div>\n                    <\/div>\n                <\/div>\n            <\/div><!--\/owl-slide-->\n\n        \n            <div class=\"owl-slide d-flex align-items-center cover\" style=\"background-image: url(https:\/\/www.kunesa.com\/wp-content\/uploads\/2021\/02\/Slider_Labor-scaled.jpg);\">\n                <div class=\"slider-content static\">\n                    <div class=\"owl-slide-text\">\n                                                                            <span class=\"h3 subline owl-slide-subtitle mb-3\">CLINIQUE ET LABORATOIRE<\/span>\n                                                <div class=\"owl-slide-text mb-3\"> <\/div>\n                    <\/div>\n                <\/div>\n            <\/div><!--\/owl-slide-->\n\n        \n            <div class=\"owl-slide d-flex align-items-center cover\" style=\"background-image: url(https:\/\/www.kunesa.com\/wp-content\/uploads\/2021\/02\/Slider_Shop-scaled.jpg);\">\n                <div class=\"slider-content static\">\n                    <div class=\"owl-slide-text\">\n                                                                            <span class=\"h3 subline owl-slide-subtitle mb-3\">AGENCEMENT<\/span>\n                                                <div class=\"owl-slide-text mb-3\"> <\/div>\n                    <\/div>\n                <\/div>\n            <\/div><!--\/owl-slide-->\n\n        \n            <div class=\"owl-slide d-flex align-items-center cover\" style=\"background-image: url(https:\/\/www.kunesa.com\/wp-content\/uploads\/2021\/02\/Slider_Gastronomie-scaled.jpg);\">\n                <div class=\"slider-content static\">\n                    <div class=\"owl-slide-text\">\n                                                                            <span class=\"h3 subline owl-slide-subtitle mb-3\">RESTAURATION<\/span>\n                                                <div class=\"owl-slide-text mb-3\"> <\/div>\n                    <\/div>\n                <\/div>\n            <\/div><!--\/owl-slide-->\n\n            <\/div>\n\n\n\n\n<div class=\"container mb-5\">\n    <div class=\"row content-tile-container\">\n                <div class=\"col-md-4 mt-5\">\n            <div class=\"c-tile inverted\">\n                <a href=\"\/fr\/nouvelles\" target=\"_self\">\n                    <img decoding=\"async\" src=\"https:\/\/www.kunesa.com\/wp-content\/uploads\/2020\/03\/Aktuelles.jpg\"\n                         alt=\"Nouvelles\"\n                         title=\"Nouvelles\" \/>\n                    <div class=\"overlay\">&nbsp;<\/div>\n                    <div class=\"middle\">\n                        <span class=\"h2 title\">Nouvelles<\/span>\n                    <\/div>\n                <\/a>\n            <\/div>\n        <\/div>\n\n                <div class=\"col-md-4 mt-5\">\n            <div class=\"c-tile inverted\">\n                <a href=\"\/fr\/carriere\/\" target=\"_self\">\n                    <img decoding=\"async\" src=\"https:\/\/www.kunesa.com\/wp-content\/uploads\/2020\/05\/Karriere-5.jpg\"\n                         alt=\"Carri\u00e8re\"\n                         title=\"Carri\u00e8re\" \/>\n                    <div class=\"overlay\">&nbsp;<\/div>\n                    <div class=\"middle\">\n                        <span class=\"h2 title\">Carri\u00e8re<\/span>\n                    <\/div>\n                <\/a>\n            <\/div>\n        <\/div>\n\n                <div class=\"col-md-4 mt-5\">\n            <div class=\"c-tile\">\n                <div class=\"contact-tile\">\n                    <div class=\"maps-container\">\n                                            <\/div>\n\n                    <div class=\"contact-container\">\n                        <div class=\"row\">\n                            <div class=\"col-9 contact-box\">\n                                <p><span class=\"h2 title\">KONTAKT<\/span><\/p>\n<p>Trierer Stra\u00dfe 44<br \/>\n66709 Weiskirchen<\/p>\n<p class=\"align-center\"><strong>T&nbsp;&nbsp;&nbsp;+49 6876 706 0<\/strong><br \/>\n<strong> F&nbsp;&nbsp;&nbsp;+49 6876 706 19<\/strong><br \/>\n<strong> E&nbsp;&nbsp;&nbsp;<a href=\"mailto:email@kunesa.com\">email@kunesa.com<\/a><\/strong><\/p>\n                            <\/div>\n\n                            <div class=\"col-3 social-box\">\n                                <ul class=\"social-group\">\n                                    <li><a href=\"https:\/\/www.facebook.com\/kunesa1912\" class=\"social-facebook\" target=\"_blank\">&nbsp;<\/a><\/li>\n                                    <li><a href=\"https:\/\/www.linkedin.com\/company\/kunesa-gmbh\" class=\"social-linkedin\" target=\"_blank\">&nbsp;<\/a><\/li>\n                                    <li><a href=\"https:\/\/www.youtube.com\/channel\/UCQjo0l0DTpzBhvIzwmzvI1g\" class=\"social-youtube\" target=\"_blank\">&nbsp;<\/a><\/li>\n                                    <li><a href=\"https:\/\/www.instagram.com\/kunesa.inneneinrichtung\/\" class=\"social-instagram\" target=\"_blank\">&nbsp;<\/a><\/li>\n                                <\/ul>\n                            <\/div>\n                        <\/div>\n                    <\/div>\n                <\/div>\n            <\/div>\n        <\/div>\n    <\/div>\n<\/div>\n\n\n<\/div>","protected":false},"excerpt":{"rendered":"","protected":false},"author":1,"featured_media":0,"parent":0,"menu_order":1,"comment_status":"closed","ping_status":"closed","template":"page-blocks.php","meta":{"_acf_changed":false,"ngg_post_thumbnail":0,"footnotes":""},"class_list":["post-2832","page","type-page","status-publish"],"acf":[],"yoast_head":"<!-- This site is optimized with the Yoast SEO plugin v27.3 - https:\/\/yoast.com\/product\/yoast-seo-wordpress\/ -->\n<title>KUNESA &#8211; Le succ\u00e8s peut s&#039;agencer<\/title>\n<meta name=\"description\" content=\"Agencement d&#039;int\u00e9rieur et conception de produits \u2022 Colonnes de tiroirs \u2022 De la main a la main \u2022 individuel, fait sur mesure, orient\u00e9e r\u00e9sultats\" \/>\n<meta name=\"robots\" content=\"index, follow, max-snippet:-1, max-image-preview:large, max-video-preview:-1\" \/>\n<link rel=\"canonical\" href=\"https:\/\/www.kunesa.com\/fr\/\" \/>\n<meta property=\"og:locale\" content=\"fr_FR\" \/>\n<meta property=\"og:type\" content=\"article\" \/>\n<meta property=\"og:title\" content=\"KUNESA &#8211; Le succ\u00e8s peut s&#039;agencer\" \/>\n<meta property=\"og:description\" content=\"Agencement d&#039;int\u00e9rieur et conception de produits \u2022 Colonnes de tiroirs \u2022 De la main a la main \u2022 individuel, fait sur mesure, orient\u00e9e r\u00e9sultats\" \/>\n<meta property=\"og:url\" content=\"https:\/\/www.kunesa.com\/fr\/\" \/>\n<meta property=\"og:site_name\" content=\"KUNESA\" \/>\n<meta property=\"article:publisher\" content=\"https:\/\/www.facebook.com\/kunesa1912\/\" \/>\n<meta property=\"article:modified_time\" content=\"2023-05-04T10:25:18+00:00\" \/>\n<meta name=\"twitter:card\" content=\"summary_large_image\" \/>\n<script type=\"application\/ld+json\" class=\"yoast-schema-graph\">{\"@context\":\"https:\\\/\\\/schema.org\",\"@graph\":[{\"@type\":\"WebPage\",\"@id\":\"https:\\\/\\\/www.kunesa.com\\\/fr\\\/\",\"url\":\"https:\\\/\\\/www.kunesa.com\\\/fr\\\/\",\"name\":\"KUNESA &#8211; Le succ\u00e8s peut s'agencer\",\"isPartOf\":{\"@id\":\"https:\\\/\\\/www.kunesa.com\\\/fr\\\/#website\"},\"datePublished\":\"2018-03-22T23:28:58+00:00\",\"dateModified\":\"2023-05-04T10:25:18+00:00\",\"description\":\"Agencement d'int\u00e9rieur et conception de produits \u2022 Colonnes de tiroirs \u2022 De la main a la main \u2022 individuel, fait sur mesure, orient\u00e9e r\u00e9sultats\",\"breadcrumb\":{\"@id\":\"https:\\\/\\\/www.kunesa.com\\\/fr\\\/#breadcrumb\"},\"inLanguage\":\"fr-FR\",\"potentialAction\":[{\"@type\":\"ReadAction\",\"target\":[\"https:\\\/\\\/www.kunesa.com\\\/fr\\\/\"]}]},{\"@type\":\"BreadcrumbList\",\"@id\":\"https:\\\/\\\/www.kunesa.com\\\/fr\\\/#breadcrumb\",\"itemListElement\":[{\"@type\":\"ListItem\",\"position\":1,\"name\":\"Startseite\",\"item\":\"https:\\\/\\\/www.kunesa.com\\\/fr\\\/\"},{\"@type\":\"ListItem\",\"position\":2,\"name\":\"KUNESA\"}]},{\"@type\":\"WebSite\",\"@id\":\"https:\\\/\\\/www.kunesa.com\\\/fr\\\/#website\",\"url\":\"https:\\\/\\\/www.kunesa.com\\\/fr\\\/\",\"name\":\"KUNESA\",\"description\":\"\",\"publisher\":{\"@id\":\"https:\\\/\\\/www.kunesa.com\\\/fr\\\/#organization\"},\"potentialAction\":[{\"@type\":\"SearchAction\",\"target\":{\"@type\":\"EntryPoint\",\"urlTemplate\":\"https:\\\/\\\/www.kunesa.com\\\/fr\\\/?s={search_term_string}\"},\"query-input\":{\"@type\":\"PropertyValueSpecification\",\"valueRequired\":true,\"valueName\":\"search_term_string\"}}],\"inLanguage\":\"fr-FR\"},{\"@type\":\"Organization\",\"@id\":\"https:\\\/\\\/www.kunesa.com\\\/fr\\\/#organization\",\"name\":\"KUNESA GmbH\",\"url\":\"https:\\\/\\\/www.kunesa.com\\\/fr\\\/\",\"logo\":{\"@type\":\"ImageObject\",\"inLanguage\":\"fr-FR\",\"@id\":\"https:\\\/\\\/www.kunesa.com\\\/fr\\\/#\\\/schema\\\/logo\\\/image\\\/\",\"url\":\"https:\\\/\\\/www.kunesa.com\\\/wp-content\\\/uploads\\\/2018\\\/03\\\/kunesa_logo.png\",\"contentUrl\":\"https:\\\/\\\/www.kunesa.com\\\/wp-content\\\/uploads\\\/2018\\\/03\\\/kunesa_logo.png\",\"width\":125,\"height\":125,\"caption\":\"KUNESA GmbH\"},\"image\":{\"@id\":\"https:\\\/\\\/www.kunesa.com\\\/fr\\\/#\\\/schema\\\/logo\\\/image\\\/\"},\"sameAs\":[\"https:\\\/\\\/www.facebook.com\\\/kunesa1912\\\/\",\"https:\\\/\\\/www.youtube.com\\\/channel\\\/UCQjo0l0DTpzBhvIzwmzvI1g\"]}]}<\/script>\n<!-- \/ Yoast SEO plugin. -->","yoast_head_json":{"title":"KUNESA &#8211; Le succ\u00e8s peut s'agencer","description":"Agencement d'int\u00e9rieur et conception de produits \u2022 Colonnes de tiroirs \u2022 De la main a la main \u2022 individuel, fait sur mesure, orient\u00e9e r\u00e9sultats","robots":{"index":"index","follow":"follow","max-snippet":"max-snippet:-1","max-image-preview":"max-image-preview:large","max-video-preview":"max-video-preview:-1"},"canonical":"https:\/\/www.kunesa.com\/fr\/","og_locale":"fr_FR","og_type":"article","og_title":"KUNESA &#8211; Le succ\u00e8s peut s'agencer","og_description":"Agencement d'int\u00e9rieur et conception de produits \u2022 Colonnes de tiroirs \u2022 De la main a la main \u2022 individuel, fait sur mesure, orient\u00e9e r\u00e9sultats","og_url":"https:\/\/www.kunesa.com\/fr\/","og_site_name":"KUNESA","article_publisher":"https:\/\/www.facebook.com\/kunesa1912\/","article_modified_time":"2023-05-04T10:25:18+00:00","twitter_card":"summary_large_image","schema":{"@context":"https:\/\/schema.org","@graph":[{"@type":"WebPage","@id":"https:\/\/www.kunesa.com\/fr\/","url":"https:\/\/www.kunesa.com\/fr\/","name":"KUNESA &#8211; Le succ\u00e8s peut s'agencer","isPartOf":{"@id":"https:\/\/www.kunesa.com\/fr\/#website"},"datePublished":"2018-03-22T23:28:58+00:00","dateModified":"2023-05-04T10:25:18+00:00","description":"Agencement d'int\u00e9rieur et conception de produits \u2022 Colonnes de tiroirs \u2022 De la main a la main \u2022 individuel, fait sur mesure, orient\u00e9e r\u00e9sultats","breadcrumb":{"@id":"https:\/\/www.kunesa.com\/fr\/#breadcrumb"},"inLanguage":"fr-FR","potentialAction":[{"@type":"ReadAction","target":["https:\/\/www.kunesa.com\/fr\/"]}]},{"@type":"BreadcrumbList","@id":"https:\/\/www.kunesa.com\/fr\/#breadcrumb","itemListElement":[{"@type":"ListItem","position":1,"name":"Startseite","item":"https:\/\/www.kunesa.com\/fr\/"},{"@type":"ListItem","position":2,"name":"KUNESA"}]},{"@type":"WebSite","@id":"https:\/\/www.kunesa.com\/fr\/#website","url":"https:\/\/www.kunesa.com\/fr\/","name":"KUNESA","description":"","publisher":{"@id":"https:\/\/www.kunesa.com\/fr\/#organization"},"potentialAction":[{"@type":"SearchAction","target":{"@type":"EntryPoint","urlTemplate":"https:\/\/www.kunesa.com\/fr\/?s={search_term_string}"},"query-input":{"@type":"PropertyValueSpecification","valueRequired":true,"valueName":"search_term_string"}}],"inLanguage":"fr-FR"},{"@type":"Organization","@id":"https:\/\/www.kunesa.com\/fr\/#organization","name":"KUNESA GmbH","url":"https:\/\/www.kunesa.com\/fr\/","logo":{"@type":"ImageObject","inLanguage":"fr-FR","@id":"https:\/\/www.kunesa.com\/fr\/#\/schema\/logo\/image\/","url":"https:\/\/www.kunesa.com\/wp-content\/uploads\/2018\/03\/kunesa_logo.png","contentUrl":"https:\/\/www.kunesa.com\/wp-content\/uploads\/2018\/03\/kunesa_logo.png","width":125,"height":125,"caption":"KUNESA GmbH"},"image":{"@id":"https:\/\/www.kunesa.com\/fr\/#\/schema\/logo\/image\/"},"sameAs":["https:\/\/www.facebook.com\/kunesa1912\/","https:\/\/www.youtube.com\/channel\/UCQjo0l0DTpzBhvIzwmzvI1g"]}]}},"_links":{"self":[{"href":"https:\/\/www.kunesa.com\/fr\/wp-json\/wp\/v2\/pages\/2832","targetHints":{"allow":["GET"]}}],"collection":[{"href":"https:\/\/www.kunesa.com\/fr\/wp-json\/wp\/v2\/pages"}],"about":[{"href":"https:\/\/www.kunesa.com\/fr\/wp-json\/wp\/v2\/types\/page"}],"author":[{"embeddable":true,"href":"https:\/\/www.kunesa.com\/fr\/wp-json\/wp\/v2\/users\/1"}],"replies":[{"embeddable":true,"href":"https:\/\/www.kunesa.com\/fr\/wp-json\/wp\/v2\/comments?post=2832"}],"version-history":[{"count":40,"href":"https:\/\/www.kunesa.com\/fr\/wp-json\/wp\/v2\/pages\/2832\/revisions"}],"predecessor-version":[{"id":6860,"href":"https:\/\/www.kunesa.com\/fr\/wp-json\/wp\/v2\/pages\/2832\/revisions\/6860"}],"wp:attachment":[{"href":"https:\/\/www.kunesa.com\/fr\/wp-json\/wp\/v2\/media?parent=2832"}],"curies":[{"name":"wp","href":"https:\/\/api.w.org\/{rel}","templated":true}]}}