{"id":4259,"date":"2021-02-12T13:30:34","date_gmt":"2021-02-12T12:30:34","guid":{"rendered":"https:\/\/www.kunesa.com\/hotellerie-et-restauration\/"},"modified":"2023-05-02T18:13:24","modified_gmt":"2023-05-02T16:13:24","slug":"hoga","status":"publish","type":"page","link":"https:\/\/www.kunesa.com\/fr\/hoga\/","title":{"rendered":"H\u00f4tellerie et restauration"},"content":{"rendered":"<div class=\"entry\">\n\n\n    <div class=\"owl-carousel owl-image-carousel owl-theme no-loop\">\n        \n            <div class=\"owl-slide d-flex align-items-center cover\" style=\"background-image: url(https:\/\/www.kunesa.com\/wp-content\/uploads\/2021\/02\/hoga.jpg);\">\n                <div class=\"slider-content static\">\n                    <div class=\"owl-slide-text\">\n                        <h1 class=\"owl-slide-animated owl-slide-title\">H\u00f4tellerie et restauration<\/h1>\n\n                                                    <h2 class=\"owl-slide-animated owl-slide-subtitle mb-3\">H\u00f4tellerie, restauration, bien-\u00eatre et spa<\/h2>\n                                            <\/div>\n                <\/div>\n            <\/div><!--\/owl-slide-->\n\n            <\/div>\n\n\n\n\n<div class=\"content-alternate py-5\">\n    <div class=\"container content-box\">\n        <div class=\"row bg-kontur pt-5\">\n            <div class=\"col-md-4\">\n                <span class=\"content-box-title\">LE SUCC\u00c8S PEUT S\u00b4AGENCER<\/span>\n            <\/div>\n            <div class=\"col-md-8\">\n                <p>D\u00e9velopper avec notre \u00e9quipe de la planification, la production et l\u2019assemblage<br \/>\r\nNous fabriquons pour des clients en Allemagne, en Europe et dans le monde entier.<br \/>\r\nDes produits personnalis\u00e9s faits sur mesure. Avec des proc\u00e9d\u00e9s orient\u00e9s vers les objectifs et les solutions \u2013 du concept \u00e0 la r\u00e9alisation.<br \/>\r\n<br \/>\r\nNos diff\u00e9rentes options de production possible m\u00e9tal, plastique, bois et notre technologie de surface interne et notre atelier de peinture pour le traitement de tous types de peinture ainsi que les innovations de planification technique de la r\u00e9alit\u00e9 virtuelle au prototypage nous permettent de nous d\u00e9velopper de mani\u00e8re cibl\u00e9e en mati\u00e8re de production et de solutions individuelles et de syst\u00e8me.<br \/>\r\ndans les diff\u00e9rents mat\u00e9riaux.<\/p>\n            <\/div>\n        <\/div>\n    <\/div>\n<\/div>\n\n\n    <div class=\"container mb-5\">\n        <div class=\"row\">\n                            <div class=\"col-md-4 mt-5\">\n                    <div class=\"c-tile inverted\">\n                        <a href=\"\/fr\/hoga\/hotellerie\" target=\"_self\">\n                            <img decoding=\"async\" src=\"https:\/\/www.kunesa.com\/wp-content\/uploads\/2021\/02\/hotel-1.jpg\" alt=\"H\u00f4tellerie\" title=\"H\u00f4tellerie\" \/>\n                            <div class=\"overlay\">&nbsp;<\/div>\n                            <div class=\"middle\">\n                                <span class=\"h2 title\">H\u00f4tellerie<\/span>\n                            <\/div>\n                        <\/a>\n                    <\/div>\n                <\/div>\n                            <div class=\"col-md-4 mt-5\">\n                    <div class=\"c-tile inverted\">\n                        <a href=\"\/fr\/hoga\/restauration\" target=\"_self\">\n                            <img decoding=\"async\" src=\"https:\/\/www.kunesa.com\/wp-content\/uploads\/2021\/02\/gastronomie-1.jpg\" alt=\"Restauration\" title=\"Restauration\" \/>\n                            <div class=\"overlay\">&nbsp;<\/div>\n                            <div class=\"middle\">\n                                <span class=\"h2 title\">Restauration<\/span>\n                            <\/div>\n                        <\/a>\n                    <\/div>\n                <\/div>\n                            <div class=\"col-md-4 mt-5\">\n                    <div class=\"c-tile inverted\">\n                        <a href=\"\/fr\/hoga\/bien-etre-et-spa\" target=\"_self\">\n                            <img decoding=\"async\" src=\"https:\/\/www.kunesa.com\/wp-content\/uploads\/2021\/02\/wellness-1.jpg\" alt=\"Bien-\u00eatre et spa\" title=\"Bien-\u00eatre et spa\" \/>\n                            <div class=\"overlay\">&nbsp;<\/div>\n                            <div class=\"middle\">\n                                <span class=\"h2 title\">Bien-\u00eatre et spa<\/span>\n                            <\/div>\n                        <\/a>\n                    <\/div>\n                <\/div>\n                    <\/div>\n    <\/div>\n\n\n\n\n<div class=\"content-alternate py-5\">\n    <div class=\"container content-box\">\n        <div class=\"row bg-kontur pt-5\">\n            <div class=\"col-md-4\">\n                <span class=\"content-box-title\">De la main a la main.<\/span>\n            <\/div>\n            <div class=\"col-md-8\">\n                <p>PLANIFIER. INSTALLER. TOUT.<br \/>\r\n<br \/>\r\nNos installations individuelles, si individuel et diff\u00e9rent, sont nos clients et leurs exigences.<br \/>\r\n<br \/>\r\nSi vous planifiez uniquement,<br \/>\r\nLa fabrication et la livraison d\u2019une installation<br \/>\r\nou souhaitez que l\u2019ensemble de votre projet soit planifi\u00e9 et coordonn\u00e9<br \/>\r\ny compris tous les corps de m\u00e9tiers concern\u00e9s.<br \/>\r\n<br \/>\r\nNous vous proposons la bonne solution, individuelle, flexible et d\u2019une transparence maximale.<\/p>\n            <\/div>\n        <\/div>\n    <\/div>\n<\/div>\n\n\n<div class=\"container mb-5\">\n    <div class=\"row content-tile-container\">\n                <div class=\"col-md-4 mt-5\">\n            <div class=\"c-tile inverted\">\n                <a href=\"\/fr\/nouvelles\/\" target=\"_self\">\n                    <img decoding=\"async\" src=\"https:\/\/www.kunesa.com\/wp-content\/uploads\/2020\/03\/Aktuelles.jpg\"\n                         alt=\"Nouvelles\"\n                         title=\"Nouvelles\" \/>\n                    <div class=\"overlay\">&nbsp;<\/div>\n                    <div class=\"middle\">\n                        <span class=\"h2 title\">Nouvelles<\/span>\n                    <\/div>\n                <\/a>\n            <\/div>\n        <\/div>\n\n                <div class=\"col-md-4 mt-5\">\n            <div class=\"c-tile inverted\">\n                <a href=\"\/fr\/hotellerie-et-restauration\/portefeuille-de-produits\/\" target=\"_self\">\n                    <img decoding=\"async\" src=\"https:\/\/www.kunesa.com\/wp-content\/uploads\/2021\/02\/produktkatalog-1.jpg\"\n                         alt=\"Produits\"\n                         title=\"Produits\" \/>\n                    <div class=\"overlay\">&nbsp;<\/div>\n                    <div class=\"middle\">\n                        <span class=\"h2 title\">Produits<\/span>\n                    <\/div>\n                <\/a>\n            <\/div>\n        <\/div>\n\n                <div class=\"col-md-4 mt-5\">\n            <div class=\"c-tile\">\n                <div class=\"contact-tile\">\n                    <div class=\"maps-container\">\n                                            <\/div>\n\n                    <div class=\"contact-container\">\n                        <div class=\"row\">\n                            <div class=\"col-9 contact-box\">\n                                <p><span class=\"h2 title\">CONTACT<\/span><\/p>\n<p>5, Impasse les Sources<br \/>\n67320 Berg<\/p>\n<p class=\"align-center\"><strong>T&nbsp;&nbsp;&nbsp;+49 6876 706 0<\/strong><br \/>\n<strong>Fon&nbsp;&nbsp;&nbsp;+33 3 88 01 76 59<\/strong><br \/>\n<strong>Fax&nbsp;&nbsp;&nbsp;+33 9 70 63 17 19<\/strong><br \/>\n<strong>E&nbsp;&nbsp;&nbsp;<a>email@kunesa.com<\/a><\/strong><\/p>\n<p>&nbsp;<\/p>\n                            <\/div>\n\n                            <div class=\"col-3 social-box\">\n                                <ul class=\"social-group\">\n                                    <li><a href=\"https:\/\/www.facebook.com\/kunesa1912\" class=\"social-facebook\" target=\"_blank\">&nbsp;<\/a><\/li>\n                                    <li><a href=\"https:\/\/www.linkedin.com\/company\/kunesa-gmbh\" class=\"social-linkedin\" target=\"_blank\">&nbsp;<\/a><\/li>\n                                    <li><a href=\"https:\/\/www.youtube.com\/channel\/UCQjo0l0DTpzBhvIzwmzvI1g\" class=\"social-youtube\" target=\"_blank\">&nbsp;<\/a><\/li>\n                                    <li><a href=\"https:\/\/www.instagram.com\/kunesa.inneneinrichtung\/\" class=\"social-instagram\" target=\"_blank\">&nbsp;<\/a><\/li>\n                                <\/ul>\n                            <\/div>\n                        <\/div>\n                    <\/div>\n                <\/div>\n            <\/div>\n        <\/div>\n    <\/div>\n<\/div>\n\n\n<\/div>","protected":false},"excerpt":{"rendered":"","protected":false},"author":1,"featured_media":0,"parent":0,"menu_order":3,"comment_status":"closed","ping_status":"closed","template":"page-blocks.php","meta":{"_acf_changed":false,"ngg_post_thumbnail":0,"footnotes":""},"class_list":["post-4259","page","type-page","status-publish"],"acf":[],"yoast_head":"<!-- This site is optimized with the Yoast SEO plugin v27.5 - https:\/\/yoast.com\/product\/yoast-seo-wordpress\/ -->\n<title>H\u00f4tellerie et restauration &#8211; KUNESA<\/title>\n<meta name=\"robots\" content=\"index, follow, max-snippet:-1, max-image-preview:large, max-video-preview:-1\" \/>\n<link rel=\"canonical\" href=\"https:\/\/www.kunesa.com\/fr\/hoga\/\" \/>\n<meta property=\"og:locale\" content=\"fr_FR\" \/>\n<meta property=\"og:type\" content=\"article\" \/>\n<meta property=\"og:title\" content=\"H\u00f4tellerie et restauration &#8211; KUNESA\" \/>\n<meta property=\"og:url\" content=\"https:\/\/www.kunesa.com\/fr\/hoga\/\" \/>\n<meta property=\"og:site_name\" content=\"KUNESA\" \/>\n<meta property=\"article:publisher\" content=\"https:\/\/www.facebook.com\/kunesa1912\/\" \/>\n<meta property=\"article:modified_time\" content=\"2023-05-02T16:13:24+00:00\" \/>\n<meta name=\"twitter:card\" content=\"summary_large_image\" \/>\n<script type=\"application\/ld+json\" class=\"yoast-schema-graph\">{\"@context\":\"https:\\\/\\\/schema.org\",\"@graph\":[{\"@type\":\"WebPage\",\"@id\":\"https:\\\/\\\/www.kunesa.com\\\/fr\\\/hoga\\\/\",\"url\":\"https:\\\/\\\/www.kunesa.com\\\/fr\\\/hoga\\\/\",\"name\":\"H\u00f4tellerie et restauration &#8211; KUNESA\",\"isPartOf\":{\"@id\":\"https:\\\/\\\/www.kunesa.com\\\/fr\\\/#website\"},\"datePublished\":\"2021-02-12T12:30:34+00:00\",\"dateModified\":\"2023-05-02T16:13:24+00:00\",\"breadcrumb\":{\"@id\":\"https:\\\/\\\/www.kunesa.com\\\/fr\\\/hoga\\\/#breadcrumb\"},\"inLanguage\":\"fr-FR\",\"potentialAction\":[{\"@type\":\"ReadAction\",\"target\":[\"https:\\\/\\\/www.kunesa.com\\\/fr\\\/hoga\\\/\"]}]},{\"@type\":\"BreadcrumbList\",\"@id\":\"https:\\\/\\\/www.kunesa.com\\\/fr\\\/hoga\\\/#breadcrumb\",\"itemListElement\":[{\"@type\":\"ListItem\",\"position\":1,\"name\":\"Startseite\",\"item\":\"https:\\\/\\\/www.kunesa.com\\\/fr\\\/\"},{\"@type\":\"ListItem\",\"position\":2,\"name\":\"H\u00f4tellerie et restauration\"}]},{\"@type\":\"WebSite\",\"@id\":\"https:\\\/\\\/www.kunesa.com\\\/fr\\\/#website\",\"url\":\"https:\\\/\\\/www.kunesa.com\\\/fr\\\/\",\"name\":\"KUNESA\",\"description\":\"\",\"publisher\":{\"@id\":\"https:\\\/\\\/www.kunesa.com\\\/fr\\\/#organization\"},\"potentialAction\":[{\"@type\":\"SearchAction\",\"target\":{\"@type\":\"EntryPoint\",\"urlTemplate\":\"https:\\\/\\\/www.kunesa.com\\\/fr\\\/?s={search_term_string}\"},\"query-input\":{\"@type\":\"PropertyValueSpecification\",\"valueRequired\":true,\"valueName\":\"search_term_string\"}}],\"inLanguage\":\"fr-FR\"},{\"@type\":\"Organization\",\"@id\":\"https:\\\/\\\/www.kunesa.com\\\/fr\\\/#organization\",\"name\":\"KUNESA GmbH\",\"url\":\"https:\\\/\\\/www.kunesa.com\\\/fr\\\/\",\"logo\":{\"@type\":\"ImageObject\",\"inLanguage\":\"fr-FR\",\"@id\":\"https:\\\/\\\/www.kunesa.com\\\/fr\\\/#\\\/schema\\\/logo\\\/image\\\/\",\"url\":\"https:\\\/\\\/www.kunesa.com\\\/wp-content\\\/uploads\\\/2018\\\/03\\\/kunesa_logo.png\",\"contentUrl\":\"https:\\\/\\\/www.kunesa.com\\\/wp-content\\\/uploads\\\/2018\\\/03\\\/kunesa_logo.png\",\"width\":125,\"height\":125,\"caption\":\"KUNESA GmbH\"},\"image\":{\"@id\":\"https:\\\/\\\/www.kunesa.com\\\/fr\\\/#\\\/schema\\\/logo\\\/image\\\/\"},\"sameAs\":[\"https:\\\/\\\/www.facebook.com\\\/kunesa1912\\\/\",\"https:\\\/\\\/www.youtube.com\\\/channel\\\/UCQjo0l0DTpzBhvIzwmzvI1g\"]}]}<\/script>\n<!-- \/ Yoast SEO plugin. -->","yoast_head_json":{"title":"H\u00f4tellerie et restauration &#8211; KUNESA","robots":{"index":"index","follow":"follow","max-snippet":"max-snippet:-1","max-image-preview":"max-image-preview:large","max-video-preview":"max-video-preview:-1"},"canonical":"https:\/\/www.kunesa.com\/fr\/hoga\/","og_locale":"fr_FR","og_type":"article","og_title":"H\u00f4tellerie et restauration &#8211; KUNESA","og_url":"https:\/\/www.kunesa.com\/fr\/hoga\/","og_site_name":"KUNESA","article_publisher":"https:\/\/www.facebook.com\/kunesa1912\/","article_modified_time":"2023-05-02T16:13:24+00:00","twitter_card":"summary_large_image","schema":{"@context":"https:\/\/schema.org","@graph":[{"@type":"WebPage","@id":"https:\/\/www.kunesa.com\/fr\/hoga\/","url":"https:\/\/www.kunesa.com\/fr\/hoga\/","name":"H\u00f4tellerie et restauration &#8211; KUNESA","isPartOf":{"@id":"https:\/\/www.kunesa.com\/fr\/#website"},"datePublished":"2021-02-12T12:30:34+00:00","dateModified":"2023-05-02T16:13:24+00:00","breadcrumb":{"@id":"https:\/\/www.kunesa.com\/fr\/hoga\/#breadcrumb"},"inLanguage":"fr-FR","potentialAction":[{"@type":"ReadAction","target":["https:\/\/www.kunesa.com\/fr\/hoga\/"]}]},{"@type":"BreadcrumbList","@id":"https:\/\/www.kunesa.com\/fr\/hoga\/#breadcrumb","itemListElement":[{"@type":"ListItem","position":1,"name":"Startseite","item":"https:\/\/www.kunesa.com\/fr\/"},{"@type":"ListItem","position":2,"name":"H\u00f4tellerie et restauration"}]},{"@type":"WebSite","@id":"https:\/\/www.kunesa.com\/fr\/#website","url":"https:\/\/www.kunesa.com\/fr\/","name":"KUNESA","description":"","publisher":{"@id":"https:\/\/www.kunesa.com\/fr\/#organization"},"potentialAction":[{"@type":"SearchAction","target":{"@type":"EntryPoint","urlTemplate":"https:\/\/www.kunesa.com\/fr\/?s={search_term_string}"},"query-input":{"@type":"PropertyValueSpecification","valueRequired":true,"valueName":"search_term_string"}}],"inLanguage":"fr-FR"},{"@type":"Organization","@id":"https:\/\/www.kunesa.com\/fr\/#organization","name":"KUNESA GmbH","url":"https:\/\/www.kunesa.com\/fr\/","logo":{"@type":"ImageObject","inLanguage":"fr-FR","@id":"https:\/\/www.kunesa.com\/fr\/#\/schema\/logo\/image\/","url":"https:\/\/www.kunesa.com\/wp-content\/uploads\/2018\/03\/kunesa_logo.png","contentUrl":"https:\/\/www.kunesa.com\/wp-content\/uploads\/2018\/03\/kunesa_logo.png","width":125,"height":125,"caption":"KUNESA GmbH"},"image":{"@id":"https:\/\/www.kunesa.com\/fr\/#\/schema\/logo\/image\/"},"sameAs":["https:\/\/www.facebook.com\/kunesa1912\/","https:\/\/www.youtube.com\/channel\/UCQjo0l0DTpzBhvIzwmzvI1g"]}]}},"_links":{"self":[{"href":"https:\/\/www.kunesa.com\/fr\/wp-json\/wp\/v2\/pages\/4259","targetHints":{"allow":["GET"]}}],"collection":[{"href":"https:\/\/www.kunesa.com\/fr\/wp-json\/wp\/v2\/pages"}],"about":[{"href":"https:\/\/www.kunesa.com\/fr\/wp-json\/wp\/v2\/types\/page"}],"author":[{"embeddable":true,"href":"https:\/\/www.kunesa.com\/fr\/wp-json\/wp\/v2\/users\/1"}],"replies":[{"embeddable":true,"href":"https:\/\/www.kunesa.com\/fr\/wp-json\/wp\/v2\/comments?post=4259"}],"version-history":[{"count":15,"href":"https:\/\/www.kunesa.com\/fr\/wp-json\/wp\/v2\/pages\/4259\/revisions"}],"predecessor-version":[{"id":6853,"href":"https:\/\/www.kunesa.com\/fr\/wp-json\/wp\/v2\/pages\/4259\/revisions\/6853"}],"wp:attachment":[{"href":"https:\/\/www.kunesa.com\/fr\/wp-json\/wp\/v2\/media?parent=4259"}],"curies":[{"name":"wp","href":"https:\/\/api.w.org\/{rel}","templated":true}]}}