{"id":4277,"date":"2021-02-12T12:47:58","date_gmt":"2021-02-12T11:47:58","guid":{"rendered":"https:\/\/www.kunesa.com\/agencement-medicaux\/cabinets-medicaux\/"},"modified":"2022-03-05T14:16:12","modified_gmt":"2022-03-05T13:16:12","slug":"cabinets-medicaux","status":"publish","type":"page","link":"https:\/\/www.kunesa.com\/fr\/medi\/cabinets-medicaux\/","title":{"rendered":"Cabinets m\u00e9dicaux"},"content":{"rendered":"<div class=\"entry\">\n\n\n    <div class=\"owl-carousel owl-image-carousel owl-theme no-loop\">\n        \n            <div class=\"owl-slide d-flex align-items-center cover\" style=\"background-image: url(https:\/\/www.kunesa.com\/wp-content\/uploads\/2021\/02\/praxis-1.jpg);\">\n                <div class=\"slider-content static\">\n                    <div class=\"owl-slide-text\">\n                        <h1 class=\"owl-slide-animated owl-slide-title\">Agencement de cabinets m\u00e9dicaux<\/h1>\n\n                                            <\/div>\n                <\/div>\n            <\/div><!--\/owl-slide-->\n\n            <\/div>\n\n\n<div class=\"content-alternate py-5\">\n    <div class=\"container content-box\">\n        <div class=\"row bg-kontur pt-5\">\n            <div class=\"col-md-4\">\n                <span class=\"content-box-title\">Apparence chaleureuse et confortable<\/span>\n            <\/div>\n            <div class=\"col-md-8\">\n                <p>Un cabinet m\u00e9dical doit toujours avoir une apparence chaleureuse et confortable, parce que le patient ne ressent g\u00e9n\u00e9ralement pas cela, ou vient m\u00eame avec des peurs. Cela devrait \u00eatre contrecarr\u00e9 par de la couleur et la conception du mat\u00e9riau.<br \/>\r\n<br \/>\r\nLes concepts d\u2019agencement de KUNESA attachent une grande importance \u00e0 se concentrer sur les gens et leurs besoins.<br \/>\r\nCela s\u2019applique aux patients, \u00e9galement pour l\u2019\u00e9quipe m\u00e9dicale pour laquelle nous optimisons les processus de travail et l\u2019ergonomie. Combinez fonctionnalit\u00e9 et design dans un concept global.<\/p>\n            <\/div>\n        <\/div>\n    <\/div>\n<\/div>\n<div class=\"container mb-5\">\n    <div class=\"row\">\n                            <div class=\"col-md-4 mt-5\">\n                        <div id=\"reftile-47\">\n                            <p id=\"rm-47\" class=\"rm-reference-anchor\">&nbsp;<\/p>\n                            <div class=\"c-tile reference-tile\">\n                                <a href=\"\/fr\/medi\/references\/?g=groepspraktijk-sappemeer&#038;rl=[$1]fr[$1]wp-json[$1]wp[$1]v2[$1]pages[$1]4277&#038;ra=rm-47\" target=\"_self\">\n                                    <img decoding=\"async\" src=\"\/wp-content\/uploads\/sites\/1\/nggallery\/groepspraktijk-sappemeer\/Arztpraxis-Sappemeer-NL.jpg\"\n                                         alt=\"Groepspraktijk  Hoogezand\"\n                                         title=\"Groepspraktijk  Hoogezand\" \/>\n                                <\/a>\n                            <\/div>\n                            <div class=\"c-tile-under\">\n                                <p class=\"h2 title\">Groepspraktijk  Hoogezand<\/p>\n                                <p class=\"h3 subline\">Sappemeer<\/p>\n                            <\/div>\n                        <\/div>\n                    <\/div>\n                                    <div class=\"col-md-4 mt-5\">\n                        <div id=\"reftile-43\">\n                            <p id=\"rm-43\" class=\"rm-reference-anchor\">&nbsp;<\/p>\n                            <div class=\"c-tile reference-tile\">\n                                <a href=\"\/fr\/medi\/references\/?g=kieferorthopaedische-praxis-opladen&#038;rl=[$1]fr[$1]wp-json[$1]wp[$1]v2[$1]pages[$1]4277&#038;ra=rm-43\" target=\"_self\">\n                                    <img decoding=\"async\" src=\"\/wp-content\/uploads\/sites\/1\/nggallery\/kieferorthopaedische-praxis-opladen\/Kieferorthop\u00e4dische-Praxis1.jpg\"\n                                         alt=\"Kieferorthop\u00e4dische Praxis\"\n                                         title=\"Kieferorthop\u00e4dische Praxis\" \/>\n                                <\/a>\n                            <\/div>\n                            <div class=\"c-tile-under\">\n                                <p class=\"h2 title\">Kieferorthop\u00e4dische Praxis<\/p>\n                                <p class=\"h3 subline\">Opladen<\/p>\n                            <\/div>\n                        <\/div>\n                    <\/div>\n                                    <div class=\"col-md-4 mt-5\">\n                        <div id=\"reftile-51\">\n                            <p id=\"rm-51\" class=\"rm-reference-anchor\">&nbsp;<\/p>\n                            <div class=\"c-tile reference-tile\">\n                                <a href=\"\/fr\/medi\/references\/?g=zahnarztpraxis-friedrichsdorf&#038;rl=[$1]fr[$1]wp-json[$1]wp[$1]v2[$1]pages[$1]4277&#038;ra=rm-51\" target=\"_self\">\n                                    <img decoding=\"async\" src=\"\/wp-content\/uploads\/sites\/1\/nggallery\/zahnarztpraxis-friedrichsdorf\/DSC2510.jpg\"\n                                         alt=\"Zahnarztpraxis\"\n                                         title=\"Zahnarztpraxis\" \/>\n                                <\/a>\n                            <\/div>\n                            <div class=\"c-tile-under\">\n                                <p class=\"h2 title\">Zahnarztpraxis<\/p>\n                                <p class=\"h3 subline\">Friedrichsdorf<\/p>\n                            <\/div>\n                        <\/div>\n                    <\/div>\n                                    <div class=\"col-md-4 mt-5\">\n                        <div id=\"reftile-53\">\n                            <p id=\"rm-53\" class=\"rm-reference-anchor\">&nbsp;<\/p>\n                            <div class=\"c-tile reference-tile\">\n                                <a href=\"\/fr\/medi\/references\/?g=kardiologische-praxis-esch-sur-alzette-lux&#038;rl=[$1]fr[$1]wp-json[$1]wp[$1]v2[$1]pages[$1]4277&#038;ra=rm-53\" target=\"_self\">\n                                    <img decoding=\"async\" src=\"\/wp-content\/uploads\/sites\/1\/nggallery\/kardiologische-praxis-esch-sur-alzette-lux\/esch010.jpg\"\n                                         alt=\" Kardiologische Praxis\"\n                                         title=\" Kardiologische Praxis\" \/>\n                                <\/a>\n                            <\/div>\n                            <div class=\"c-tile-under\">\n                                <p class=\"h2 title\"> Kardiologische Praxis<\/p>\n                                <p class=\"h3 subline\">Esch-sur-Alzette (LUX)<\/p>\n                            <\/div>\n                        <\/div>\n                    <\/div>\n                                    <div class=\"col-md-4 mt-5\">\n                        <div id=\"reftile-52\">\n                            <p id=\"rm-52\" class=\"rm-reference-anchor\">&nbsp;<\/p>\n                            <div class=\"c-tile reference-tile\">\n                                <a href=\"\/fr\/medi\/references\/?g=tieraerzte-am-ruwerbach-weiskirchen&#038;rl=[$1]fr[$1]wp-json[$1]wp[$1]v2[$1]pages[$1]4277&#038;ra=rm-52\" target=\"_self\">\n                                    <img decoding=\"async\" src=\"\/wp-content\/uploads\/sites\/1\/nggallery\/tieraerzte-am-ruwerbach-weiskirchen\/IMG_4473.jpg\"\n                                         alt=\"Tier\u00e4rzte am Ruwerbach\"\n                                         title=\"Tier\u00e4rzte am Ruwerbach\" \/>\n                                <\/a>\n                            <\/div>\n                            <div class=\"c-tile-under\">\n                                <p class=\"h2 title\">Tier\u00e4rzte am Ruwerbach<\/p>\n                                <p class=\"h3 subline\">Weiskirchen<\/p>\n                            <\/div>\n                        <\/div>\n                    <\/div>\n                                    <div class=\"col-md-4 mt-5\">\n                        <div id=\"reftile-50\">\n                            <p id=\"rm-50\" class=\"rm-reference-anchor\">&nbsp;<\/p>\n                            <div class=\"c-tile reference-tile\">\n                                <a href=\"\/fr\/medi\/references\/?g=orthopaedie-amp-unfallchirurgie-im-medicenter-pirmasens&#038;rl=[$1]fr[$1]wp-json[$1]wp[$1]v2[$1]pages[$1]4277&#038;ra=rm-50\" target=\"_self\">\n                                    <img decoding=\"async\" src=\"\/wp-content\/uploads\/sites\/1\/nggallery\/orthopaedie-unfallchirurgie-im-medicenter-pirmasens\/11.jpg\"\n                                         alt=\"Orthop\u00e4die &amp; Unfallchirurgie im Medicenter\"\n                                         title=\"Orthop\u00e4die &amp; Unfallchirurgie im Medicenter\" \/>\n                                <\/a>\n                            <\/div>\n                            <div class=\"c-tile-under\">\n                                <p class=\"h2 title\">Orthop\u00e4die &amp; Unfallchirurgie im Medicenter<\/p>\n                                <p class=\"h3 subline\">Pirmasens<\/p>\n                            <\/div>\n                        <\/div>\n                    <\/div>\n                                    <div class=\"col-md-4 mt-5\">\n                        <div id=\"reftile-49\">\n                            <p id=\"rm-49\" class=\"rm-reference-anchor\">&nbsp;<\/p>\n                            <div class=\"c-tile reference-tile\">\n                                <a href=\"\/fr\/medi\/references\/?g=allgemeinmedizin-uchtelfangen&#038;rl=[$1]fr[$1]wp-json[$1]wp[$1]v2[$1]pages[$1]4277&#038;ra=rm-49\" target=\"_self\">\n                                    <img decoding=\"async\" src=\"\/wp-content\/uploads\/sites\/1\/nggallery\/allgemeinmedizin-uchtelfangen\/kissinger-01.jpg\"\n                                         alt=\"Allgemeinmedizin\"\n                                         title=\"Allgemeinmedizin\" \/>\n                                <\/a>\n                            <\/div>\n                            <div class=\"c-tile-under\">\n                                <p class=\"h2 title\">Allgemeinmedizin<\/p>\n                                <p class=\"h3 subline\">Uchtelfangen<\/p>\n                            <\/div>\n                        <\/div>\n                    <\/div>\n                    <\/div>\n<\/div>    <div class=\"container mb-5\">\n        <div class=\"row list-references\">\n            <div class=\"col-12 mb-3 text-center\">\n                <span class=\"h2 title mx-auto\">Weitere Referenzen<\/span>\n            <\/div>\n\n                            <div class=\"col-12 col-md-6 col-lg-3 mb-4 col-references\">\n                    <p><strong>A<\/strong><\/p>\n<p>Arztpraxis Roth &amp; Hartmann, Niederzerf<\/p>\n<p><strong>G<\/strong><\/p>\n<p>Gesundheitszentrum Prinsenhof, Utrecht<\/p>\n<p>Gemeinschaftspraxis Stein, Rodalben<\/p>\n                <\/div>\n                            <div class=\"col-12 col-md-6 col-lg-3 mb-4 col-references\">\n                    <p><strong>H<\/strong><\/p>\n<p>Hausarztpraxis de Linie, Doesburg<\/p>\n<p><strong>R<\/strong><\/p>\n<p>Residenz Leeuwenstijn, Soest<\/p>\n                <\/div>\n                            <div class=\"col-12 col-md-6 col-lg-3 mb-4 col-references\">\n                    <p><strong>S<\/strong><\/p>\n<p>Sch\u00f6nheitssalon, Bilthoven<\/p>\n<p><strong>U<\/strong><\/p>\n<p>Urologische Praxis Musa, Losheim<\/p>\n                <\/div>\n                            <div class=\"col-12 col-md-6 col-lg-3 mb-4 col-references\">\n                    <p><strong>Z<\/strong><\/p>\n<p>Zahnarztpraxis Dollmann, Niederzerf<\/p>\n                <\/div>\n                    <\/div>\n    <\/div>\n\n    <div class=\"container mb-5\">\n        <div class=\"row\">\n                            <div class=\"col-md-4 mt-5\">\n                    <div class=\"c-tile inverted\">\n                        <a href=\"\/fr\/medi\/3d-animation\" target=\"_self\">\n                            <img decoding=\"async\" src=\"https:\/\/www.kunesa.com\/wp-content\/uploads\/2021\/02\/apotheke_3d-1.jpg\" alt=\"3D Animation\" title=\"3D Animation\" \/>\n                            <div class=\"overlay\">&nbsp;<\/div>\n                            <div class=\"middle\">\n                                <span class=\"h2 title\">3D Animation<\/span>\n                            <\/div>\n                        <\/a>\n                    <\/div>\n                <\/div>\n                            <div class=\"col-md-4 mt-5\">\n                    <div class=\"c-tile inverted\">\n                        <a href=\"\/fr\/medi\/produits\" target=\"_self\">\n                            <img decoding=\"async\" src=\"https:\/\/www.kunesa.com\/wp-content\/uploads\/2021\/02\/produktkatalog-1.jpg\" alt=\"Produits\" title=\"Produits\" \/>\n                            <div class=\"overlay\">&nbsp;<\/div>\n                            <div class=\"middle\">\n                                <span class=\"h2 title\">Produits<\/span>\n                            <\/div>\n                        <\/a>\n                    <\/div>\n                <\/div>\n                            <div class=\"col-md-4 mt-5\">\n                    <div class=\"c-tile inverted\">\n                        <a href=\"\/fr\/medi\" target=\"_self\">\n                            <img decoding=\"async\" src=\"https:\/\/www.kunesa.com\/wp-content\/uploads\/2022\/02\/Nahetal-Apotheke-Bad-Kreuznacht1-1.jpg\" alt=\"Vue d'ensemble\" title=\"Vue d'ensemble\" \/>\n                            <div class=\"overlay\">&nbsp;<\/div>\n                            <div class=\"middle\">\n                                <span class=\"h2 title\">Vue d&rsquo;ensemble<\/span>\n                            <\/div>\n                        <\/a>\n                    <\/div>\n                <\/div>\n                    <\/div>\n    <\/div>\n\n\n\n<\/div>","protected":false},"excerpt":{"rendered":"","protected":false},"author":1,"featured_media":0,"parent":4269,"menu_order":2,"comment_status":"closed","ping_status":"closed","template":"page-blocks.php","meta":{"_acf_changed":false,"ngg_post_thumbnail":0,"footnotes":""},"class_list":["post-4277","page","type-page","status-publish"],"acf":[],"yoast_head":"<!-- This site is optimized with the Yoast SEO plugin v27.3 - https:\/\/yoast.com\/product\/yoast-seo-wordpress\/ -->\n<title>Cabinets m\u00e9dicaux &#8211; KUNESA<\/title>\n<meta name=\"robots\" content=\"index, follow, max-snippet:-1, max-image-preview:large, max-video-preview:-1\" \/>\n<link rel=\"canonical\" href=\"https:\/\/www.kunesa.com\/fr\/medi\/cabinets-medicaux\/\" \/>\n<meta property=\"og:locale\" content=\"fr_FR\" \/>\n<meta property=\"og:type\" content=\"article\" \/>\n<meta property=\"og:title\" content=\"Cabinets m\u00e9dicaux &#8211; KUNESA\" \/>\n<meta property=\"og:url\" content=\"https:\/\/www.kunesa.com\/fr\/medi\/cabinets-medicaux\/\" \/>\n<meta property=\"og:site_name\" content=\"KUNESA\" \/>\n<meta property=\"article:publisher\" content=\"https:\/\/www.facebook.com\/kunesa1912\/\" \/>\n<meta property=\"article:modified_time\" content=\"2022-03-05T13:16:12+00:00\" \/>\n<meta name=\"twitter:card\" content=\"summary_large_image\" \/>\n<script type=\"application\/ld+json\" class=\"yoast-schema-graph\">{\"@context\":\"https:\\\/\\\/schema.org\",\"@graph\":[{\"@type\":\"WebPage\",\"@id\":\"https:\\\/\\\/www.kunesa.com\\\/fr\\\/medi\\\/cabinets-medicaux\\\/\",\"url\":\"https:\\\/\\\/www.kunesa.com\\\/fr\\\/medi\\\/cabinets-medicaux\\\/\",\"name\":\"Cabinets m\u00e9dicaux &#8211; KUNESA\",\"isPartOf\":{\"@id\":\"https:\\\/\\\/www.kunesa.com\\\/fr\\\/#website\"},\"datePublished\":\"2021-02-12T11:47:58+00:00\",\"dateModified\":\"2022-03-05T13:16:12+00:00\",\"breadcrumb\":{\"@id\":\"https:\\\/\\\/www.kunesa.com\\\/fr\\\/medi\\\/cabinets-medicaux\\\/#breadcrumb\"},\"inLanguage\":\"fr-FR\",\"potentialAction\":[{\"@type\":\"ReadAction\",\"target\":[\"https:\\\/\\\/www.kunesa.com\\\/fr\\\/medi\\\/cabinets-medicaux\\\/\"]}]},{\"@type\":\"BreadcrumbList\",\"@id\":\"https:\\\/\\\/www.kunesa.com\\\/fr\\\/medi\\\/cabinets-medicaux\\\/#breadcrumb\",\"itemListElement\":[{\"@type\":\"ListItem\",\"position\":1,\"name\":\"Startseite\",\"item\":\"https:\\\/\\\/www.kunesa.com\\\/fr\\\/\"},{\"@type\":\"ListItem\",\"position\":2,\"name\":\"Agencement m\u00e9dicaux\",\"item\":\"https:\\\/\\\/www.kunesa.com\\\/fr\\\/medi\\\/\"},{\"@type\":\"ListItem\",\"position\":3,\"name\":\"Cabinets m\u00e9dicaux\"}]},{\"@type\":\"WebSite\",\"@id\":\"https:\\\/\\\/www.kunesa.com\\\/fr\\\/#website\",\"url\":\"https:\\\/\\\/www.kunesa.com\\\/fr\\\/\",\"name\":\"KUNESA\",\"description\":\"\",\"publisher\":{\"@id\":\"https:\\\/\\\/www.kunesa.com\\\/fr\\\/#organization\"},\"potentialAction\":[{\"@type\":\"SearchAction\",\"target\":{\"@type\":\"EntryPoint\",\"urlTemplate\":\"https:\\\/\\\/www.kunesa.com\\\/fr\\\/?s={search_term_string}\"},\"query-input\":{\"@type\":\"PropertyValueSpecification\",\"valueRequired\":true,\"valueName\":\"search_term_string\"}}],\"inLanguage\":\"fr-FR\"},{\"@type\":\"Organization\",\"@id\":\"https:\\\/\\\/www.kunesa.com\\\/fr\\\/#organization\",\"name\":\"KUNESA GmbH\",\"url\":\"https:\\\/\\\/www.kunesa.com\\\/fr\\\/\",\"logo\":{\"@type\":\"ImageObject\",\"inLanguage\":\"fr-FR\",\"@id\":\"https:\\\/\\\/www.kunesa.com\\\/fr\\\/#\\\/schema\\\/logo\\\/image\\\/\",\"url\":\"https:\\\/\\\/www.kunesa.com\\\/wp-content\\\/uploads\\\/2018\\\/03\\\/kunesa_logo.png\",\"contentUrl\":\"https:\\\/\\\/www.kunesa.com\\\/wp-content\\\/uploads\\\/2018\\\/03\\\/kunesa_logo.png\",\"width\":125,\"height\":125,\"caption\":\"KUNESA GmbH\"},\"image\":{\"@id\":\"https:\\\/\\\/www.kunesa.com\\\/fr\\\/#\\\/schema\\\/logo\\\/image\\\/\"},\"sameAs\":[\"https:\\\/\\\/www.facebook.com\\\/kunesa1912\\\/\",\"https:\\\/\\\/www.youtube.com\\\/channel\\\/UCQjo0l0DTpzBhvIzwmzvI1g\"]}]}<\/script>\n<!-- \/ Yoast SEO plugin. -->","yoast_head_json":{"title":"Cabinets m\u00e9dicaux &#8211; KUNESA","robots":{"index":"index","follow":"follow","max-snippet":"max-snippet:-1","max-image-preview":"max-image-preview:large","max-video-preview":"max-video-preview:-1"},"canonical":"https:\/\/www.kunesa.com\/fr\/medi\/cabinets-medicaux\/","og_locale":"fr_FR","og_type":"article","og_title":"Cabinets m\u00e9dicaux &#8211; KUNESA","og_url":"https:\/\/www.kunesa.com\/fr\/medi\/cabinets-medicaux\/","og_site_name":"KUNESA","article_publisher":"https:\/\/www.facebook.com\/kunesa1912\/","article_modified_time":"2022-03-05T13:16:12+00:00","twitter_card":"summary_large_image","schema":{"@context":"https:\/\/schema.org","@graph":[{"@type":"WebPage","@id":"https:\/\/www.kunesa.com\/fr\/medi\/cabinets-medicaux\/","url":"https:\/\/www.kunesa.com\/fr\/medi\/cabinets-medicaux\/","name":"Cabinets m\u00e9dicaux &#8211; KUNESA","isPartOf":{"@id":"https:\/\/www.kunesa.com\/fr\/#website"},"datePublished":"2021-02-12T11:47:58+00:00","dateModified":"2022-03-05T13:16:12+00:00","breadcrumb":{"@id":"https:\/\/www.kunesa.com\/fr\/medi\/cabinets-medicaux\/#breadcrumb"},"inLanguage":"fr-FR","potentialAction":[{"@type":"ReadAction","target":["https:\/\/www.kunesa.com\/fr\/medi\/cabinets-medicaux\/"]}]},{"@type":"BreadcrumbList","@id":"https:\/\/www.kunesa.com\/fr\/medi\/cabinets-medicaux\/#breadcrumb","itemListElement":[{"@type":"ListItem","position":1,"name":"Startseite","item":"https:\/\/www.kunesa.com\/fr\/"},{"@type":"ListItem","position":2,"name":"Agencement m\u00e9dicaux","item":"https:\/\/www.kunesa.com\/fr\/medi\/"},{"@type":"ListItem","position":3,"name":"Cabinets m\u00e9dicaux"}]},{"@type":"WebSite","@id":"https:\/\/www.kunesa.com\/fr\/#website","url":"https:\/\/www.kunesa.com\/fr\/","name":"KUNESA","description":"","publisher":{"@id":"https:\/\/www.kunesa.com\/fr\/#organization"},"potentialAction":[{"@type":"SearchAction","target":{"@type":"EntryPoint","urlTemplate":"https:\/\/www.kunesa.com\/fr\/?s={search_term_string}"},"query-input":{"@type":"PropertyValueSpecification","valueRequired":true,"valueName":"search_term_string"}}],"inLanguage":"fr-FR"},{"@type":"Organization","@id":"https:\/\/www.kunesa.com\/fr\/#organization","name":"KUNESA GmbH","url":"https:\/\/www.kunesa.com\/fr\/","logo":{"@type":"ImageObject","inLanguage":"fr-FR","@id":"https:\/\/www.kunesa.com\/fr\/#\/schema\/logo\/image\/","url":"https:\/\/www.kunesa.com\/wp-content\/uploads\/2018\/03\/kunesa_logo.png","contentUrl":"https:\/\/www.kunesa.com\/wp-content\/uploads\/2018\/03\/kunesa_logo.png","width":125,"height":125,"caption":"KUNESA GmbH"},"image":{"@id":"https:\/\/www.kunesa.com\/fr\/#\/schema\/logo\/image\/"},"sameAs":["https:\/\/www.facebook.com\/kunesa1912\/","https:\/\/www.youtube.com\/channel\/UCQjo0l0DTpzBhvIzwmzvI1g"]}]}},"_links":{"self":[{"href":"https:\/\/www.kunesa.com\/fr\/wp-json\/wp\/v2\/pages\/4277","targetHints":{"allow":["GET"]}}],"collection":[{"href":"https:\/\/www.kunesa.com\/fr\/wp-json\/wp\/v2\/pages"}],"about":[{"href":"https:\/\/www.kunesa.com\/fr\/wp-json\/wp\/v2\/types\/page"}],"author":[{"embeddable":true,"href":"https:\/\/www.kunesa.com\/fr\/wp-json\/wp\/v2\/users\/1"}],"replies":[{"embeddable":true,"href":"https:\/\/www.kunesa.com\/fr\/wp-json\/wp\/v2\/comments?post=4277"}],"version-history":[{"count":10,"href":"https:\/\/www.kunesa.com\/fr\/wp-json\/wp\/v2\/pages\/4277\/revisions"}],"predecessor-version":[{"id":6237,"href":"https:\/\/www.kunesa.com\/fr\/wp-json\/wp\/v2\/pages\/4277\/revisions\/6237"}],"up":[{"embeddable":true,"href":"https:\/\/www.kunesa.com\/fr\/wp-json\/wp\/v2\/pages\/4269"}],"wp:attachment":[{"href":"https:\/\/www.kunesa.com\/fr\/wp-json\/wp\/v2\/media?parent=4277"}],"curies":[{"name":"wp","href":"https:\/\/api.w.org\/{rel}","templated":true}]}}