{"id":4279,"date":"2021-02-12T12:48:38","date_gmt":"2021-02-12T11:48:38","guid":{"rendered":"https:\/\/www.kunesa.com\/agencement-medicaux\/clinique-et-laboratoire\/"},"modified":"2022-03-05T14:16:17","modified_gmt":"2022-03-05T13:16:17","slug":"clinique-et-laboratoire","status":"publish","type":"page","link":"https:\/\/www.kunesa.com\/fr\/medi\/clinique-et-laboratoire\/","title":{"rendered":"Clinique et Laboratoire"},"content":{"rendered":"<div class=\"entry\">\n\n\n    <div class=\"owl-carousel owl-image-carousel owl-theme no-loop\">\n        \n            <div class=\"owl-slide d-flex align-items-center cover\" style=\"background-image: url(https:\/\/www.kunesa.com\/wp-content\/uploads\/2021\/02\/labore.jpg);\">\n                <div class=\"slider-content static\">\n                    <div class=\"owl-slide-text\">\n                        <h1 class=\"owl-slide-animated owl-slide-title\">Agencement du Laboratoire et de Clinique<\/h1>\n\n                                            <\/div>\n                <\/div>\n            <\/div><!--\/owl-slide-->\n\n            <\/div>\n\n\n<div class=\"content-alternate py-5\">\n    <div class=\"container content-box\">\n        <div class=\"row bg-kontur pt-5\">\n            <div class=\"col-md-4\">\n                <span class=\"content-box-title\">Traitement de grande qualit\u00e9<\/span>\n            <\/div>\n            <div class=\"col-md-8\">\n                <p>L\u2019\u00e9quipement de laboratoire doit satisfaire aux exigences les plus \u00e9lev\u00e9es en ce qui concerne les contraintes chimiques et physiques.<br \/>\r\n<br \/>\r\nDes mat\u00e9riaux correctement par des professionnels garantissent une grande robustesse et durabilit\u00e9.<br \/>\r\n<br \/>\r\nL\u2019Equipe KUNESA a d\u00e9velopp\u00e9e un parfait concept pour un am\u00e9nagement des espaces avec un maximum de fonctionnalit\u00e9 pour un processus de travail et de communication.<\/p>\n            <\/div>\n        <\/div>\n    <\/div>\n<\/div>\n<div class=\"container mb-5\">\n    <div class=\"row\">\n                            <div class=\"col-md-4 mt-5\">\n                        <div id=\"reftile-54\">\n                            <p id=\"rm-54\" class=\"rm-reference-anchor\">&nbsp;<\/p>\n                            <div class=\"c-tile reference-tile\">\n                                <a href=\"\/fr\/medi\/references\/?g=fritsch-labor-idar-oberstein&#038;rl=[$1]fr[$1]wp-json[$1]wp[$1]v2[$1]pages[$1]4279&#038;ra=rm-54\" target=\"_self\">\n                                    <img decoding=\"async\" src=\"\/wp-content\/uploads\/sites\/1\/nggallery\/fritsch-labor-idar-oberstein\/Labor_druck.jpg\"\n                                         alt=\"Fritsch Labor\"\n                                         title=\"Fritsch Labor\" \/>\n                                <\/a>\n                            <\/div>\n                            <div class=\"c-tile-under\">\n                                <p class=\"h2 title\">Fritsch Labor<\/p>\n                                <p class=\"h3 subline\">Idar-Oberstein<\/p>\n                            <\/div>\n                        <\/div>\n                    <\/div>\n                                    <div class=\"col-md-4 mt-5\">\n                        <div id=\"reftile-55\">\n                            <p id=\"rm-55\" class=\"rm-reference-anchor\">&nbsp;<\/p>\n                            <div class=\"c-tile reference-tile\">\n                                <a href=\"\/fr\/medi\/references\/?g=redline-specialty-pharmacy-hastings-ne&#038;rl=[$1]fr[$1]wp-json[$1]wp[$1]v2[$1]pages[$1]4279&#038;ra=rm-55\" target=\"_self\">\n                                    <img decoding=\"async\" src=\"\/wp-content\/uploads\/sites\/1\/nggallery\/redline-specialty-pharmacy-hastings-ne\/KUNESA_Henri_Zimmerkollektion-min.jpg\"\n                                         alt=\"Redline Specialty Pharmacy\"\n                                         title=\"Redline Specialty Pharmacy\" \/>\n                                <\/a>\n                            <\/div>\n                            <div class=\"c-tile-under\">\n                                <p class=\"h2 title\">Redline Specialty Pharmacy<\/p>\n                                <p class=\"h3 subline\">Hastings (NE)<\/p>\n                            <\/div>\n                        <\/div>\n                    <\/div>\n                                    <div class=\"col-md-4 mt-5\">\n                        <div id=\"reftile-58\">\n                            <p id=\"rm-58\" class=\"rm-reference-anchor\">&nbsp;<\/p>\n                            <div class=\"c-tile reference-tile\">\n                                <a href=\"\/fr\/medi\/references\/?g=labor-in-der-sonnen-apotheke-menden&#038;rl=[$1]fr[$1]wp-json[$1]wp[$1]v2[$1]pages[$1]4279&#038;ra=rm-58\" target=\"_self\">\n                                    <img decoding=\"async\" src=\"\/wp-content\/uploads\/sites\/1\/nggallery\/labor-in-der-sonnen-apotheke-menden\/Sonnen-Apotheke-Menden2.jpg\"\n                                         alt=\"Labor in der Sonnen Apotheke\"\n                                         title=\"Labor in der Sonnen Apotheke\" \/>\n                                <\/a>\n                            <\/div>\n                            <div class=\"c-tile-under\">\n                                <p class=\"h2 title\">Labor in der Sonnen Apotheke<\/p>\n                                <p class=\"h3 subline\">Menden<\/p>\n                            <\/div>\n                        <\/div>\n                    <\/div>\n                                    <div class=\"col-md-4 mt-5\">\n                        <div id=\"reftile-104\">\n                            <p id=\"rm-104\" class=\"rm-reference-anchor\">&nbsp;<\/p>\n                            <div class=\"c-tile reference-tile\">\n                                <a href=\"\/fr\/medi\/references\/?g=stonegate-pharmacy-san-antonio&#038;rl=[$1]fr[$1]wp-json[$1]wp[$1]v2[$1]pages[$1]4279&#038;ra=rm-104\" target=\"_self\">\n                                    <img decoding=\"async\" src=\"\/wp-content\/uploads\/sites\/1\/nggallery\/stonegate-pharmacy-san-antonio\/StonegateLab.jpg\"\n                                         alt=\"Stonegate Pharmacy\"\n                                         title=\"Stonegate Pharmacy\" \/>\n                                <\/a>\n                            <\/div>\n                            <div class=\"c-tile-under\">\n                                <p class=\"h2 title\">Stonegate Pharmacy<\/p>\n                                <p class=\"h3 subline\">San Antonio<\/p>\n                            <\/div>\n                        <\/div>\n                    <\/div>\n                    <\/div>\n<\/div>\n    <div class=\"container mb-5\">\n        <div class=\"row\">\n                            <div class=\"col-md-4 mt-5\">\n                    <div class=\"c-tile inverted\">\n                        <a href=\"\/fr\/medi\/3d-animation\" target=\"_self\">\n                            <img decoding=\"async\" src=\"https:\/\/www.kunesa.com\/wp-content\/uploads\/2021\/02\/apotheke_3d-3.jpg\" alt=\"3D Animation\" title=\"3D Animation\" \/>\n                            <div class=\"overlay\">&nbsp;<\/div>\n                            <div class=\"middle\">\n                                <span class=\"h2 title\">3D Animation<\/span>\n                            <\/div>\n                        <\/a>\n                    <\/div>\n                <\/div>\n                            <div class=\"col-md-4 mt-5\">\n                    <div class=\"c-tile inverted\">\n                        <a href=\"\/fr\/medi\/produits\" target=\"_self\">\n                            <img decoding=\"async\" src=\"https:\/\/www.kunesa.com\/wp-content\/uploads\/2021\/02\/produktkatalog-2.jpg\" alt=\"Produits\" title=\"Produits\" \/>\n                            <div class=\"overlay\">&nbsp;<\/div>\n                            <div class=\"middle\">\n                                <span class=\"h2 title\">Produits<\/span>\n                            <\/div>\n                        <\/a>\n                    <\/div>\n                <\/div>\n                            <div class=\"col-md-4 mt-5\">\n                    <div class=\"c-tile inverted\">\n                        <a href=\"\/fr\/medi\" target=\"_self\">\n                            <img decoding=\"async\" src=\"https:\/\/www.kunesa.com\/wp-content\/uploads\/2022\/02\/Nahetal-Apotheke-Bad-Kreuznacht1-2.jpg\" alt=\"Vue d'ensemble\" title=\"Vue d'ensemble\" \/>\n                            <div class=\"overlay\">&nbsp;<\/div>\n                            <div class=\"middle\">\n                                <span class=\"h2 title\">Vue d&rsquo;ensemble<\/span>\n                            <\/div>\n                        <\/a>\n                    <\/div>\n                <\/div>\n                    <\/div>\n    <\/div>\n\n\n\n<\/div>","protected":false},"excerpt":{"rendered":"","protected":false},"author":1,"featured_media":0,"parent":4269,"menu_order":3,"comment_status":"closed","ping_status":"closed","template":"page-blocks.php","meta":{"_acf_changed":false,"ngg_post_thumbnail":0,"footnotes":""},"class_list":["post-4279","page","type-page","status-publish"],"acf":[],"yoast_head":"<!-- This site is optimized with the Yoast SEO plugin v27.4 - https:\/\/yoast.com\/product\/yoast-seo-wordpress\/ -->\n<title>Clinique et Laboratoire &#8211; KUNESA<\/title>\n<meta name=\"robots\" content=\"index, follow, max-snippet:-1, max-image-preview:large, max-video-preview:-1\" \/>\n<link rel=\"canonical\" href=\"https:\/\/www.kunesa.com\/fr\/medi\/clinique-et-laboratoire\/\" \/>\n<meta property=\"og:locale\" content=\"fr_FR\" \/>\n<meta property=\"og:type\" content=\"article\" \/>\n<meta property=\"og:title\" content=\"Clinique et Laboratoire &#8211; KUNESA\" \/>\n<meta property=\"og:url\" content=\"https:\/\/www.kunesa.com\/fr\/medi\/clinique-et-laboratoire\/\" \/>\n<meta property=\"og:site_name\" content=\"KUNESA\" \/>\n<meta property=\"article:publisher\" content=\"https:\/\/www.facebook.com\/kunesa1912\/\" \/>\n<meta property=\"article:modified_time\" content=\"2022-03-05T13:16:17+00:00\" \/>\n<meta name=\"twitter:card\" content=\"summary_large_image\" \/>\n<script type=\"application\/ld+json\" class=\"yoast-schema-graph\">{\"@context\":\"https:\\\/\\\/schema.org\",\"@graph\":[{\"@type\":\"WebPage\",\"@id\":\"https:\\\/\\\/www.kunesa.com\\\/fr\\\/medi\\\/clinique-et-laboratoire\\\/\",\"url\":\"https:\\\/\\\/www.kunesa.com\\\/fr\\\/medi\\\/clinique-et-laboratoire\\\/\",\"name\":\"Clinique et Laboratoire &#8211; KUNESA\",\"isPartOf\":{\"@id\":\"https:\\\/\\\/www.kunesa.com\\\/fr\\\/#website\"},\"datePublished\":\"2021-02-12T11:48:38+00:00\",\"dateModified\":\"2022-03-05T13:16:17+00:00\",\"breadcrumb\":{\"@id\":\"https:\\\/\\\/www.kunesa.com\\\/fr\\\/medi\\\/clinique-et-laboratoire\\\/#breadcrumb\"},\"inLanguage\":\"fr-FR\",\"potentialAction\":[{\"@type\":\"ReadAction\",\"target\":[\"https:\\\/\\\/www.kunesa.com\\\/fr\\\/medi\\\/clinique-et-laboratoire\\\/\"]}]},{\"@type\":\"BreadcrumbList\",\"@id\":\"https:\\\/\\\/www.kunesa.com\\\/fr\\\/medi\\\/clinique-et-laboratoire\\\/#breadcrumb\",\"itemListElement\":[{\"@type\":\"ListItem\",\"position\":1,\"name\":\"Startseite\",\"item\":\"https:\\\/\\\/www.kunesa.com\\\/fr\\\/\"},{\"@type\":\"ListItem\",\"position\":2,\"name\":\"Agencement m\u00e9dicaux\",\"item\":\"https:\\\/\\\/www.kunesa.com\\\/fr\\\/medi\\\/\"},{\"@type\":\"ListItem\",\"position\":3,\"name\":\"Clinique et Laboratoire\"}]},{\"@type\":\"WebSite\",\"@id\":\"https:\\\/\\\/www.kunesa.com\\\/fr\\\/#website\",\"url\":\"https:\\\/\\\/www.kunesa.com\\\/fr\\\/\",\"name\":\"KUNESA\",\"description\":\"\",\"publisher\":{\"@id\":\"https:\\\/\\\/www.kunesa.com\\\/fr\\\/#organization\"},\"potentialAction\":[{\"@type\":\"SearchAction\",\"target\":{\"@type\":\"EntryPoint\",\"urlTemplate\":\"https:\\\/\\\/www.kunesa.com\\\/fr\\\/?s={search_term_string}\"},\"query-input\":{\"@type\":\"PropertyValueSpecification\",\"valueRequired\":true,\"valueName\":\"search_term_string\"}}],\"inLanguage\":\"fr-FR\"},{\"@type\":\"Organization\",\"@id\":\"https:\\\/\\\/www.kunesa.com\\\/fr\\\/#organization\",\"name\":\"KUNESA GmbH\",\"url\":\"https:\\\/\\\/www.kunesa.com\\\/fr\\\/\",\"logo\":{\"@type\":\"ImageObject\",\"inLanguage\":\"fr-FR\",\"@id\":\"https:\\\/\\\/www.kunesa.com\\\/fr\\\/#\\\/schema\\\/logo\\\/image\\\/\",\"url\":\"https:\\\/\\\/www.kunesa.com\\\/wp-content\\\/uploads\\\/2018\\\/03\\\/kunesa_logo.png\",\"contentUrl\":\"https:\\\/\\\/www.kunesa.com\\\/wp-content\\\/uploads\\\/2018\\\/03\\\/kunesa_logo.png\",\"width\":125,\"height\":125,\"caption\":\"KUNESA GmbH\"},\"image\":{\"@id\":\"https:\\\/\\\/www.kunesa.com\\\/fr\\\/#\\\/schema\\\/logo\\\/image\\\/\"},\"sameAs\":[\"https:\\\/\\\/www.facebook.com\\\/kunesa1912\\\/\",\"https:\\\/\\\/www.youtube.com\\\/channel\\\/UCQjo0l0DTpzBhvIzwmzvI1g\"]}]}<\/script>\n<!-- \/ Yoast SEO plugin. -->","yoast_head_json":{"title":"Clinique et Laboratoire &#8211; KUNESA","robots":{"index":"index","follow":"follow","max-snippet":"max-snippet:-1","max-image-preview":"max-image-preview:large","max-video-preview":"max-video-preview:-1"},"canonical":"https:\/\/www.kunesa.com\/fr\/medi\/clinique-et-laboratoire\/","og_locale":"fr_FR","og_type":"article","og_title":"Clinique et Laboratoire &#8211; KUNESA","og_url":"https:\/\/www.kunesa.com\/fr\/medi\/clinique-et-laboratoire\/","og_site_name":"KUNESA","article_publisher":"https:\/\/www.facebook.com\/kunesa1912\/","article_modified_time":"2022-03-05T13:16:17+00:00","twitter_card":"summary_large_image","schema":{"@context":"https:\/\/schema.org","@graph":[{"@type":"WebPage","@id":"https:\/\/www.kunesa.com\/fr\/medi\/clinique-et-laboratoire\/","url":"https:\/\/www.kunesa.com\/fr\/medi\/clinique-et-laboratoire\/","name":"Clinique et Laboratoire &#8211; KUNESA","isPartOf":{"@id":"https:\/\/www.kunesa.com\/fr\/#website"},"datePublished":"2021-02-12T11:48:38+00:00","dateModified":"2022-03-05T13:16:17+00:00","breadcrumb":{"@id":"https:\/\/www.kunesa.com\/fr\/medi\/clinique-et-laboratoire\/#breadcrumb"},"inLanguage":"fr-FR","potentialAction":[{"@type":"ReadAction","target":["https:\/\/www.kunesa.com\/fr\/medi\/clinique-et-laboratoire\/"]}]},{"@type":"BreadcrumbList","@id":"https:\/\/www.kunesa.com\/fr\/medi\/clinique-et-laboratoire\/#breadcrumb","itemListElement":[{"@type":"ListItem","position":1,"name":"Startseite","item":"https:\/\/www.kunesa.com\/fr\/"},{"@type":"ListItem","position":2,"name":"Agencement m\u00e9dicaux","item":"https:\/\/www.kunesa.com\/fr\/medi\/"},{"@type":"ListItem","position":3,"name":"Clinique et Laboratoire"}]},{"@type":"WebSite","@id":"https:\/\/www.kunesa.com\/fr\/#website","url":"https:\/\/www.kunesa.com\/fr\/","name":"KUNESA","description":"","publisher":{"@id":"https:\/\/www.kunesa.com\/fr\/#organization"},"potentialAction":[{"@type":"SearchAction","target":{"@type":"EntryPoint","urlTemplate":"https:\/\/www.kunesa.com\/fr\/?s={search_term_string}"},"query-input":{"@type":"PropertyValueSpecification","valueRequired":true,"valueName":"search_term_string"}}],"inLanguage":"fr-FR"},{"@type":"Organization","@id":"https:\/\/www.kunesa.com\/fr\/#organization","name":"KUNESA GmbH","url":"https:\/\/www.kunesa.com\/fr\/","logo":{"@type":"ImageObject","inLanguage":"fr-FR","@id":"https:\/\/www.kunesa.com\/fr\/#\/schema\/logo\/image\/","url":"https:\/\/www.kunesa.com\/wp-content\/uploads\/2018\/03\/kunesa_logo.png","contentUrl":"https:\/\/www.kunesa.com\/wp-content\/uploads\/2018\/03\/kunesa_logo.png","width":125,"height":125,"caption":"KUNESA GmbH"},"image":{"@id":"https:\/\/www.kunesa.com\/fr\/#\/schema\/logo\/image\/"},"sameAs":["https:\/\/www.facebook.com\/kunesa1912\/","https:\/\/www.youtube.com\/channel\/UCQjo0l0DTpzBhvIzwmzvI1g"]}]}},"_links":{"self":[{"href":"https:\/\/www.kunesa.com\/fr\/wp-json\/wp\/v2\/pages\/4279","targetHints":{"allow":["GET"]}}],"collection":[{"href":"https:\/\/www.kunesa.com\/fr\/wp-json\/wp\/v2\/pages"}],"about":[{"href":"https:\/\/www.kunesa.com\/fr\/wp-json\/wp\/v2\/types\/page"}],"author":[{"embeddable":true,"href":"https:\/\/www.kunesa.com\/fr\/wp-json\/wp\/v2\/users\/1"}],"replies":[{"embeddable":true,"href":"https:\/\/www.kunesa.com\/fr\/wp-json\/wp\/v2\/comments?post=4279"}],"version-history":[{"count":9,"href":"https:\/\/www.kunesa.com\/fr\/wp-json\/wp\/v2\/pages\/4279\/revisions"}],"predecessor-version":[{"id":6240,"href":"https:\/\/www.kunesa.com\/fr\/wp-json\/wp\/v2\/pages\/4279\/revisions\/6240"}],"up":[{"embeddable":true,"href":"https:\/\/www.kunesa.com\/fr\/wp-json\/wp\/v2\/pages\/4269"}],"wp:attachment":[{"href":"https:\/\/www.kunesa.com\/fr\/wp-json\/wp\/v2\/media?parent=4279"}],"curies":[{"name":"wp","href":"https:\/\/api.w.org\/{rel}","templated":true}]}}