{"id":4281,"date":"2021-02-12T12:50:40","date_gmt":"2021-02-12T11:50:40","guid":{"rendered":"https:\/\/www.kunesa.com\/agencement\/"},"modified":"2023-05-04T12:44:22","modified_gmt":"2023-05-04T10:44:22","slug":"agencement","status":"publish","type":"page","link":"https:\/\/www.kunesa.com\/fr\/agencement\/","title":{"rendered":"Agencement"},"content":{"rendered":"<div class=\"entry\">\n\n\n    <div class=\"owl-carousel owl-image-carousel owl-theme no-loop\">\n        \n            <div class=\"owl-slide d-flex align-items-center cover\" style=\"background-image: url(https:\/\/www.kunesa.com\/wp-content\/uploads\/2021\/02\/objekteinrichtungen.jpg);\">\n                <div class=\"slider-content static\">\n                    <div class=\"owl-slide-text\">\n                        <h1 class=\"owl-slide-animated owl-slide-title\">Agencement<\/h1>\n\n                                                    <h2 class=\"owl-slide-animated owl-slide-subtitle mb-3\">Agencement int\u00e9rieur et les magasins<\/h2>\n                                            <\/div>\n                <\/div>\n            <\/div><!--\/owl-slide-->\n\n            <\/div>\n\n\n\n\n<div class=\"content-alternate py-5\">\n    <div class=\"container content-box\">\n        <div class=\"row bg-kontur pt-5\">\n            <div class=\"col-md-4\">\n                <span class=\"content-box-title\">Unique. Diff\u00e9rent.<\/span>\n            <\/div>\n            <div class=\"col-md-8\">\n                <p>En tant que sp\u00e9cialiste de l&rsquo;agencement moderne KUNESA vous prose des agencements uniques et diff\u00e9rents. Des exp\u00e9riences d&rsquo;ameublement avec des points forts sp\u00e9ciaux des passerelles bien pens\u00e9es et pr\u00e9sentations de produits convaincantes.De nombreux droguistes, opticiens, et diff\u00e9rents commerce de shops nous ont d\u00e9j\u00e0 fait confiance.Vous voulez vendre? Nous allons le configurer pour vous.<\/p>\n            <\/div>\n        <\/div>\n    <\/div>\n<\/div>\n\n\n<div class=\"container mb-5\">\n    <div class=\"row\">\n                            <div class=\"col-md-4 mt-5\">\n                        <div id=\"reftile-101\">\n                            <p id=\"rm-101\" class=\"rm-reference-anchor\">&nbsp;<\/p>\n                            <div class=\"c-tile reference-tile\">\n                                <a href=\"\/fr\/agencement\/references\/\/?g=das-meisterstueck-klagenfurt-at&#038;rl=[$1]fr[$1]wp-json[$1]wp[$1]v2[$1]pages[$1]4281&#038;ra=rm-101\" target=\"_self\">\n                                    <img decoding=\"async\" src=\"\/wp-content\/uploads\/sites\/1\/nggallery\/das-meisterstueck-klagenfurt-at\/DasMeisterstueck.00152.jpg\"\n                                         alt=\"Das Meisterst\u00fcck\"\n                                         title=\"Das Meisterst\u00fcck\" \/>\n                                <\/a>\n                            <\/div>\n                            <div class=\"c-tile-under\">\n                                <p class=\"h2 title\">Das Meisterst\u00fcck<\/p>\n                                <p class=\"h3 subline\">Klagenfurt (AT)<\/p>\n                            <\/div>\n                        <\/div>\n                    <\/div>\n                                    <div class=\"col-md-4 mt-5\">\n                        <div id=\"reftile-92\">\n                            <p id=\"rm-92\" class=\"rm-reference-anchor\">&nbsp;<\/p>\n                            <div class=\"c-tile reference-tile\">\n                                <a href=\"\/fr\/agencement\/references\/\/?g=mephisto-tours-cannes-nancy&#038;rl=[$1]fr[$1]wp-json[$1]wp[$1]v2[$1]pages[$1]4281&#038;ra=rm-92\" target=\"_self\">\n                                    <img decoding=\"async\" src=\"\/wp-content\/uploads\/sites\/1\/nggallery\/mephisto-tours-cannes-nancy\/IMAG0070.JPG\"\n                                         alt=\"Mephisto\"\n                                         title=\"Mephisto\" \/>\n                                <\/a>\n                            <\/div>\n                            <div class=\"c-tile-under\">\n                                <p class=\"h2 title\">Mephisto<\/p>\n                                <p class=\"h3 subline\">Tours &#8211; Cannes &#8211; Nancy<\/p>\n                            <\/div>\n                        <\/div>\n                    <\/div>\n                                    <div class=\"col-md-4 mt-5\">\n                        <div id=\"reftile-93\">\n                            <p id=\"rm-93\" class=\"rm-reference-anchor\">&nbsp;<\/p>\n                            <div class=\"c-tile reference-tile\">\n                                <a href=\"\/fr\/agencement\/references\/\/?g=sensilis-muenchen&#038;rl=[$1]fr[$1]wp-json[$1]wp[$1]v2[$1]pages[$1]4281&#038;ra=rm-93\" target=\"_self\">\n                                    <img decoding=\"async\" src=\"\/wp-content\/uploads\/sites\/1\/nggallery\/sensilis-muenchen\/IMG_4017.jpg\"\n                                         alt=\"Sensilis\"\n                                         title=\"Sensilis\" \/>\n                                <\/a>\n                            <\/div>\n                            <div class=\"c-tile-under\">\n                                <p class=\"h2 title\">Sensilis<\/p>\n                                <p class=\"h3 subline\">M\u00fcnchen<\/p>\n                            <\/div>\n                        <\/div>\n                    <\/div>\n                    <\/div>\n<\/div>\n\n\n<div class=\"content-alternate py-5\">\n    <div class=\"container content-box\">\n        <div class=\"row bg-kontur pt-5\">\n            <div class=\"col-md-4\">\n                <span class=\"content-box-title\">De la main. A la main.<\/span>\n            <\/div>\n            <div class=\"col-md-8\">\n                <p>PLANIFIER. INSTALLER. TOUT.<br \/>\r\n<br \/>\r\nNos installations individuelles, si individuel et diff\u00e9rent, sont nos clients et leurs exigences.<br \/>\r\n<br \/>\r\nSi vous planifiez uniquement,<br \/>\r\nLa fabrication et la livraison d&rsquo;une installation<br \/>\r\nou souhaitez que l&rsquo;ensemble de votre projet soit planifi\u00e9 et coordonn\u00e9<br \/>\r\ny compris tous les corps de m\u00e9tiers concern\u00e9s.<br \/>\r\n<br \/>\r\nNous vous proposons la bonne solution, individuelle, flexible et d&rsquo;une transparence maximale.<\/p>\n            <\/div>\n        <\/div>\n    <\/div>\n<\/div>\n\n\n<div class=\"container mb-5\">\n    <div class=\"row content-tile-container\">\n                <div class=\"col-md-4 mt-5\">\n            <div class=\"c-tile inverted\">\n                <a href=\"\/fr\/nouvelles\/\" target=\"_self\">\n                    <img decoding=\"async\" src=\"https:\/\/www.kunesa.com\/wp-content\/uploads\/2020\/03\/Aktuelles.jpg\"\n                         alt=\"Nouvelles\"\n                         title=\"Nouvelles\" \/>\n                    <div class=\"overlay\">&nbsp;<\/div>\n                    <div class=\"middle\">\n                        <span class=\"h2 title\">Nouvelles<\/span>\n                    <\/div>\n                <\/a>\n            <\/div>\n        <\/div>\n\n                <div class=\"col-md-4 mt-5\">\n            <div class=\"c-tile inverted\">\n                <a href=\"\/fr\/carriere\" target=\"_self\">\n                    <img decoding=\"async\" src=\"https:\/\/www.kunesa.com\/wp-content\/uploads\/2020\/05\/Karriere-5.jpg\"\n                         alt=\"Carri\u00e8re\"\n                         title=\"Carri\u00e8re\" \/>\n                    <div class=\"overlay\">&nbsp;<\/div>\n                    <div class=\"middle\">\n                        <span class=\"h2 title\">Carri\u00e8re<\/span>\n                    <\/div>\n                <\/a>\n            <\/div>\n        <\/div>\n\n                <div class=\"col-md-4 mt-5\">\n            <div class=\"c-tile\">\n                <div class=\"contact-tile\">\n                    <div class=\"maps-container\">\n                                            <\/div>\n\n                    <div class=\"contact-container\">\n                        <div class=\"row\">\n                            <div class=\"col-9 contact-box\">\n                                <p><span class=\"h2 title\">CONTACT<\/span><\/p>\n<p>5, Impasse les Sources<br \/>\n67320 Berg<\/p>\n<p class=\"align-center\"><strong>Fon +33 3 88 01 76 59<\/strong><br \/>\n<strong> Fax +33 9 70 63 17 19<\/strong><br \/>\n<strong> E   <a href=\"mailto:yves-joswig@kunesafrance.fr\">email@kunesa.com<\/a><\/strong><\/p>\n                            <\/div>\n\n                            <div class=\"col-3 social-box\">\n                                <ul class=\"social-group\">\n                                    <li><a href=\"https:\/\/www.facebook.com\/kunesa1912\" class=\"social-facebook\" target=\"_blank\">&nbsp;<\/a><\/li>\n                                    <li><a href=\"https:\/\/www.linkedin.com\/company\/kunesa-gmbh\" class=\"social-linkedin\" target=\"_blank\">&nbsp;<\/a><\/li>\n                                    <li><a href=\"https:\/\/www.youtube.com\/channel\/UCQjo0l0DTpzBhvIzwmzvI1g\" class=\"social-youtube\" target=\"_blank\">&nbsp;<\/a><\/li>\n                                    <li><a href=\"https:\/\/www.instagram.com\/kunesa.inneneinrichtung\/\" class=\"social-instagram\" target=\"_blank\">&nbsp;<\/a><\/li>\n                                <\/ul>\n                            <\/div>\n                        <\/div>\n                    <\/div>\n                <\/div>\n            <\/div>\n        <\/div>\n    <\/div>\n<\/div>\n\n\n<\/div>","protected":false},"excerpt":{"rendered":"","protected":false},"author":1,"featured_media":0,"parent":0,"menu_order":12,"comment_status":"closed","ping_status":"closed","template":"page-blocks.php","meta":{"_acf_changed":false,"ngg_post_thumbnail":0,"footnotes":""},"class_list":["post-4281","page","type-page","status-publish"],"acf":[],"yoast_head":"<!-- This site is optimized with the Yoast SEO plugin v27.3 - https:\/\/yoast.com\/product\/yoast-seo-wordpress\/ -->\n<title>Agencement &#8211; KUNESA - Le succ\u00e8s peut s\u00b4agencer.<\/title>\n<meta name=\"description\" content=\"Exp\u00e9riences d&#039;ameublement uniques et diff\u00e9rentes avec des points forts sp\u00e9ciaux, passerelles bien pens\u00e9es et pr\u00e9sentations convaincantes de produits de A-Z\" \/>\n<meta name=\"robots\" content=\"index, follow, max-snippet:-1, max-image-preview:large, max-video-preview:-1\" \/>\n<link rel=\"canonical\" href=\"https:\/\/www.kunesa.com\/fr\/agencement\/\" \/>\n<meta property=\"og:locale\" content=\"fr_FR\" \/>\n<meta property=\"og:type\" content=\"article\" \/>\n<meta property=\"og:title\" content=\"Agencement &#8211; KUNESA - Le succ\u00e8s peut s\u00b4agencer.\" \/>\n<meta property=\"og:description\" content=\"Exp\u00e9riences d&#039;ameublement uniques et diff\u00e9rentes avec des points forts sp\u00e9ciaux, passerelles bien pens\u00e9es et pr\u00e9sentations convaincantes de produits de A-Z\" \/>\n<meta property=\"og:url\" content=\"https:\/\/www.kunesa.com\/fr\/agencement\/\" \/>\n<meta property=\"og:site_name\" content=\"KUNESA\" \/>\n<meta property=\"article:publisher\" content=\"https:\/\/www.facebook.com\/kunesa1912\/\" \/>\n<meta property=\"article:modified_time\" content=\"2023-05-04T10:44:22+00:00\" \/>\n<meta name=\"twitter:card\" content=\"summary_large_image\" \/>\n<script type=\"application\/ld+json\" class=\"yoast-schema-graph\">{\"@context\":\"https:\\\/\\\/schema.org\",\"@graph\":[{\"@type\":\"WebPage\",\"@id\":\"https:\\\/\\\/www.kunesa.com\\\/fr\\\/agencement\\\/\",\"url\":\"https:\\\/\\\/www.kunesa.com\\\/fr\\\/agencement\\\/\",\"name\":\"Agencement &#8211; KUNESA - Le succ\u00e8s peut s\u00b4agencer.\",\"isPartOf\":{\"@id\":\"https:\\\/\\\/www.kunesa.com\\\/fr\\\/#website\"},\"datePublished\":\"2021-02-12T11:50:40+00:00\",\"dateModified\":\"2023-05-04T10:44:22+00:00\",\"description\":\"Exp\u00e9riences d'ameublement uniques et diff\u00e9rentes avec des points forts sp\u00e9ciaux, passerelles bien pens\u00e9es et pr\u00e9sentations convaincantes de produits de A-Z\",\"breadcrumb\":{\"@id\":\"https:\\\/\\\/www.kunesa.com\\\/fr\\\/agencement\\\/#breadcrumb\"},\"inLanguage\":\"fr-FR\",\"potentialAction\":[{\"@type\":\"ReadAction\",\"target\":[\"https:\\\/\\\/www.kunesa.com\\\/fr\\\/agencement\\\/\"]}]},{\"@type\":\"BreadcrumbList\",\"@id\":\"https:\\\/\\\/www.kunesa.com\\\/fr\\\/agencement\\\/#breadcrumb\",\"itemListElement\":[{\"@type\":\"ListItem\",\"position\":1,\"name\":\"Startseite\",\"item\":\"https:\\\/\\\/www.kunesa.com\\\/fr\\\/\"},{\"@type\":\"ListItem\",\"position\":2,\"name\":\"Agencement\"}]},{\"@type\":\"WebSite\",\"@id\":\"https:\\\/\\\/www.kunesa.com\\\/fr\\\/#website\",\"url\":\"https:\\\/\\\/www.kunesa.com\\\/fr\\\/\",\"name\":\"KUNESA\",\"description\":\"\",\"publisher\":{\"@id\":\"https:\\\/\\\/www.kunesa.com\\\/fr\\\/#organization\"},\"potentialAction\":[{\"@type\":\"SearchAction\",\"target\":{\"@type\":\"EntryPoint\",\"urlTemplate\":\"https:\\\/\\\/www.kunesa.com\\\/fr\\\/?s={search_term_string}\"},\"query-input\":{\"@type\":\"PropertyValueSpecification\",\"valueRequired\":true,\"valueName\":\"search_term_string\"}}],\"inLanguage\":\"fr-FR\"},{\"@type\":\"Organization\",\"@id\":\"https:\\\/\\\/www.kunesa.com\\\/fr\\\/#organization\",\"name\":\"KUNESA GmbH\",\"url\":\"https:\\\/\\\/www.kunesa.com\\\/fr\\\/\",\"logo\":{\"@type\":\"ImageObject\",\"inLanguage\":\"fr-FR\",\"@id\":\"https:\\\/\\\/www.kunesa.com\\\/fr\\\/#\\\/schema\\\/logo\\\/image\\\/\",\"url\":\"https:\\\/\\\/www.kunesa.com\\\/wp-content\\\/uploads\\\/2018\\\/03\\\/kunesa_logo.png\",\"contentUrl\":\"https:\\\/\\\/www.kunesa.com\\\/wp-content\\\/uploads\\\/2018\\\/03\\\/kunesa_logo.png\",\"width\":125,\"height\":125,\"caption\":\"KUNESA GmbH\"},\"image\":{\"@id\":\"https:\\\/\\\/www.kunesa.com\\\/fr\\\/#\\\/schema\\\/logo\\\/image\\\/\"},\"sameAs\":[\"https:\\\/\\\/www.facebook.com\\\/kunesa1912\\\/\",\"https:\\\/\\\/www.youtube.com\\\/channel\\\/UCQjo0l0DTpzBhvIzwmzvI1g\"]}]}<\/script>\n<!-- \/ Yoast SEO plugin. -->","yoast_head_json":{"title":"Agencement &#8211; KUNESA - Le succ\u00e8s peut s\u00b4agencer.","description":"Exp\u00e9riences d'ameublement uniques et diff\u00e9rentes avec des points forts sp\u00e9ciaux, passerelles bien pens\u00e9es et pr\u00e9sentations convaincantes de produits de A-Z","robots":{"index":"index","follow":"follow","max-snippet":"max-snippet:-1","max-image-preview":"max-image-preview:large","max-video-preview":"max-video-preview:-1"},"canonical":"https:\/\/www.kunesa.com\/fr\/agencement\/","og_locale":"fr_FR","og_type":"article","og_title":"Agencement &#8211; KUNESA - Le succ\u00e8s peut s\u00b4agencer.","og_description":"Exp\u00e9riences d'ameublement uniques et diff\u00e9rentes avec des points forts sp\u00e9ciaux, passerelles bien pens\u00e9es et pr\u00e9sentations convaincantes de produits de A-Z","og_url":"https:\/\/www.kunesa.com\/fr\/agencement\/","og_site_name":"KUNESA","article_publisher":"https:\/\/www.facebook.com\/kunesa1912\/","article_modified_time":"2023-05-04T10:44:22+00:00","twitter_card":"summary_large_image","schema":{"@context":"https:\/\/schema.org","@graph":[{"@type":"WebPage","@id":"https:\/\/www.kunesa.com\/fr\/agencement\/","url":"https:\/\/www.kunesa.com\/fr\/agencement\/","name":"Agencement &#8211; KUNESA - Le succ\u00e8s peut s\u00b4agencer.","isPartOf":{"@id":"https:\/\/www.kunesa.com\/fr\/#website"},"datePublished":"2021-02-12T11:50:40+00:00","dateModified":"2023-05-04T10:44:22+00:00","description":"Exp\u00e9riences d'ameublement uniques et diff\u00e9rentes avec des points forts sp\u00e9ciaux, passerelles bien pens\u00e9es et pr\u00e9sentations convaincantes de produits de A-Z","breadcrumb":{"@id":"https:\/\/www.kunesa.com\/fr\/agencement\/#breadcrumb"},"inLanguage":"fr-FR","potentialAction":[{"@type":"ReadAction","target":["https:\/\/www.kunesa.com\/fr\/agencement\/"]}]},{"@type":"BreadcrumbList","@id":"https:\/\/www.kunesa.com\/fr\/agencement\/#breadcrumb","itemListElement":[{"@type":"ListItem","position":1,"name":"Startseite","item":"https:\/\/www.kunesa.com\/fr\/"},{"@type":"ListItem","position":2,"name":"Agencement"}]},{"@type":"WebSite","@id":"https:\/\/www.kunesa.com\/fr\/#website","url":"https:\/\/www.kunesa.com\/fr\/","name":"KUNESA","description":"","publisher":{"@id":"https:\/\/www.kunesa.com\/fr\/#organization"},"potentialAction":[{"@type":"SearchAction","target":{"@type":"EntryPoint","urlTemplate":"https:\/\/www.kunesa.com\/fr\/?s={search_term_string}"},"query-input":{"@type":"PropertyValueSpecification","valueRequired":true,"valueName":"search_term_string"}}],"inLanguage":"fr-FR"},{"@type":"Organization","@id":"https:\/\/www.kunesa.com\/fr\/#organization","name":"KUNESA GmbH","url":"https:\/\/www.kunesa.com\/fr\/","logo":{"@type":"ImageObject","inLanguage":"fr-FR","@id":"https:\/\/www.kunesa.com\/fr\/#\/schema\/logo\/image\/","url":"https:\/\/www.kunesa.com\/wp-content\/uploads\/2018\/03\/kunesa_logo.png","contentUrl":"https:\/\/www.kunesa.com\/wp-content\/uploads\/2018\/03\/kunesa_logo.png","width":125,"height":125,"caption":"KUNESA GmbH"},"image":{"@id":"https:\/\/www.kunesa.com\/fr\/#\/schema\/logo\/image\/"},"sameAs":["https:\/\/www.facebook.com\/kunesa1912\/","https:\/\/www.youtube.com\/channel\/UCQjo0l0DTpzBhvIzwmzvI1g"]}]}},"_links":{"self":[{"href":"https:\/\/www.kunesa.com\/fr\/wp-json\/wp\/v2\/pages\/4281","targetHints":{"allow":["GET"]}}],"collection":[{"href":"https:\/\/www.kunesa.com\/fr\/wp-json\/wp\/v2\/pages"}],"about":[{"href":"https:\/\/www.kunesa.com\/fr\/wp-json\/wp\/v2\/types\/page"}],"author":[{"embeddable":true,"href":"https:\/\/www.kunesa.com\/fr\/wp-json\/wp\/v2\/users\/1"}],"replies":[{"embeddable":true,"href":"https:\/\/www.kunesa.com\/fr\/wp-json\/wp\/v2\/comments?post=4281"}],"version-history":[{"count":9,"href":"https:\/\/www.kunesa.com\/fr\/wp-json\/wp\/v2\/pages\/4281\/revisions"}],"predecessor-version":[{"id":6870,"href":"https:\/\/www.kunesa.com\/fr\/wp-json\/wp\/v2\/pages\/4281\/revisions\/6870"}],"wp:attachment":[{"href":"https:\/\/www.kunesa.com\/fr\/wp-json\/wp\/v2\/media?parent=4281"}],"curies":[{"name":"wp","href":"https:\/\/api.w.org\/{rel}","templated":true}]}}