{"id":4282,"date":"2021-02-12T12:51:07","date_gmt":"2021-02-12T11:51:07","guid":{"rendered":"https:\/\/www.kunesa.com\/ambiance-pour-votre-maison\/"},"modified":"2026-03-20T11:54:36","modified_gmt":"2026-03-20T10:54:36","slug":"ambiance-pour-votre-maison","status":"publish","type":"page","link":"https:\/\/www.kunesa.com\/fr\/ambiance-pour-votre-maison\/","title":{"rendered":"Ambiance pour votre maison"},"content":{"rendered":"<div class=\"entry\">\n\n\n    <div class=\"owl-carousel owl-image-carousel owl-theme no-loop\">\n        \n            <div class=\"owl-slide d-flex align-items-center cover\" style=\"background-image: url(https:\/\/www.kunesa.com\/wp-content\/uploads\/2021\/02\/privates-wohnen.jpg);\">\n                <div class=\"slider-content static\">\n                    <div class=\"owl-slide-text\">\n                        <h1 class=\"owl-slide-animated owl-slide-title\">Ambiance pour votre maison<\/h1>\n\n                                            <\/div>\n                <\/div>\n            <\/div><!--\/owl-slide-->\n\n            <\/div>\n\n\n\n\n<div class=\"content-alternate py-5\">\n    <div class=\"container content-box\">\n        <div class=\"row bg-kontur pt-5\">\n            <div class=\"col-md-4\">\n                <span class=\"content-box-title\"> Profitez \u00e0 la maison<\/span>\n            <\/div>\n            <div class=\"col-md-8\">\n                <p>Un lieu con\u00e7u sp\u00e9cialement pour vous. Un chef-d&rsquo;\u0153uvre d&rsquo;\u00e9l\u00e9gance qui refl\u00e8te votre go\u00fbt unique. Chaque pi\u00e8ce devient un havre de paix personnel, \u00e0 l&rsquo;image de vos pr\u00e9f\u00e9rences et de votre style de vie.<br \/>\r\nEn tant qu&rsquo;entreprise familiale de design d&rsquo;int\u00e9rieur, notre mission est de cr\u00e9er un concept qui transforme votre maison en un cocon de s\u00e9r\u00e9nit\u00e9 et de joie, vous insufflant une \u00e9nergie nouvelle au quotidien.<br \/>\r\n<br \/>\r\nPour tous ceux qui aiment planifier et trouver l&rsquo;inspiration,<br \/>\r\ndepuis plus de 110 ans, chez Kunesa, nous concevons et r\u00e9alisons des int\u00e9rieurs hors du commun.<br \/>\r\nGr\u00e2ce \u00e0 notre nouvel outil de conception de mobilier en ligne, nous ouvrons notre espace de cr\u00e9ation num\u00e9rique \u00e0 vos id\u00e9es.<br \/>\r\nDevenez votre propre designer : concevez le mobilier de vos r\u00eaves en ligne, 24 h\/24 et 7 j\/7, avec une estimation initiale du prix.<br \/>\r\nOu utilisez notre outil de conception comme un terrain de jeu cr\u00e9atif et laissez-nous nous occuper de la planification.<br \/>\r\nNous avons h\u00e2te de concr\u00e9tiser votre prochain projet d&rsquo;ameublement avec vous !<br \/>\r\nTrouvez plus d&rsquo;inspiration pour votre espace de vie <a href=\"https:\/\/studio.kunesa.com\" target=\"_blank\" style=\"font-weight: bold;text-decoration: underline\">ici<\/a><br \/>\r\nBonne navigation ! \u2014 L&rsquo;\u00e9quipe KUNESA<\/p>\n            <\/div>\n        <\/div>\n    <\/div>\n<\/div>\n\n\n<div class=\"container mb-5\">\n    <div class=\"row content-tile-container\">\n                <div class=\"col-md-4 mt-5\">\n            <div class=\"c-tile inverted\">\n                <a href=\"\/fr\/nouvelles\" target=\"_self\">\n                    <img decoding=\"async\" src=\"https:\/\/www.kunesa.com\/wp-content\/uploads\/2020\/03\/Aktuelles.jpg\"\n                         alt=\"Nouvelles\"\n                         title=\"Nouvelles\" \/>\n                    <div class=\"overlay\">&nbsp;<\/div>\n                    <div class=\"middle\">\n                        <span class=\"h2 title\">Nouvelles<\/span>\n                    <\/div>\n                <\/a>\n            <\/div>\n        <\/div>\n\n                <div class=\"col-md-4 mt-5\">\n            <div class=\"c-tile inverted\">\n                <a href=\"\/fr\/ambiance-pour-votre-maison\/3d-animation\" target=\"_self\">\n                    <img decoding=\"async\" src=\"https:\/\/www.kunesa.com\/wp-content\/uploads\/2021\/02\/kueche_3d.jpg\"\n                         alt=\"3D Animation\"\n                         title=\"3D Animation\" \/>\n                    <div class=\"overlay\">&nbsp;<\/div>\n                    <div class=\"middle\">\n                        <span class=\"h2 title\">3D Animation<\/span>\n                    <\/div>\n                <\/a>\n            <\/div>\n        <\/div>\n\n                <div class=\"col-md-4 mt-5\">\n            <div class=\"c-tile\">\n                <div class=\"contact-tile\">\n                    <div class=\"maps-container\">\n                                            <\/div>\n\n                    <div class=\"contact-container\">\n                        <div class=\"row\">\n                            <div class=\"col-9 contact-box\">\n                                <p class=\"h2 title\">CONTACT<\/p>\n<p>5, Impasse les Sources<br \/>\n67320 Berg<\/p>\n<p class=\"align-center\"><strong>Fon\u00a0\u00a0\u00a0+33 3 88 01 76 59<\/strong><br \/>\n<strong>Fax\u00a0\u00a0\u00a0+33 9 70 63 17 19<\/strong><br \/>\n<strong>E\u00a0\u00a0\u00a0<a>email@kunesa.com<\/a><\/strong><\/p>\n<p>\u00a0<\/p>\n                            <\/div>\n\n                            <div class=\"col-3 social-box\">\n                                <ul class=\"social-group\">\n                                    <li><a href=\"https:\/\/www.facebook.com\/kunesa1912\" class=\"social-facebook\" target=\"_blank\">&nbsp;<\/a><\/li>\n                                    <li><a href=\"https:\/\/www.linkedin.com\/company\/kunesa-gmbh\" class=\"social-linkedin\" target=\"_blank\">&nbsp;<\/a><\/li>\n                                    <li><a href=\"https:\/\/www.youtube.com\/channel\/UCQjo0l0DTpzBhvIzwmzvI1g\" class=\"social-youtube\" target=\"_blank\">&nbsp;<\/a><\/li>\n                                    <li><a href=\"https:\/\/www.instagram.com\/kunesa.inneneinrichtung\/\" class=\"social-instagram\" target=\"_blank\">&nbsp;<\/a><\/li>\n                                <\/ul>\n                            <\/div>\n                        <\/div>\n                    <\/div>\n                <\/div>\n            <\/div>\n        <\/div>\n    <\/div>\n<\/div>\n\n\n<\/div>","protected":false},"excerpt":{"rendered":"","protected":false},"author":1,"featured_media":0,"parent":0,"menu_order":13,"comment_status":"closed","ping_status":"closed","template":"page-blocks.php","meta":{"_acf_changed":false,"ngg_post_thumbnail":0,"footnotes":""},"class_list":["post-4282","page","type-page","status-publish"],"acf":[],"yoast_head":"<!-- This site is optimized with the Yoast SEO plugin v27.3 - https:\/\/yoast.com\/product\/yoast-seo-wordpress\/ -->\n<title>KUNESA Ambiance pour votre maison &#8211; Le bonheur priv\u00e9e peut s&#039;agencer.<\/title>\n<meta name=\"description\" content=\"Nous appr\u00e9cions davantage notre maison, si la conception est bas\u00e9e sur nos besoins \u2022 Nous planifions et r\u00e9alisons votre bonheur priv\u00e9e\" \/>\n<meta name=\"robots\" content=\"index, follow, max-snippet:-1, max-image-preview:large, max-video-preview:-1\" \/>\n<link rel=\"canonical\" href=\"https:\/\/www.kunesa.com\/fr\/ambiance-pour-votre-maison\/\" \/>\n<meta property=\"og:locale\" content=\"fr_FR\" \/>\n<meta property=\"og:type\" content=\"article\" \/>\n<meta property=\"og:title\" content=\"KUNESA Ambiance pour votre maison &#8211; Le bonheur priv\u00e9e peut s&#039;agencer.\" \/>\n<meta property=\"og:description\" content=\"Nous appr\u00e9cions davantage notre maison, si la conception est bas\u00e9e sur nos besoins \u2022 Nous planifions et r\u00e9alisons votre bonheur priv\u00e9e\" \/>\n<meta property=\"og:url\" content=\"https:\/\/www.kunesa.com\/fr\/ambiance-pour-votre-maison\/\" \/>\n<meta property=\"og:site_name\" content=\"KUNESA\" \/>\n<meta property=\"article:publisher\" content=\"https:\/\/www.facebook.com\/kunesa1912\/\" \/>\n<meta property=\"article:modified_time\" content=\"2026-03-20T10:54:36+00:00\" \/>\n<meta name=\"twitter:card\" content=\"summary_large_image\" \/>\n<meta name=\"twitter:label1\" content=\"Dur\u00e9e de lecture estim\u00e9e\" \/>\n\t<meta name=\"twitter:data1\" content=\"2 minutes\" \/>\n<script type=\"application\/ld+json\" class=\"yoast-schema-graph\">{\"@context\":\"https:\\\/\\\/schema.org\",\"@graph\":[{\"@type\":\"WebPage\",\"@id\":\"https:\\\/\\\/www.kunesa.com\\\/fr\\\/ambiance-pour-votre-maison\\\/\",\"url\":\"https:\\\/\\\/www.kunesa.com\\\/fr\\\/ambiance-pour-votre-maison\\\/\",\"name\":\"KUNESA Ambiance pour votre maison &#8211; Le bonheur priv\u00e9e peut s'agencer.\",\"isPartOf\":{\"@id\":\"https:\\\/\\\/www.kunesa.com\\\/fr\\\/#website\"},\"datePublished\":\"2021-02-12T11:51:07+00:00\",\"dateModified\":\"2026-03-20T10:54:36+00:00\",\"description\":\"Nous appr\u00e9cions davantage notre maison, si la conception est bas\u00e9e sur nos besoins \u2022 Nous planifions et r\u00e9alisons votre bonheur priv\u00e9e\",\"breadcrumb\":{\"@id\":\"https:\\\/\\\/www.kunesa.com\\\/fr\\\/ambiance-pour-votre-maison\\\/#breadcrumb\"},\"inLanguage\":\"fr-FR\",\"potentialAction\":[{\"@type\":\"ReadAction\",\"target\":[\"https:\\\/\\\/www.kunesa.com\\\/fr\\\/ambiance-pour-votre-maison\\\/\"]}]},{\"@type\":\"BreadcrumbList\",\"@id\":\"https:\\\/\\\/www.kunesa.com\\\/fr\\\/ambiance-pour-votre-maison\\\/#breadcrumb\",\"itemListElement\":[{\"@type\":\"ListItem\",\"position\":1,\"name\":\"Startseite\",\"item\":\"https:\\\/\\\/www.kunesa.com\\\/fr\\\/\"},{\"@type\":\"ListItem\",\"position\":2,\"name\":\"Ambiance pour votre maison\"}]},{\"@type\":\"WebSite\",\"@id\":\"https:\\\/\\\/www.kunesa.com\\\/fr\\\/#website\",\"url\":\"https:\\\/\\\/www.kunesa.com\\\/fr\\\/\",\"name\":\"KUNESA\",\"description\":\"\",\"publisher\":{\"@id\":\"https:\\\/\\\/www.kunesa.com\\\/fr\\\/#organization\"},\"potentialAction\":[{\"@type\":\"SearchAction\",\"target\":{\"@type\":\"EntryPoint\",\"urlTemplate\":\"https:\\\/\\\/www.kunesa.com\\\/fr\\\/?s={search_term_string}\"},\"query-input\":{\"@type\":\"PropertyValueSpecification\",\"valueRequired\":true,\"valueName\":\"search_term_string\"}}],\"inLanguage\":\"fr-FR\"},{\"@type\":\"Organization\",\"@id\":\"https:\\\/\\\/www.kunesa.com\\\/fr\\\/#organization\",\"name\":\"KUNESA GmbH\",\"url\":\"https:\\\/\\\/www.kunesa.com\\\/fr\\\/\",\"logo\":{\"@type\":\"ImageObject\",\"inLanguage\":\"fr-FR\",\"@id\":\"https:\\\/\\\/www.kunesa.com\\\/fr\\\/#\\\/schema\\\/logo\\\/image\\\/\",\"url\":\"https:\\\/\\\/www.kunesa.com\\\/wp-content\\\/uploads\\\/2018\\\/03\\\/kunesa_logo.png\",\"contentUrl\":\"https:\\\/\\\/www.kunesa.com\\\/wp-content\\\/uploads\\\/2018\\\/03\\\/kunesa_logo.png\",\"width\":125,\"height\":125,\"caption\":\"KUNESA GmbH\"},\"image\":{\"@id\":\"https:\\\/\\\/www.kunesa.com\\\/fr\\\/#\\\/schema\\\/logo\\\/image\\\/\"},\"sameAs\":[\"https:\\\/\\\/www.facebook.com\\\/kunesa1912\\\/\",\"https:\\\/\\\/www.youtube.com\\\/channel\\\/UCQjo0l0DTpzBhvIzwmzvI1g\"]}]}<\/script>\n<!-- \/ Yoast SEO plugin. -->","yoast_head_json":{"title":"KUNESA Ambiance pour votre maison &#8211; Le bonheur priv\u00e9e peut s'agencer.","description":"Nous appr\u00e9cions davantage notre maison, si la conception est bas\u00e9e sur nos besoins \u2022 Nous planifions et r\u00e9alisons votre bonheur priv\u00e9e","robots":{"index":"index","follow":"follow","max-snippet":"max-snippet:-1","max-image-preview":"max-image-preview:large","max-video-preview":"max-video-preview:-1"},"canonical":"https:\/\/www.kunesa.com\/fr\/ambiance-pour-votre-maison\/","og_locale":"fr_FR","og_type":"article","og_title":"KUNESA Ambiance pour votre maison &#8211; Le bonheur priv\u00e9e peut s'agencer.","og_description":"Nous appr\u00e9cions davantage notre maison, si la conception est bas\u00e9e sur nos besoins \u2022 Nous planifions et r\u00e9alisons votre bonheur priv\u00e9e","og_url":"https:\/\/www.kunesa.com\/fr\/ambiance-pour-votre-maison\/","og_site_name":"KUNESA","article_publisher":"https:\/\/www.facebook.com\/kunesa1912\/","article_modified_time":"2026-03-20T10:54:36+00:00","twitter_card":"summary_large_image","twitter_misc":{"Dur\u00e9e de lecture estim\u00e9e":"2 minutes"},"schema":{"@context":"https:\/\/schema.org","@graph":[{"@type":"WebPage","@id":"https:\/\/www.kunesa.com\/fr\/ambiance-pour-votre-maison\/","url":"https:\/\/www.kunesa.com\/fr\/ambiance-pour-votre-maison\/","name":"KUNESA Ambiance pour votre maison &#8211; Le bonheur priv\u00e9e peut s'agencer.","isPartOf":{"@id":"https:\/\/www.kunesa.com\/fr\/#website"},"datePublished":"2021-02-12T11:51:07+00:00","dateModified":"2026-03-20T10:54:36+00:00","description":"Nous appr\u00e9cions davantage notre maison, si la conception est bas\u00e9e sur nos besoins \u2022 Nous planifions et r\u00e9alisons votre bonheur priv\u00e9e","breadcrumb":{"@id":"https:\/\/www.kunesa.com\/fr\/ambiance-pour-votre-maison\/#breadcrumb"},"inLanguage":"fr-FR","potentialAction":[{"@type":"ReadAction","target":["https:\/\/www.kunesa.com\/fr\/ambiance-pour-votre-maison\/"]}]},{"@type":"BreadcrumbList","@id":"https:\/\/www.kunesa.com\/fr\/ambiance-pour-votre-maison\/#breadcrumb","itemListElement":[{"@type":"ListItem","position":1,"name":"Startseite","item":"https:\/\/www.kunesa.com\/fr\/"},{"@type":"ListItem","position":2,"name":"Ambiance pour votre maison"}]},{"@type":"WebSite","@id":"https:\/\/www.kunesa.com\/fr\/#website","url":"https:\/\/www.kunesa.com\/fr\/","name":"KUNESA","description":"","publisher":{"@id":"https:\/\/www.kunesa.com\/fr\/#organization"},"potentialAction":[{"@type":"SearchAction","target":{"@type":"EntryPoint","urlTemplate":"https:\/\/www.kunesa.com\/fr\/?s={search_term_string}"},"query-input":{"@type":"PropertyValueSpecification","valueRequired":true,"valueName":"search_term_string"}}],"inLanguage":"fr-FR"},{"@type":"Organization","@id":"https:\/\/www.kunesa.com\/fr\/#organization","name":"KUNESA GmbH","url":"https:\/\/www.kunesa.com\/fr\/","logo":{"@type":"ImageObject","inLanguage":"fr-FR","@id":"https:\/\/www.kunesa.com\/fr\/#\/schema\/logo\/image\/","url":"https:\/\/www.kunesa.com\/wp-content\/uploads\/2018\/03\/kunesa_logo.png","contentUrl":"https:\/\/www.kunesa.com\/wp-content\/uploads\/2018\/03\/kunesa_logo.png","width":125,"height":125,"caption":"KUNESA GmbH"},"image":{"@id":"https:\/\/www.kunesa.com\/fr\/#\/schema\/logo\/image\/"},"sameAs":["https:\/\/www.facebook.com\/kunesa1912\/","https:\/\/www.youtube.com\/channel\/UCQjo0l0DTpzBhvIzwmzvI1g"]}]}},"_links":{"self":[{"href":"https:\/\/www.kunesa.com\/fr\/wp-json\/wp\/v2\/pages\/4282","targetHints":{"allow":["GET"]}}],"collection":[{"href":"https:\/\/www.kunesa.com\/fr\/wp-json\/wp\/v2\/pages"}],"about":[{"href":"https:\/\/www.kunesa.com\/fr\/wp-json\/wp\/v2\/types\/page"}],"author":[{"embeddable":true,"href":"https:\/\/www.kunesa.com\/fr\/wp-json\/wp\/v2\/users\/1"}],"replies":[{"embeddable":true,"href":"https:\/\/www.kunesa.com\/fr\/wp-json\/wp\/v2\/comments?post=4282"}],"version-history":[{"count":11,"href":"https:\/\/www.kunesa.com\/fr\/wp-json\/wp\/v2\/pages\/4282\/revisions"}],"predecessor-version":[{"id":7725,"href":"https:\/\/www.kunesa.com\/fr\/wp-json\/wp\/v2\/pages\/4282\/revisions\/7725"}],"wp:attachment":[{"href":"https:\/\/www.kunesa.com\/fr\/wp-json\/wp\/v2\/media?parent=4282"}],"curies":[{"name":"wp","href":"https:\/\/api.w.org\/{rel}","templated":true}]}}