{"id":4284,"date":"2021-02-12T21:13:06","date_gmt":"2021-02-12T20:13:06","guid":{"rendered":"https:\/\/www.kunesa.com\/produits-pour-lapiculture\/"},"modified":"2023-05-02T16:08:20","modified_gmt":"2023-05-02T14:08:20","slug":"produits-pour-lapiculture","status":"publish","type":"page","link":"https:\/\/www.kunesa.com\/fr\/produits-pour-lapiculture\/","title":{"rendered":"Produits pour l&rsquo;apiculture"},"content":{"rendered":"<div class=\"entry\">\n\n\n\n\n    <div class=\"owl-carousel owl-image-carousel owl-theme no-loop\">\n        \n            <div class=\"owl-slide d-flex align-items-center cover\" style=\"background-image: url(https:\/\/www.kunesa.com\/wp-content\/uploads\/2021\/04\/Imkereibedarf-scaled.jpg);\">\n                <div class=\"slider-content static\">\n                    <div class=\"owl-slide-text\">\n                        <h1 class=\"owl-slide-animated owl-slide-title\">Initiative Apiculture<\/h1>\n\n                                                    <h2 class=\"owl-slide-animated owl-slide-subtitle mb-3\">Des d\u00e9butants aux professionnels.<br \/>\r\nSoutenez les petits g\u00e9ants avec nous.<\/h2>\n                                            <\/div>\n                <\/div>\n            <\/div><!--\/owl-slide-->\n\n            <\/div>\n\n\n\n\n<div class=\"content-alternate py-5\">\n    <div class=\"container content-box\">\n        <div class=\"row bg-kontur pt-5\">\n            <div class=\"col-md-4\">\n                <span class=\"content-box-title\">Que serait le monde sans les abeilles?<\/span>\n            <\/div>\n            <div class=\"col-md-8\">\n                <p><p><b>Ces petits g\u00e9ants jouent un r\u00f4le essentiel dans notre culture et notre agriculture.<\/b><br \/><br \/>\r\nS&rsquo;il n&rsquo;y avait plus d&rsquo;abeilles, non seulement les grandes sp\u00e9cialit\u00e9s de la table du petit-d\u00e9jeuner seraient omises. Cela aurait des cons\u00e9quences consid\u00e9rables sur l&rsquo;approvisionnement alimentaire en g\u00e9n\u00e9ral.<\/p><br \/>\r\n<p>C&rsquo;est l&rsquo;interaction de nombreuses influences environnementales qui ne facilite pas la recherche d&rsquo;une solution. Mais nous, les humains, sommes une raison importante &#8211; et nous pouvons apporter une contribution majeure avec peu d&rsquo;efforts.<\/p><br \/>\r\n<p><b>Voici un petit extrait de <i><a href=\"https:\/\/www.nabu.de\/tiere-und-pflanzen\/insekten-und-spinnen\/hautfluegler\/bienen\/13676.html\">NABU<\/a><\/i>:<\/b><br \/><br \/>\r\nAchetez des aliments biologiques et soutenez l&rsquo;agriculture durable.<br \/><br \/>\r\nSoutenez les abeilles en cultivant des plantes respectueuses des abeilles dans votre jardin ou sur votre balcon.<br \/><br \/>\r\nPrenez un parrainage d&rsquo;abeilles &#8211; par exemple chez <a href=\"https:\/\/www.mellifera.de\/beegood\/\">BeeGood<\/a>. En petit bonus, vous recevrez une fois par an un pot de miel de vos enfants parrain\u00e9s.<\/p><br \/>\r\n<p><br \/><br \/>\r\nSi vous vous int\u00e9ressez \u00e0 l&rsquo;apiculture, il vaut tout d&rsquo;abord la peine de \u00abvous joindre\u00bb \u00e0 quelqu&rsquo;un d&rsquo;autre. De nombreux apiculteurs proposent \u00e9galement des journ\u00e9es d&rsquo;essai.<br \/><br \/>\r\n<b>Vous pouvez nous contacter \u00e0 tout moment pour le bon kit de d\u00e9marrage, car l&rsquo;apiculture ainsi que le d\u00e9veloppement et la production de <a href=\"https:\/\/www.kunesa-imkerei.com\">fournitures apicoles<\/a> font partie de notre passion depuis plus de 40 ans.<br \/><br \/>\r\n<\/b><\/p><br \/>\r\n<p>De plus amples informations sont disponibles sur <i><a href=\"https:\/\/www.kunesa-imkerei.com\" target=\"_blank\">WWW.KUNESA-IMKEREI.COM<\/a><\/i><\/p><\/p>\n            <\/div>\n        <\/div>\n    <\/div>\n<\/div>\n\n\n    <div class=\"container mb-5\">\n        <div class=\"row\">\n                            <div class=\"col-md-4 mt-5\">\n                    <div class=\"c-tile inverted\">\n                        <a href=\"https:\/\/www.kunesa-imkerei.com\/dn.php\" target=\"_self\">\n                            <img decoding=\"async\" src=\"https:\/\/www.kunesa.com\/wp-content\/uploads\/2021\/04\/DN-Beute-scaled.jpg\" alt=\"Deutsch-Normal\" title=\"Deutsch-Normal\" \/>\n                            <div class=\"overlay\">&nbsp;<\/div>\n                            <div class=\"middle\">\n                                <span class=\"h2 title\">Deutsch-Normal<\/span>\n                            <\/div>\n                        <\/a>\n                    <\/div>\n                <\/div>\n                            <div class=\"col-md-4 mt-5\">\n                    <div class=\"c-tile inverted\">\n                        <a href=\"https:\/\/www.kunesa-imkerei.com\/wbl.php\" target=\"_self\">\n                            <img decoding=\"async\" src=\"https:\/\/www.kunesa.com\/wp-content\/uploads\/2021\/04\/wbl_starterset.jpg\" alt=\"Warmbau-Lagerbeute\" title=\"Warmbau-Lagerbeute\" \/>\n                            <div class=\"overlay\">&nbsp;<\/div>\n                            <div class=\"middle\">\n                                <span class=\"h2 title\">Warmbau-Lagerbeute<\/span>\n                            <\/div>\n                        <\/a>\n                    <\/div>\n                <\/div>\n                            <div class=\"col-md-4 mt-5\">\n                    <div class=\"c-tile inverted\">\n                        <a href=\"https:\/\/www.kunesa-imkerei.com\/stockluft.php\" target=\"_self\">\n                            <img decoding=\"async\" src=\"https:\/\/www.kunesa.com\/wp-content\/uploads\/2021\/04\/1280x960.4.jpg\" alt=\"Stockluft\" title=\"Stockluft\" \/>\n                            <div class=\"overlay\">&nbsp;<\/div>\n                            <div class=\"middle\">\n                                <span class=\"h2 title\">Stockluft<\/span>\n                            <\/div>\n                        <\/a>\n                    <\/div>\n                <\/div>\n                            <div class=\"col-md-4 mt-5\">\n                    <div class=\"c-tile inverted\">\n                        <a href=\"https:\/\/www.kunesa-imkerei.com\/pollenfalle.php\" target=\"_self\">\n                            <img decoding=\"async\" src=\"https:\/\/www.kunesa.com\/wp-content\/uploads\/2021\/04\/pfg_starterset.jpg\" alt=\"Pollenfalle\" title=\"Pollenfalle\" \/>\n                            <div class=\"overlay\">&nbsp;<\/div>\n                            <div class=\"middle\">\n                                <span class=\"h2 title\">Pollenfalle<\/span>\n                            <\/div>\n                        <\/a>\n                    <\/div>\n                <\/div>\n                            <div class=\"col-md-4 mt-5\">\n                    <div class=\"c-tile inverted\">\n                        <a href=\"https:\/\/www.kunesa-imkerei.com\/wabenschrank.php\" target=\"_self\">\n                            <img decoding=\"async\" src=\"https:\/\/www.kunesa.com\/wp-content\/uploads\/2021\/04\/key131.56.jpg\" alt=\"Wabenschr\u00e4nke\" title=\"Wabenschr\u00e4nke\" \/>\n                            <div class=\"overlay\">&nbsp;<\/div>\n                            <div class=\"middle\">\n                                <span class=\"h2 title\">Wabenschr\u00e4nke<\/span>\n                            <\/div>\n                        <\/a>\n                    <\/div>\n                <\/div>\n                            <div class=\"col-md-4 mt-5\">\n                    <div class=\"c-tile inverted\">\n                        <a href=\"https:\/\/www.kunesa-imkerei.com\/zubehoer.php\" target=\"_self\">\n                            <img decoding=\"async\" src=\"https:\/\/www.kunesa.com\/wp-content\/uploads\/2021\/04\/IMG_2498-scaled.jpg\" alt=\"Beutenzubeh\u00f6r\" title=\"Beutenzubeh\u00f6r\" \/>\n                            <div class=\"overlay\">&nbsp;<\/div>\n                            <div class=\"middle\">\n                                <span class=\"h2 title\">Beutenzubeh\u00f6r<\/span>\n                            <\/div>\n                        <\/a>\n                    <\/div>\n                <\/div>\n                    <\/div>\n    <\/div>\n\n\n\n\n<div class=\"content-alternate py-5\">\n    <div class=\"container content-box\">\n        <div class=\"row bg-kontur pt-5\">\n            <div class=\"col-md-4\">\n                <span class=\"content-box-title\">Le mat\u00e9riel<\/span>\n            <\/div>\n            <div class=\"col-md-8\">\n                <p><p><b>PUR &#8211; mousse int\u00e9grale dure<br \/><br \/>\r\nLe meilleur mat\u00e9riau pour faire des ruches.<\/b><\/p><br \/>\r\n<p>Les polyur\u00e9thanes (PU, PUR) sont des plastiques ou des r\u00e9sines synth\u00e9tiques qui r\u00e9sultent de la r\u00e9action de polyaddition de polyols avec des polyisocyanates.<br \/><br \/>\r\nLes polyur\u00e9thanes sont polyvalents, modernes et s\u00fbrs. Ils sont utilis\u00e9s pour fabriquer des articles de consommation et des produits industriels. Les polyur\u00e9thanes sont confortables et respectueux de l&rsquo;environnement.<\/p><br \/>\r\n<p>Toutes les colonies de nos ruches sont, compar\u00e9es aux colonies des ruches en bois, \u00e0 une ponte au printemps.<\/p><br \/>\r\n<p>Nous sommes convaincus que la mousse rigide int\u00e9grale PUR utilis\u00e9e par KUNESA est la bonne solution \u00e9prouv\u00e9e au profit de nos abeilles.\u00a0<\/p><\/p>\n            <\/div>\n        <\/div>\n    <\/div>\n<\/div>\n\n\n    <div class=\"owl-carousel owl-content-carousel owl-theme content-theme\">\n        \n            <div class=\"owl-slide d-flex align-items-center cover\" style=\"background-image: url(https:\/\/www.kunesa.com\/wp-content\/uploads\/2021\/04\/PUR.jpg);\">\n                <div class=\"slider-content static\">\n                    <div class=\"owl-slide-text\">\n                                                                            <span class=\"h3 subline owl-slide-subtitle mb-3\">Le PUR offre d&rsquo;excellentes propri\u00e9t\u00e9s en apiculture:<\/span>\n                                                <div class=\"owl-slide-text mb-3\">&#8211; conception de pi\u00e8ces moul\u00e9es polyvalente, haute pr\u00e9cision dimensionnelle<br \/>\r\n&#8211; pas de r\u00e9tr\u00e9cissement et de gonflement<br \/>\r\n&#8211; haute r\u00e9sistance \u00e0 l&rsquo;abrasion tr\u00e8s<br \/>\r\n&#8211; bonne isolation phonique et thermique<br \/>\r\n&#8211; pas hygroscopique comme le bois<br \/>\r\n&#8211; pas d&rsquo;absorption d&rsquo;humidit\u00e9<br \/>\r\n&#8211; stable aux UV<br \/>\r\n&#8211; aucune peinture externe requise<br \/>\r\n&#8211; valeur stable m\u00eame apr\u00e8s de nombreuses ann\u00e9es<br \/>\r\n&#8211; il n&rsquo;y a pas de paroi cellulaire en bois, donc pas de p\u00e9n\u00e9tration de microbes, parasites, loque, fourmis, termites etc.<\/div>\n                    <\/div>\n                <\/div>\n            <\/div><!--\/owl-slide-->\n\n            <\/div>\n\n\n\n<\/div>","protected":false},"excerpt":{"rendered":"","protected":false},"author":1,"featured_media":0,"parent":0,"menu_order":14,"comment_status":"closed","ping_status":"closed","template":"page-blocks.php","meta":{"_acf_changed":false,"ngg_post_thumbnail":0,"footnotes":""},"class_list":["post-4284","page","type-page","status-publish"],"acf":[],"yoast_head":"<!-- This site is optimized with the Yoast SEO plugin v27.3 - https:\/\/yoast.com\/product\/yoast-seo-wordpress\/ -->\n<title>Produits pour l&#039;apiculture &#8211; KUNESA apiculture<\/title>\n<meta name=\"description\" content=\"Ces petits g\u00e9ants jouent un r\u00f4le essentiel dans notre culture et notre agriculture. Vous pouvez nous contacter pour des fournitures apicoles.\" \/>\n<meta name=\"robots\" content=\"index, follow, max-snippet:-1, max-image-preview:large, max-video-preview:-1\" \/>\n<link rel=\"canonical\" href=\"https:\/\/www.kunesa.com\/fr\/produits-pour-lapiculture\/\" \/>\n<meta property=\"og:locale\" content=\"fr_FR\" \/>\n<meta property=\"og:type\" content=\"article\" \/>\n<meta property=\"og:title\" content=\"Produits pour l&#039;apiculture &#8211; KUNESA apiculture\" \/>\n<meta property=\"og:description\" content=\"Ces petits g\u00e9ants jouent un r\u00f4le essentiel dans notre culture et notre agriculture. Vous pouvez nous contacter pour des fournitures apicoles.\" \/>\n<meta property=\"og:url\" content=\"https:\/\/www.kunesa.com\/fr\/produits-pour-lapiculture\/\" \/>\n<meta property=\"og:site_name\" content=\"KUNESA\" \/>\n<meta property=\"article:publisher\" content=\"https:\/\/www.facebook.com\/kunesa1912\/\" \/>\n<meta property=\"article:modified_time\" content=\"2023-05-02T14:08:20+00:00\" \/>\n<meta name=\"twitter:card\" content=\"summary_large_image\" \/>\n<script type=\"application\/ld+json\" class=\"yoast-schema-graph\">{\"@context\":\"https:\\\/\\\/schema.org\",\"@graph\":[{\"@type\":\"WebPage\",\"@id\":\"https:\\\/\\\/www.kunesa.com\\\/fr\\\/produits-pour-lapiculture\\\/\",\"url\":\"https:\\\/\\\/www.kunesa.com\\\/fr\\\/produits-pour-lapiculture\\\/\",\"name\":\"Produits pour l'apiculture &#8211; KUNESA apiculture\",\"isPartOf\":{\"@id\":\"https:\\\/\\\/www.kunesa.com\\\/fr\\\/#website\"},\"datePublished\":\"2021-02-12T20:13:06+00:00\",\"dateModified\":\"2023-05-02T14:08:20+00:00\",\"description\":\"Ces petits g\u00e9ants jouent un r\u00f4le essentiel dans notre culture et notre agriculture. Vous pouvez nous contacter pour des fournitures apicoles.\",\"breadcrumb\":{\"@id\":\"https:\\\/\\\/www.kunesa.com\\\/fr\\\/produits-pour-lapiculture\\\/#breadcrumb\"},\"inLanguage\":\"fr-FR\",\"potentialAction\":[{\"@type\":\"ReadAction\",\"target\":[\"https:\\\/\\\/www.kunesa.com\\\/fr\\\/produits-pour-lapiculture\\\/\"]}]},{\"@type\":\"BreadcrumbList\",\"@id\":\"https:\\\/\\\/www.kunesa.com\\\/fr\\\/produits-pour-lapiculture\\\/#breadcrumb\",\"itemListElement\":[{\"@type\":\"ListItem\",\"position\":1,\"name\":\"Startseite\",\"item\":\"https:\\\/\\\/www.kunesa.com\\\/fr\\\/\"},{\"@type\":\"ListItem\",\"position\":2,\"name\":\"Produits pour l&#8217;apiculture\"}]},{\"@type\":\"WebSite\",\"@id\":\"https:\\\/\\\/www.kunesa.com\\\/fr\\\/#website\",\"url\":\"https:\\\/\\\/www.kunesa.com\\\/fr\\\/\",\"name\":\"KUNESA\",\"description\":\"\",\"publisher\":{\"@id\":\"https:\\\/\\\/www.kunesa.com\\\/fr\\\/#organization\"},\"potentialAction\":[{\"@type\":\"SearchAction\",\"target\":{\"@type\":\"EntryPoint\",\"urlTemplate\":\"https:\\\/\\\/www.kunesa.com\\\/fr\\\/?s={search_term_string}\"},\"query-input\":{\"@type\":\"PropertyValueSpecification\",\"valueRequired\":true,\"valueName\":\"search_term_string\"}}],\"inLanguage\":\"fr-FR\"},{\"@type\":\"Organization\",\"@id\":\"https:\\\/\\\/www.kunesa.com\\\/fr\\\/#organization\",\"name\":\"KUNESA GmbH\",\"url\":\"https:\\\/\\\/www.kunesa.com\\\/fr\\\/\",\"logo\":{\"@type\":\"ImageObject\",\"inLanguage\":\"fr-FR\",\"@id\":\"https:\\\/\\\/www.kunesa.com\\\/fr\\\/#\\\/schema\\\/logo\\\/image\\\/\",\"url\":\"https:\\\/\\\/www.kunesa.com\\\/wp-content\\\/uploads\\\/2018\\\/03\\\/kunesa_logo.png\",\"contentUrl\":\"https:\\\/\\\/www.kunesa.com\\\/wp-content\\\/uploads\\\/2018\\\/03\\\/kunesa_logo.png\",\"width\":125,\"height\":125,\"caption\":\"KUNESA GmbH\"},\"image\":{\"@id\":\"https:\\\/\\\/www.kunesa.com\\\/fr\\\/#\\\/schema\\\/logo\\\/image\\\/\"},\"sameAs\":[\"https:\\\/\\\/www.facebook.com\\\/kunesa1912\\\/\",\"https:\\\/\\\/www.youtube.com\\\/channel\\\/UCQjo0l0DTpzBhvIzwmzvI1g\"]}]}<\/script>\n<!-- \/ Yoast SEO plugin. -->","yoast_head_json":{"title":"Produits pour l'apiculture &#8211; KUNESA apiculture","description":"Ces petits g\u00e9ants jouent un r\u00f4le essentiel dans notre culture et notre agriculture. Vous pouvez nous contacter pour des fournitures apicoles.","robots":{"index":"index","follow":"follow","max-snippet":"max-snippet:-1","max-image-preview":"max-image-preview:large","max-video-preview":"max-video-preview:-1"},"canonical":"https:\/\/www.kunesa.com\/fr\/produits-pour-lapiculture\/","og_locale":"fr_FR","og_type":"article","og_title":"Produits pour l'apiculture &#8211; KUNESA apiculture","og_description":"Ces petits g\u00e9ants jouent un r\u00f4le essentiel dans notre culture et notre agriculture. Vous pouvez nous contacter pour des fournitures apicoles.","og_url":"https:\/\/www.kunesa.com\/fr\/produits-pour-lapiculture\/","og_site_name":"KUNESA","article_publisher":"https:\/\/www.facebook.com\/kunesa1912\/","article_modified_time":"2023-05-02T14:08:20+00:00","twitter_card":"summary_large_image","schema":{"@context":"https:\/\/schema.org","@graph":[{"@type":"WebPage","@id":"https:\/\/www.kunesa.com\/fr\/produits-pour-lapiculture\/","url":"https:\/\/www.kunesa.com\/fr\/produits-pour-lapiculture\/","name":"Produits pour l'apiculture &#8211; KUNESA apiculture","isPartOf":{"@id":"https:\/\/www.kunesa.com\/fr\/#website"},"datePublished":"2021-02-12T20:13:06+00:00","dateModified":"2023-05-02T14:08:20+00:00","description":"Ces petits g\u00e9ants jouent un r\u00f4le essentiel dans notre culture et notre agriculture. Vous pouvez nous contacter pour des fournitures apicoles.","breadcrumb":{"@id":"https:\/\/www.kunesa.com\/fr\/produits-pour-lapiculture\/#breadcrumb"},"inLanguage":"fr-FR","potentialAction":[{"@type":"ReadAction","target":["https:\/\/www.kunesa.com\/fr\/produits-pour-lapiculture\/"]}]},{"@type":"BreadcrumbList","@id":"https:\/\/www.kunesa.com\/fr\/produits-pour-lapiculture\/#breadcrumb","itemListElement":[{"@type":"ListItem","position":1,"name":"Startseite","item":"https:\/\/www.kunesa.com\/fr\/"},{"@type":"ListItem","position":2,"name":"Produits pour l&#8217;apiculture"}]},{"@type":"WebSite","@id":"https:\/\/www.kunesa.com\/fr\/#website","url":"https:\/\/www.kunesa.com\/fr\/","name":"KUNESA","description":"","publisher":{"@id":"https:\/\/www.kunesa.com\/fr\/#organization"},"potentialAction":[{"@type":"SearchAction","target":{"@type":"EntryPoint","urlTemplate":"https:\/\/www.kunesa.com\/fr\/?s={search_term_string}"},"query-input":{"@type":"PropertyValueSpecification","valueRequired":true,"valueName":"search_term_string"}}],"inLanguage":"fr-FR"},{"@type":"Organization","@id":"https:\/\/www.kunesa.com\/fr\/#organization","name":"KUNESA GmbH","url":"https:\/\/www.kunesa.com\/fr\/","logo":{"@type":"ImageObject","inLanguage":"fr-FR","@id":"https:\/\/www.kunesa.com\/fr\/#\/schema\/logo\/image\/","url":"https:\/\/www.kunesa.com\/wp-content\/uploads\/2018\/03\/kunesa_logo.png","contentUrl":"https:\/\/www.kunesa.com\/wp-content\/uploads\/2018\/03\/kunesa_logo.png","width":125,"height":125,"caption":"KUNESA GmbH"},"image":{"@id":"https:\/\/www.kunesa.com\/fr\/#\/schema\/logo\/image\/"},"sameAs":["https:\/\/www.facebook.com\/kunesa1912\/","https:\/\/www.youtube.com\/channel\/UCQjo0l0DTpzBhvIzwmzvI1g"]}]}},"_links":{"self":[{"href":"https:\/\/www.kunesa.com\/fr\/wp-json\/wp\/v2\/pages\/4284","targetHints":{"allow":["GET"]}}],"collection":[{"href":"https:\/\/www.kunesa.com\/fr\/wp-json\/wp\/v2\/pages"}],"about":[{"href":"https:\/\/www.kunesa.com\/fr\/wp-json\/wp\/v2\/types\/page"}],"author":[{"embeddable":true,"href":"https:\/\/www.kunesa.com\/fr\/wp-json\/wp\/v2\/users\/1"}],"replies":[{"embeddable":true,"href":"https:\/\/www.kunesa.com\/fr\/wp-json\/wp\/v2\/comments?post=4284"}],"version-history":[{"count":11,"href":"https:\/\/www.kunesa.com\/fr\/wp-json\/wp\/v2\/pages\/4284\/revisions"}],"predecessor-version":[{"id":6824,"href":"https:\/\/www.kunesa.com\/fr\/wp-json\/wp\/v2\/pages\/4284\/revisions\/6824"}],"wp:attachment":[{"href":"https:\/\/www.kunesa.com\/fr\/wp-json\/wp\/v2\/media?parent=4284"}],"curies":[{"name":"wp","href":"https:\/\/api.w.org\/{rel}","templated":true}]}}