{"id":4302,"date":"2021-02-05T09:58:55","date_gmt":"2021-02-05T08:58:55","guid":{"rendered":"https:\/\/www.kunesa.com\/performances\/"},"modified":"2023-02-03T10:55:01","modified_gmt":"2023-02-03T09:55:01","slug":"performances","status":"publish","type":"page","link":"https:\/\/www.kunesa.com\/fr\/performances\/","title":{"rendered":"Performances"},"content":{"rendered":"<div class=\"entry\">\n\n\n<div class=\"wp-block-columns is-layout-flex wp-container-core-columns-is-layout-9d6595d7 wp-block-columns-is-layout-flex\">\n<div class=\"wp-block-column is-layout-flow wp-block-column-is-layout-flow\" style=\"flex-basis:100%\"><\/div>\n<\/div>\n\n    <div class=\"owl-carousel owl-image-carousel owl-theme no-loop\">\n        \n            <div class=\"owl-slide d-flex align-items-center cover\" style=\"background-image: url(https:\/\/www.kunesa.com\/wp-content\/uploads\/2021\/02\/Startbild_nur-Arbeit-scaled.jpg);\">\n                <div class=\"slider-content static\">\n                    <div class=\"owl-slide-text\">\n                        <h1 class=\"owl-slide-animated owl-slide-title\">Performances<\/h1>\n\n                                                    <h2 class=\"owl-slide-animated owl-slide-subtitle mb-3\">Des id\u00e9es qui fonctionnent.<\/h2>\n                                            <\/div>\n                <\/div>\n            <\/div><!--\/owl-slide-->\n\n            <\/div>\n\n\n<div class=\"content-alternate py-5\">\n    <div class=\"container content-box\">\n        <div class=\"row bg-kontur pt-5\">\n            <div class=\"col-md-4\">\n                <span class=\"content-box-title\">PLANIFICATION. MEUBLANT. TOUT. <\/span>\n            <\/div>\n            <div class=\"col-md-8\">\n                <p><b>Pas encore de planification?<\/b><br \/>\r\nEn collaboration avec notre \u00e9quipe comp\u00e9tente d\u2019architecte, de planification et de d\u00e9veloppement, nous d\u00e9veloppons des solutions parfaites dans les moindres d\u00e9tails. Nous accompagnons nos clients tout au long de la p\u00e9riode en tant que conseil, planification et support.<\/p><br \/>\r\n<b>Vous travaillez d\u00e9j\u00e0 avec un architecte?<\/b><br \/>\r\nOu votre projet est-il bas\u00e9 sur vos propres id\u00e9es ? Aucun probl\u00e8me. Nous sommes \u00e9galement heureux de prendre en charge exclusivement la r\u00e9alisation en ce qui concerne le calcul, la production, la livraison et l\u2019assemblage des objets du projet de KUNESA.<\/p><br \/>\r\n<b>Ou devrait-il plut\u00f4t \u00eatre un paquet complet sans soucis?<\/b><br \/>\r\nEnsuite, mettez tout dans une main et obtenez un r\u00e9sultat final sans vous plaindre. Nous prenons en charge la d\u00e9termination de base, la planification pr\u00e9liminaire, la planification et le calcul de la conception, la commande d\u2019ameublement, les services de planification et les appels d\u2019offres pour les m\u00e9tiers d\u2019accompagnement ainsi que bien s\u00fbr la production, la livraison et le montage de votre projet.<\/p><\/p>\n            <\/div>\n        <\/div>\n    <\/div>\n<\/div>\n    <div class=\"owl-carousel owl-content-carousel owl-theme content-theme\">\n        \n            <div class=\"owl-slide d-flex align-items-center cover\" style=\"background-image: url(https:\/\/www.kunesa.com\/wp-content\/uploads\/2021\/02\/Konzeptideen-3-scaled.jpg);\">\n                <div class=\"slider-content static\">\n                    <div class=\"owl-slide-text\">\n                                                    <span class=\"h2 title owl-slide-title\">ETAPE 1<\/span>\n                                                                            <span class=\"h3 subline owl-slide-subtitle mb-3\">Premiers concept et id\u00e9es<\/span>\n                                                <div class=\"owl-slide-text mb-3\">Le premier rendez-vous, la premi\u00e8re inspection, la premi\u00e8re r\u00e9union. <br \/>\r\nNous parlons de vos souhaits dans une conversation personnelle sur place. On analyse avec vous votre stock actuel et on d\u00e9finit vos besoins. La cadre approximatif avec vos id\u00e9es de design et de fonction est \u00e9galement mis en \u00e9vidence. <br \/>\r\nCes conditions limites accompagnent notre chemin vers le r\u00e9sultat final. <\/div>\n                    <\/div>\n                <\/div>\n            <\/div><!--\/owl-slide-->\n\n        \n            <div class=\"owl-slide d-flex align-items-center cover\" style=\"background-image: url(https:\/\/www.kunesa.com\/wp-content\/uploads\/2021\/02\/Designkonzept-3-scaled.jpg);\">\n                <div class=\"slider-content static\">\n                    <div class=\"owl-slide-text\">\n                                                    <span class=\"h2 title owl-slide-title\">ETAPE 2<\/span>\n                                                                            <span class=\"h3 subline owl-slide-subtitle mb-3\">Elaboration du concept de design<\/span>\n                                                <div class=\"owl-slide-text mb-3\">En fonction de vos souhaits nos sp\u00e9cialistes dans divers domaines d\u00e9veloppent le concept d&rsquo;agencement. Un plan se d\u00e9gage des premi\u00e8res esquisses, qui sont constamment concr\u00e9tis\u00e9es. <br \/>\r\nY compris la recherche des tissus, mat\u00e9riaux et couleurs qui donnent une forme \u00e0 votre projet. <br \/>\r\nLe plan sera visualis\u00e9 en 3D, afin que vous ayez une impression r\u00e9aliste de votre installation. <\/div>\n                    <\/div>\n                <\/div>\n            <\/div><!--\/owl-slide-->\n\n        \n            <div class=\"owl-slide d-flex align-items-center cover\" style=\"background-image: url(https:\/\/www.kunesa.com\/wp-content\/uploads\/2021\/02\/Konstuktion-1.jpg);\">\n                <div class=\"slider-content static\">\n                    <div class=\"owl-slide-text\">\n                                                    <span class=\"h2 title owl-slide-title\">ETAPE 3<\/span>\n                                                                            <span class=\"h3 subline owl-slide-subtitle mb-3\">Construction<\/span>\n                                                <div class=\"owl-slide-text mb-3\">Une fois le concept en place, nous ne nous occupons non seulement de la planification, mais aussi l&rsquo;ex\u00e9cution technique de votre projet.<br \/>\r\n<br \/>\r\nLa planification de l&rsquo;ex\u00e9cution est au coeur de chaque projet. La premi\u00e8re \u00e9bauche par nos designers et techniciens sera pr\u00e9par\u00e9e pour la production. Chaque d\u00e9tail est v\u00e9rifi\u00e9 et optimis\u00e9 si n\u00e9cessaire. <\/div>\n                    <\/div>\n                <\/div>\n            <\/div><!--\/owl-slide-->\n\n        \n            <div class=\"owl-slide d-flex align-items-center cover\" style=\"background-image: url(https:\/\/www.kunesa.com\/wp-content\/uploads\/2021\/02\/Gespraech-Gewerke-1.jpg);\">\n                <div class=\"slider-content static\">\n                    <div class=\"owl-slide-text\">\n                                                    <span class=\"h2 title owl-slide-title\">ETAPE 4<\/span>\n                                                                            <span class=\"h3 subline owl-slide-subtitle mb-3\">Opportunit\u00e9s, participation et coordination<\/span>\n                                                <div class=\"owl-slide-text mb-3\">Dans les projets de construction, peu importe si c&rsquo;est un nouveau b\u00e2timent ou une r\u00e9novation, un m\u00e9tier interf\u00e8re dans l autre, nous serions heureux d&rsquo;organiser l&rsquo;espace \u00e0 votre place. Des d\u00e9tails technique, \u00e9tay\u00e9s si besoin avec les m\u00e9tiers respectifs et cr\u00e9er un planning de construction. <\/div>\n                    <\/div>\n                <\/div>\n            <\/div><!--\/owl-slide-->\n\n        \n            <div class=\"owl-slide d-flex align-items-center cover\" style=\"background-image: url(https:\/\/www.kunesa.com\/wp-content\/uploads\/2021\/02\/Produktion-3-scaled.jpg);\">\n                <div class=\"slider-content static\">\n                    <div class=\"owl-slide-text\">\n                                                    <span class=\"h2 title owl-slide-title\">ETAPE 5<\/span>\n                                                                            <span class=\"h3 subline owl-slide-subtitle mb-3\">Installation<\/span>\n                                                <div class=\"owl-slide-text mb-3\">Seulement lorsque, l&rsquo;esth\u00e9tique et la technologie sont coordonn\u00e9es et en parfaite harmonie, vos meubles seront produits dans notre menuiserie. <br \/>\r\nNous n&rsquo;utilisons que des mat\u00e9riaux de haue qualit\u00e9 et soigneusement s\u00e9lectionn\u00e9s. <\/div>\n                    <\/div>\n                <\/div>\n            <\/div><!--\/owl-slide-->\n\n        \n            <div class=\"owl-slide d-flex align-items-center cover\" style=\"background-image: url(https:\/\/www.kunesa.com\/wp-content\/uploads\/2021\/02\/Lieferung-und-Montage-1-scaled.jpg);\">\n                <div class=\"slider-content static\">\n                    <div class=\"owl-slide-text\">\n                                                    <span class=\"h2 title owl-slide-title\">ETAPE 6<\/span>\n                                                                            <span class=\"h3 subline owl-slide-subtitle mb-3\">Montage de votre installation<\/span>\n                                                <div class=\"owl-slide-text mb-3\">Notre \u00e9quipe de monteurs qualifi\u00e9s prend le relais du montage final de votre installation.<br \/>\r\nUn montage avec un commerce ouvert n&rsquo;est pas un probl\u00e8me pour nous. <\/div>\n                    <\/div>\n                <\/div>\n            <\/div><!--\/owl-slide-->\n\n            <\/div>\n\n\n    <div class=\"container py-5\">\n        <div class=\"row text-image-set-container\">\n\n            \n                <div class=\"col-md-12 mt-5\">\n                    <div class=\"container text-image-set\">\n                        <div class=\"row my-5\">\n                                                            <div class=\"col-md-4 content-image-wrap\">\n                                    <div class=\"content-image\">\n                                        <img decoding=\"async\" class=\"icon\" src=\"https:\/\/www.kunesa.com\/wp-content\/uploads\/2021\/02\/Icon_PlanEntwicklung-1.jpg\" alt=\"Planification et D\u00e9veloppement\" title=\"Planification et D\u00e9veloppement\" \/>\n                                    <\/div>\n\n                                    <div class=\"content-title text-center\">\n                                        <p class=\"h3 title\">Planification et D\u00e9veloppement<\/p>\n                                    <\/div>\n                                <\/div>\n                            \n                            <div class=\"col-md-8 content-text-wrap\">\n                                <div class=\"content-text\">\n                                    <p class=\"h4 title\">L\u00b4ID\u00c9E DE DE D\u00c9PART ET UNE CONCR\u00c9TISATON EXCEPTIONELLE.<\/p>\n                                    <p style=\"text-align: left;\">Vos souhaits et votre imagination sans limites.<\/p>\n<p style=\"text-align: left;\">Lorsque la forme et la fonction sont en parfaite harmonie et que le projet vous convient alors notre \u00e9quipe est pr\u00eate pour la prochaine \u00e9tape.<\/p>\n<p style=\"text-align: left;\">D\u00e9termination cibl\u00e9e des besoins, pens\u00e9e creative et design individuel fa\u00e7onnent notre \u00e9quipe de planifiction et de d\u00e9veloppement  tout comme la r\u00e9ussite \u00e9conomique de nos clients en tenant compte de tous les crit\u00e8res ainsi que de la r\u00e8glementation.<\/p>\n                                <\/div>\n                            <\/div>\n\n                                                    <\/div>\n                    <\/div>\n                <\/div>\n            \n                <div class=\"col-md-12 mt-5\">\n                    <div class=\"container text-image-set\">\n                        <div class=\"row my-5\">\n                                                            <div class=\"col-md-4 content-image-wrap\">\n                                    <div class=\"content-image\">\n                                        <img decoding=\"async\" class=\"icon\" src=\"https:\/\/www.kunesa.com\/wp-content\/uploads\/2021\/02\/Icon_ProduktonProdukt-1.jpg\" alt=\"Production et Produit\" title=\"Production et Produit\" \/>\n                                    <\/div>\n\n                                    <div class=\"content-title text-center\">\n                                        <p class=\"h3 title\">Production et Produit<\/p>\n                                    <\/div>\n                                <\/div>\n                            \n                            <div class=\"col-md-8 content-text-wrap\">\n                                <div class=\"content-text\">\n                                    <p class=\"h4 title\">NOTRE COEUR EST BAS\u00c9 SUR LE FAIRE VOUS-M\u00caME, AU LIEU DE LAISSER FAIRE.<\/p>\n                                    <p style=\"text-align: left;\">Dans notre manufacture familiale industriel de bois, m\u00e9tal, plastique. Nous combinons la transformation du m\u00e9tal et du plastique avec des comp\u00e9tences de fabrication traditionnelles avec les derni\u00e8res techniques de production.<\/p>\n<p style=\"text-align: left;\">Nous nous imposons des exigences \u00e9lev\u00e9es, \u00e0 notre travail et \u00e0 nos fournisseurs. Nous n&rsquo;utilisons que des produits de premi\u00e8re qualit\u00e9 et soigneusement s\u00e9lectionn\u00e9s. Pour des contraintes extr\u00eames et une durabilit\u00e9 extr\u00eame.<\/p>\n<p style=\"text-align: left;\">Pens\u00e9e de qualit\u00e9 coh\u00e9rente, inspections r\u00e9guli\u00e8res et d\u00e9veloppements constants sont pour nous, l&rsquo;exigence de base pour la production de produits qualitativement convaincants et innovants.<\/p>\n                                <\/div>\n                            <\/div>\n\n                                                    <\/div>\n                    <\/div>\n                <\/div>\n            \n                <div class=\"col-md-12 mt-5\">\n                    <div class=\"container text-image-set\">\n                        <div class=\"row my-5\">\n                                                            <div class=\"col-md-4 content-image-wrap\">\n                                    <div class=\"content-image\">\n                                        <img decoding=\"async\" class=\"icon\" src=\"https:\/\/www.kunesa.com\/wp-content\/uploads\/2021\/02\/Icon_LieferungMontage-1.jpg\" alt=\"Livraison et Montage\" title=\"Livraison et Montage\" \/>\n                                    <\/div>\n\n                                    <div class=\"content-title text-center\">\n                                        <p class=\"h3 title\">Livraison et Montage<\/p>\n                                    <\/div>\n                                <\/div>\n                            \n                            <div class=\"col-md-8 content-text-wrap\">\n                                <div class=\"content-text\">\n                                    <p class=\"h4 title\">AVEC FINESSE POUR UN ASSEMBLAGE FINAL PARFAIT.<\/p>\n                                    <p style=\"text-align: left;\">Ponctuels nos monteurs d\u00e9marrent l&rsquo;installation et avec soins et assurent une fiabilit\u00e9, un assemblage final professionnel et propre.<\/p>\n<p style=\"text-align: left;\">Tous les processus sont soigneusement pr\u00e9par\u00e9s et coordonn\u00e9s professionnellement sur place.<\/p>\n<p style=\"text-align: left;\">Su place, si vous avez des questions ou des pr\u00e9occupations, vous pouvez toujours compter sur nos professionnels.<\/p>\n<p style=\"text-align: left;\">L&rsquo;assemblage \u00e0 l&rsquo;usine, avec plaisir ! Nous sommes sp\u00e9cialistes de l&rsquo;int\u00e9gration de votre activit\u00e9 dans nos activit\u00e9s quotidiennes.<\/p>\n                                <\/div>\n                            <\/div>\n\n                                                    <\/div>\n                    <\/div>\n                <\/div>\n            \n                <div class=\"col-md-12 mt-5\">\n                    <div class=\"container text-image-set\">\n                        <div class=\"row my-5\">\n                                                            <div class=\"col-md-4 content-image-wrap\">\n                                    <div class=\"content-image\">\n                                        <img decoding=\"async\" class=\"icon\" src=\"https:\/\/www.kunesa.com\/wp-content\/uploads\/2021\/02\/Icon_ServiceBeratung-1.jpg\" alt=\"Conseil et Service\" title=\"Conseil et Service\" \/>\n                                    <\/div>\n\n                                    <div class=\"content-title text-center\">\n                                        <p class=\"h3 title\">Conseil et Service<\/p>\n                                    <\/div>\n                                <\/div>\n                            \n                            <div class=\"col-md-8 content-text-wrap\">\n                                <div class=\"content-text\">\n                                    <p class=\"h4 title\">UN SERVICE CONVAINCANT ET UNE ATTIDUE AU TRAVAIL.<\/p>\n                                    <p style=\"text-align: left;\">Au plus tard lors du service, le bon grain se s\u00e9pare de l&rsquo;ivraie. Surtout devant l&rsquo;enthousiasme du client. La pure fonctionnalit\u00e9 d&rsquo;un produit ou la bonne ex\u00e9cution d&rsquo;un service est n\u00e9cessaire dans la plupart des cas.<\/p>\n<p style=\"text-align: left;\">Auand on dit au revoir au client, une chose est particuli\u00e8rement importante : votre enthousiasme !<\/p>\n<p style=\"text-align: left;\">Apr\u00e8s plus de 100 ans, nous pouvons dire une chose avec certitude: \u00b4Nous venons en tant qu&rsquo;entrepreneurs et partons en amis.\u00b4 Et l&rsquo;exp\u00e9rience a montr\u00e9 qu&rsquo;on pouvait toujours tout miser sur cette carte: \u00b4Nous voulons que vous nous recommandiez \u00e0 d&rsquo;autres.\u00b4<\/p>\n                                <\/div>\n                            <\/div>\n\n                                                    <\/div>\n                    <\/div>\n                <\/div>\n                    <\/div>\n    <\/div>\n\n\n\n<\/div>","protected":false},"excerpt":{"rendered":"","protected":false},"author":1,"featured_media":0,"parent":0,"menu_order":10,"comment_status":"closed","ping_status":"closed","template":"page-blocks.php","meta":{"_acf_changed":false,"ngg_post_thumbnail":0,"footnotes":""},"class_list":["post-4302","page","type-page","status-publish"],"acf":[],"yoast_head":"<!-- This site is optimized with the Yoast SEO plugin v27.4 - https:\/\/yoast.com\/product\/yoast-seo-wordpress\/ -->\n<title>Performances &#8211; KUNESA<\/title>\n<meta name=\"robots\" content=\"index, follow, max-snippet:-1, max-image-preview:large, max-video-preview:-1\" \/>\n<link rel=\"canonical\" href=\"https:\/\/www.kunesa.com\/fr\/performances\/\" \/>\n<meta property=\"og:locale\" content=\"fr_FR\" \/>\n<meta property=\"og:type\" content=\"article\" \/>\n<meta property=\"og:title\" content=\"Performances &#8211; KUNESA\" \/>\n<meta property=\"og:url\" content=\"https:\/\/www.kunesa.com\/fr\/performances\/\" \/>\n<meta property=\"og:site_name\" content=\"KUNESA\" \/>\n<meta property=\"article:publisher\" content=\"https:\/\/www.facebook.com\/kunesa1912\/\" \/>\n<meta property=\"article:modified_time\" content=\"2023-02-03T09:55:01+00:00\" \/>\n<meta name=\"twitter:card\" content=\"summary_large_image\" \/>\n<script type=\"application\/ld+json\" class=\"yoast-schema-graph\">{\"@context\":\"https:\\\/\\\/schema.org\",\"@graph\":[{\"@type\":\"WebPage\",\"@id\":\"https:\\\/\\\/www.kunesa.com\\\/fr\\\/performances\\\/\",\"url\":\"https:\\\/\\\/www.kunesa.com\\\/fr\\\/performances\\\/\",\"name\":\"Performances &#8211; KUNESA\",\"isPartOf\":{\"@id\":\"https:\\\/\\\/www.kunesa.com\\\/fr\\\/#website\"},\"datePublished\":\"2021-02-05T08:58:55+00:00\",\"dateModified\":\"2023-02-03T09:55:01+00:00\",\"breadcrumb\":{\"@id\":\"https:\\\/\\\/www.kunesa.com\\\/fr\\\/performances\\\/#breadcrumb\"},\"inLanguage\":\"fr-FR\",\"potentialAction\":[{\"@type\":\"ReadAction\",\"target\":[\"https:\\\/\\\/www.kunesa.com\\\/fr\\\/performances\\\/\"]}]},{\"@type\":\"BreadcrumbList\",\"@id\":\"https:\\\/\\\/www.kunesa.com\\\/fr\\\/performances\\\/#breadcrumb\",\"itemListElement\":[{\"@type\":\"ListItem\",\"position\":1,\"name\":\"Startseite\",\"item\":\"https:\\\/\\\/www.kunesa.com\\\/fr\\\/\"},{\"@type\":\"ListItem\",\"position\":2,\"name\":\"Performances\"}]},{\"@type\":\"WebSite\",\"@id\":\"https:\\\/\\\/www.kunesa.com\\\/fr\\\/#website\",\"url\":\"https:\\\/\\\/www.kunesa.com\\\/fr\\\/\",\"name\":\"KUNESA\",\"description\":\"\",\"publisher\":{\"@id\":\"https:\\\/\\\/www.kunesa.com\\\/fr\\\/#organization\"},\"potentialAction\":[{\"@type\":\"SearchAction\",\"target\":{\"@type\":\"EntryPoint\",\"urlTemplate\":\"https:\\\/\\\/www.kunesa.com\\\/fr\\\/?s={search_term_string}\"},\"query-input\":{\"@type\":\"PropertyValueSpecification\",\"valueRequired\":true,\"valueName\":\"search_term_string\"}}],\"inLanguage\":\"fr-FR\"},{\"@type\":\"Organization\",\"@id\":\"https:\\\/\\\/www.kunesa.com\\\/fr\\\/#organization\",\"name\":\"KUNESA GmbH\",\"url\":\"https:\\\/\\\/www.kunesa.com\\\/fr\\\/\",\"logo\":{\"@type\":\"ImageObject\",\"inLanguage\":\"fr-FR\",\"@id\":\"https:\\\/\\\/www.kunesa.com\\\/fr\\\/#\\\/schema\\\/logo\\\/image\\\/\",\"url\":\"https:\\\/\\\/www.kunesa.com\\\/wp-content\\\/uploads\\\/2018\\\/03\\\/kunesa_logo.png\",\"contentUrl\":\"https:\\\/\\\/www.kunesa.com\\\/wp-content\\\/uploads\\\/2018\\\/03\\\/kunesa_logo.png\",\"width\":125,\"height\":125,\"caption\":\"KUNESA GmbH\"},\"image\":{\"@id\":\"https:\\\/\\\/www.kunesa.com\\\/fr\\\/#\\\/schema\\\/logo\\\/image\\\/\"},\"sameAs\":[\"https:\\\/\\\/www.facebook.com\\\/kunesa1912\\\/\",\"https:\\\/\\\/www.youtube.com\\\/channel\\\/UCQjo0l0DTpzBhvIzwmzvI1g\"]}]}<\/script>\n<!-- \/ Yoast SEO plugin. -->","yoast_head_json":{"title":"Performances &#8211; KUNESA","robots":{"index":"index","follow":"follow","max-snippet":"max-snippet:-1","max-image-preview":"max-image-preview:large","max-video-preview":"max-video-preview:-1"},"canonical":"https:\/\/www.kunesa.com\/fr\/performances\/","og_locale":"fr_FR","og_type":"article","og_title":"Performances &#8211; KUNESA","og_url":"https:\/\/www.kunesa.com\/fr\/performances\/","og_site_name":"KUNESA","article_publisher":"https:\/\/www.facebook.com\/kunesa1912\/","article_modified_time":"2023-02-03T09:55:01+00:00","twitter_card":"summary_large_image","schema":{"@context":"https:\/\/schema.org","@graph":[{"@type":"WebPage","@id":"https:\/\/www.kunesa.com\/fr\/performances\/","url":"https:\/\/www.kunesa.com\/fr\/performances\/","name":"Performances &#8211; KUNESA","isPartOf":{"@id":"https:\/\/www.kunesa.com\/fr\/#website"},"datePublished":"2021-02-05T08:58:55+00:00","dateModified":"2023-02-03T09:55:01+00:00","breadcrumb":{"@id":"https:\/\/www.kunesa.com\/fr\/performances\/#breadcrumb"},"inLanguage":"fr-FR","potentialAction":[{"@type":"ReadAction","target":["https:\/\/www.kunesa.com\/fr\/performances\/"]}]},{"@type":"BreadcrumbList","@id":"https:\/\/www.kunesa.com\/fr\/performances\/#breadcrumb","itemListElement":[{"@type":"ListItem","position":1,"name":"Startseite","item":"https:\/\/www.kunesa.com\/fr\/"},{"@type":"ListItem","position":2,"name":"Performances"}]},{"@type":"WebSite","@id":"https:\/\/www.kunesa.com\/fr\/#website","url":"https:\/\/www.kunesa.com\/fr\/","name":"KUNESA","description":"","publisher":{"@id":"https:\/\/www.kunesa.com\/fr\/#organization"},"potentialAction":[{"@type":"SearchAction","target":{"@type":"EntryPoint","urlTemplate":"https:\/\/www.kunesa.com\/fr\/?s={search_term_string}"},"query-input":{"@type":"PropertyValueSpecification","valueRequired":true,"valueName":"search_term_string"}}],"inLanguage":"fr-FR"},{"@type":"Organization","@id":"https:\/\/www.kunesa.com\/fr\/#organization","name":"KUNESA GmbH","url":"https:\/\/www.kunesa.com\/fr\/","logo":{"@type":"ImageObject","inLanguage":"fr-FR","@id":"https:\/\/www.kunesa.com\/fr\/#\/schema\/logo\/image\/","url":"https:\/\/www.kunesa.com\/wp-content\/uploads\/2018\/03\/kunesa_logo.png","contentUrl":"https:\/\/www.kunesa.com\/wp-content\/uploads\/2018\/03\/kunesa_logo.png","width":125,"height":125,"caption":"KUNESA GmbH"},"image":{"@id":"https:\/\/www.kunesa.com\/fr\/#\/schema\/logo\/image\/"},"sameAs":["https:\/\/www.facebook.com\/kunesa1912\/","https:\/\/www.youtube.com\/channel\/UCQjo0l0DTpzBhvIzwmzvI1g"]}]}},"_links":{"self":[{"href":"https:\/\/www.kunesa.com\/fr\/wp-json\/wp\/v2\/pages\/4302","targetHints":{"allow":["GET"]}}],"collection":[{"href":"https:\/\/www.kunesa.com\/fr\/wp-json\/wp\/v2\/pages"}],"about":[{"href":"https:\/\/www.kunesa.com\/fr\/wp-json\/wp\/v2\/types\/page"}],"author":[{"embeddable":true,"href":"https:\/\/www.kunesa.com\/fr\/wp-json\/wp\/v2\/users\/1"}],"replies":[{"embeddable":true,"href":"https:\/\/www.kunesa.com\/fr\/wp-json\/wp\/v2\/comments?post=4302"}],"version-history":[{"count":28,"href":"https:\/\/www.kunesa.com\/fr\/wp-json\/wp\/v2\/pages\/4302\/revisions"}],"predecessor-version":[{"id":6723,"href":"https:\/\/www.kunesa.com\/fr\/wp-json\/wp\/v2\/pages\/4302\/revisions\/6723"}],"wp:attachment":[{"href":"https:\/\/www.kunesa.com\/fr\/wp-json\/wp\/v2\/media?parent=4302"}],"curies":[{"name":"wp","href":"https:\/\/api.w.org\/{rel}","templated":true}]}}