{"id":4428,"date":"2021-02-12T12:49:35","date_gmt":"2021-02-12T11:49:35","guid":{"rendered":"https:\/\/www.kunesa.com\/hotellerie-et-restauration\/restauration\/"},"modified":"2022-03-05T13:59:33","modified_gmt":"2022-03-05T12:59:33","slug":"restauration","status":"publish","type":"page","link":"https:\/\/www.kunesa.com\/fr\/hoga\/restauration\/","title":{"rendered":"Restauration"},"content":{"rendered":"<div class=\"entry\">\n\n\n    <div class=\"owl-carousel owl-image-carousel owl-theme no-loop\">\n        \n            <div class=\"owl-slide d-flex align-items-center cover\" style=\"background-image: url(https:\/\/www.kunesa.com\/wp-content\/uploads\/2021\/02\/gastronomie.jpg);\">\n                <div class=\"slider-content static\">\n                    <div class=\"owl-slide-text\">\n                        <h1 class=\"owl-slide-animated owl-slide-title\">Salle de restauration<\/h1>\n\n                                            <\/div>\n                <\/div>\n            <\/div><!--\/owl-slide-->\n\n            <\/div>\n\n\n<div class=\"content-alternate py-5\">\n    <div class=\"container content-box\">\n        <div class=\"row bg-kontur pt-5\">\n            <div class=\"col-md-4\">\n                <span class=\"content-box-title\">La premi\u00e8re impression compte<\/span>\n            <\/div>\n            <div class=\"col-md-8\">\n                <p>L\u2019hospitalit\u00e9 est un art, pour que les visiteurs restent sans les emp\u00eacher de partir.<br \/>\r\n<br \/>\r\nEn tant que pourvoyeur pour la restauration, nous connaissons et comprenons vos pr\u00e9occupations et vos besoins.<br \/>\r\nQue ce soit classique, \u00e9l\u00e9gant ou moderne \u2013<br \/>\r\nNos sp\u00e9cialistes cr\u00e9atifs dans divers domaines cr\u00e9es avec vous votre ambiance individuelle et de bon go\u00fbt.<br \/>\r\n<br \/>\r\nUne atmosph\u00e8re de bien-\u00eatre incomparable, dans lequel non seuleent vos invit\u00e9s peuvent passer un bon moment, mais aussi votre \u00e9quipe.<\/p>\n            <\/div>\n        <\/div>\n    <\/div>\n<\/div>\n<div class=\"container mb-5\">\n    <div class=\"row\">\n                            <div class=\"col-md-4 mt-5\">\n                        <div id=\"reftile-91\">\n                            <p id=\"rm-91\" class=\"rm-reference-anchor\">&nbsp;<\/p>\n                            <div class=\"c-tile reference-tile\">\n                                <a href=\"\/fr\/hotellerie-et-restauration\/references\/?g=le-feu-foodtruck-belm&#038;rl=[$1]fr[$1]wp-json[$1]wp[$1]v2[$1]pages[$1]4428&#038;ra=rm-91\" target=\"_self\">\n                                    <img decoding=\"async\" src=\"\/wp-content\/uploads\/sites\/1\/nggallery\/le-feu-foodtruck-belm\/Le-Feu-Foodtruck.jpg\"\n                                         alt=\"Le Feu Foodtruck\"\n                                         title=\"Le Feu Foodtruck\" \/>\n                                <\/a>\n                            <\/div>\n                            <div class=\"c-tile-under\">\n                                <p class=\"h2 title\">Le Feu Foodtruck<\/p>\n                                <p class=\"h3 subline\"><\/p>\n                            <\/div>\n                        <\/div>\n                    <\/div>\n                                    <div class=\"col-md-4 mt-5\">\n                        <div id=\"reftile-82\">\n                            <p id=\"rm-82\" class=\"rm-reference-anchor\">&nbsp;<\/p>\n                            <div class=\"c-tile reference-tile\">\n                                <a href=\"\/fr\/hotellerie-et-restauration\/references\/?g=gasthof-alter-markt-losheim-am-see&#038;rl=[$1]fr[$1]wp-json[$1]wp[$1]v2[$1]pages[$1]4428&#038;ra=rm-82\" target=\"_self\">\n                                    <img decoding=\"async\" src=\"\/wp-content\/uploads\/sites\/1\/nggallery\/gasthof-alter-markt-losheim-am-see\/1.jpg\"\n                                         alt=\"Gasthof alter Markt\"\n                                         title=\"Gasthof alter Markt\" \/>\n                                <\/a>\n                            <\/div>\n                            <div class=\"c-tile-under\">\n                                <p class=\"h2 title\">Gasthof alter Markt<\/p>\n                                <p class=\"h3 subline\">Losheim am See<\/p>\n                            <\/div>\n                        <\/div>\n                    <\/div>\n                                    <div class=\"col-md-4 mt-5\">\n                        <div id=\"reftile-89\">\n                            <p id=\"rm-89\" class=\"rm-reference-anchor\">&nbsp;<\/p>\n                            <div class=\"c-tile reference-tile\">\n                                <a href=\"\/fr\/hotellerie-et-restauration\/references\/?g=cafe-alpin-ulm&#038;rl=[$1]fr[$1]wp-json[$1]wp[$1]v2[$1]pages[$1]4428&#038;ra=rm-89\" target=\"_self\">\n                                    <img decoding=\"async\" src=\"\/wp-content\/uploads\/sites\/1\/nggallery\/cafe-alpin-ulm\/Mohrenkoepfle1.jpg\"\n                                         alt=\"Caf\u00e9 Alpin\"\n                                         title=\"Caf\u00e9 Alpin\" \/>\n                                <\/a>\n                            <\/div>\n                            <div class=\"c-tile-under\">\n                                <p class=\"h2 title\">Caf\u00e9 Alpin<\/p>\n                                <p class=\"h3 subline\">Ulm<\/p>\n                            <\/div>\n                        <\/div>\n                    <\/div>\n                                    <div class=\"col-md-4 mt-5\">\n                        <div id=\"reftile-90\">\n                            <p id=\"rm-90\" class=\"rm-reference-anchor\">&nbsp;<\/p>\n                            <div class=\"c-tile reference-tile\">\n                                <a href=\"\/fr\/hotellerie-et-restauration\/references\/?g=kaffeehaus-restaurant-konditorei-konzertsaal-neu-ulm&#038;rl=[$1]fr[$1]wp-json[$1]wp[$1]v2[$1]pages[$1]4428&#038;ra=rm-90\" target=\"_self\">\n                                    <img decoding=\"async\" src=\"\/wp-content\/uploads\/sites\/1\/nggallery\/kaffeehaus-restaurant-konditorei-konzertsaal-neu-ulm\/Konzertsaal1.jpg\"\n                                         alt=\"Kaffeehaus Restaurant Konditorei Konzertsaal\"\n                                         title=\"Kaffeehaus Restaurant Konditorei Konzertsaal\" \/>\n                                <\/a>\n                            <\/div>\n                            <div class=\"c-tile-under\">\n                                <p class=\"h2 title\">Kaffeehaus Restaurant Konditorei Konzertsaal<\/p>\n                                <p class=\"h3 subline\">Neu-Ulm<\/p>\n                            <\/div>\n                        <\/div>\n                    <\/div>\n                    <\/div>\n<\/div>\n    <div class=\"container mb-5\">\n        <div class=\"row\">\n                            <div class=\"col-md-4 mt-5\">\n                    <div class=\"c-tile inverted\">\n                        <a href=\"\/fr\/hoga\/3d-animation\" target=\"_self\">\n                            <img decoding=\"async\" src=\"https:\/\/www.kunesa.com\/wp-content\/uploads\/2021\/02\/3D-Animation-1.jpg\" alt=\"3D Animation\" title=\"3D Animation\" \/>\n                            <div class=\"overlay\">&nbsp;<\/div>\n                            <div class=\"middle\">\n                                <span class=\"h2 title\">3D Animation<\/span>\n                            <\/div>\n                        <\/a>\n                    <\/div>\n                <\/div>\n                            <div class=\"col-md-4 mt-5\">\n                    <div class=\"c-tile inverted\">\n                        <a href=\"\/fr\/hoga\/produits\" target=\"_self\">\n                            <img decoding=\"async\" src=\"https:\/\/www.kunesa.com\/wp-content\/uploads\/2021\/02\/produktkatalog-4.jpg\" alt=\"Produits\" title=\"Produits\" \/>\n                            <div class=\"overlay\">&nbsp;<\/div>\n                            <div class=\"middle\">\n                                <span class=\"h2 title\">Produits<\/span>\n                            <\/div>\n                        <\/a>\n                    <\/div>\n                <\/div>\n                            <div class=\"col-md-4 mt-5\">\n                    <div class=\"c-tile inverted\">\n                        <a href=\"\/fr\/hoga\" target=\"_self\">\n                            <img decoding=\"async\" src=\"https:\/\/www.kunesa.com\/wp-content\/uploads\/2021\/02\/tile-hoga-1.png\" alt=\"Vue d'ensemble\" title=\"Vue d'ensemble\" \/>\n                            <div class=\"overlay\">&nbsp;<\/div>\n                            <div class=\"middle\">\n                                <span class=\"h2 title\">Vue d&rsquo;ensemble<\/span>\n                            <\/div>\n                        <\/a>\n                    <\/div>\n                <\/div>\n                    <\/div>\n    <\/div>\n\n\n\n<\/div>","protected":false},"excerpt":{"rendered":"","protected":false},"author":1,"featured_media":0,"parent":4259,"menu_order":5,"comment_status":"closed","ping_status":"closed","template":"page-blocks.php","meta":{"_acf_changed":false,"ngg_post_thumbnail":0,"footnotes":""},"class_list":["post-4428","page","type-page","status-publish"],"acf":[],"yoast_head":"<!-- This site is optimized with the Yoast SEO plugin v27.6 - https:\/\/yoast.com\/product\/yoast-seo-wordpress\/ -->\n<title>Restauration &#8211; KUNESA<\/title>\n<meta name=\"robots\" content=\"index, follow, max-snippet:-1, max-image-preview:large, max-video-preview:-1\" \/>\n<link rel=\"canonical\" href=\"https:\/\/www.kunesa.com\/fr\/hoga\/restauration\/\" \/>\n<meta property=\"og:locale\" content=\"fr_FR\" \/>\n<meta property=\"og:type\" content=\"article\" \/>\n<meta property=\"og:title\" content=\"Restauration &#8211; KUNESA\" \/>\n<meta property=\"og:url\" content=\"https:\/\/www.kunesa.com\/fr\/hoga\/restauration\/\" \/>\n<meta property=\"og:site_name\" content=\"KUNESA\" \/>\n<meta property=\"article:publisher\" content=\"https:\/\/www.facebook.com\/kunesa1912\/\" \/>\n<meta property=\"article:modified_time\" content=\"2022-03-05T12:59:33+00:00\" \/>\n<meta name=\"twitter:card\" content=\"summary_large_image\" \/>\n<script type=\"application\/ld+json\" class=\"yoast-schema-graph\">{\"@context\":\"https:\\\/\\\/schema.org\",\"@graph\":[{\"@type\":\"WebPage\",\"@id\":\"https:\\\/\\\/www.kunesa.com\\\/fr\\\/hoga\\\/restauration\\\/\",\"url\":\"https:\\\/\\\/www.kunesa.com\\\/fr\\\/hoga\\\/restauration\\\/\",\"name\":\"Restauration &#8211; KUNESA\",\"isPartOf\":{\"@id\":\"https:\\\/\\\/www.kunesa.com\\\/fr\\\/#website\"},\"datePublished\":\"2021-02-12T11:49:35+00:00\",\"dateModified\":\"2022-03-05T12:59:33+00:00\",\"breadcrumb\":{\"@id\":\"https:\\\/\\\/www.kunesa.com\\\/fr\\\/hoga\\\/restauration\\\/#breadcrumb\"},\"inLanguage\":\"fr-FR\",\"potentialAction\":[{\"@type\":\"ReadAction\",\"target\":[\"https:\\\/\\\/www.kunesa.com\\\/fr\\\/hoga\\\/restauration\\\/\"]}]},{\"@type\":\"BreadcrumbList\",\"@id\":\"https:\\\/\\\/www.kunesa.com\\\/fr\\\/hoga\\\/restauration\\\/#breadcrumb\",\"itemListElement\":[{\"@type\":\"ListItem\",\"position\":1,\"name\":\"Startseite\",\"item\":\"https:\\\/\\\/www.kunesa.com\\\/fr\\\/\"},{\"@type\":\"ListItem\",\"position\":2,\"name\":\"H\u00f4tellerie et restauration\",\"item\":\"https:\\\/\\\/www.kunesa.com\\\/fr\\\/hoga\\\/\"},{\"@type\":\"ListItem\",\"position\":3,\"name\":\"Restauration\"}]},{\"@type\":\"WebSite\",\"@id\":\"https:\\\/\\\/www.kunesa.com\\\/fr\\\/#website\",\"url\":\"https:\\\/\\\/www.kunesa.com\\\/fr\\\/\",\"name\":\"KUNESA\",\"description\":\"\",\"publisher\":{\"@id\":\"https:\\\/\\\/www.kunesa.com\\\/fr\\\/#organization\"},\"potentialAction\":[{\"@type\":\"SearchAction\",\"target\":{\"@type\":\"EntryPoint\",\"urlTemplate\":\"https:\\\/\\\/www.kunesa.com\\\/fr\\\/?s={search_term_string}\"},\"query-input\":{\"@type\":\"PropertyValueSpecification\",\"valueRequired\":true,\"valueName\":\"search_term_string\"}}],\"inLanguage\":\"fr-FR\"},{\"@type\":\"Organization\",\"@id\":\"https:\\\/\\\/www.kunesa.com\\\/fr\\\/#organization\",\"name\":\"KUNESA GmbH\",\"url\":\"https:\\\/\\\/www.kunesa.com\\\/fr\\\/\",\"logo\":{\"@type\":\"ImageObject\",\"inLanguage\":\"fr-FR\",\"@id\":\"https:\\\/\\\/www.kunesa.com\\\/fr\\\/#\\\/schema\\\/logo\\\/image\\\/\",\"url\":\"https:\\\/\\\/www.kunesa.com\\\/wp-content\\\/uploads\\\/2018\\\/03\\\/kunesa_logo.png\",\"contentUrl\":\"https:\\\/\\\/www.kunesa.com\\\/wp-content\\\/uploads\\\/2018\\\/03\\\/kunesa_logo.png\",\"width\":125,\"height\":125,\"caption\":\"KUNESA GmbH\"},\"image\":{\"@id\":\"https:\\\/\\\/www.kunesa.com\\\/fr\\\/#\\\/schema\\\/logo\\\/image\\\/\"},\"sameAs\":[\"https:\\\/\\\/www.facebook.com\\\/kunesa1912\\\/\",\"https:\\\/\\\/www.youtube.com\\\/channel\\\/UCQjo0l0DTpzBhvIzwmzvI1g\"]}]}<\/script>\n<!-- \/ Yoast SEO plugin. -->","yoast_head_json":{"title":"Restauration &#8211; KUNESA","robots":{"index":"index","follow":"follow","max-snippet":"max-snippet:-1","max-image-preview":"max-image-preview:large","max-video-preview":"max-video-preview:-1"},"canonical":"https:\/\/www.kunesa.com\/fr\/hoga\/restauration\/","og_locale":"fr_FR","og_type":"article","og_title":"Restauration &#8211; KUNESA","og_url":"https:\/\/www.kunesa.com\/fr\/hoga\/restauration\/","og_site_name":"KUNESA","article_publisher":"https:\/\/www.facebook.com\/kunesa1912\/","article_modified_time":"2022-03-05T12:59:33+00:00","twitter_card":"summary_large_image","schema":{"@context":"https:\/\/schema.org","@graph":[{"@type":"WebPage","@id":"https:\/\/www.kunesa.com\/fr\/hoga\/restauration\/","url":"https:\/\/www.kunesa.com\/fr\/hoga\/restauration\/","name":"Restauration &#8211; KUNESA","isPartOf":{"@id":"https:\/\/www.kunesa.com\/fr\/#website"},"datePublished":"2021-02-12T11:49:35+00:00","dateModified":"2022-03-05T12:59:33+00:00","breadcrumb":{"@id":"https:\/\/www.kunesa.com\/fr\/hoga\/restauration\/#breadcrumb"},"inLanguage":"fr-FR","potentialAction":[{"@type":"ReadAction","target":["https:\/\/www.kunesa.com\/fr\/hoga\/restauration\/"]}]},{"@type":"BreadcrumbList","@id":"https:\/\/www.kunesa.com\/fr\/hoga\/restauration\/#breadcrumb","itemListElement":[{"@type":"ListItem","position":1,"name":"Startseite","item":"https:\/\/www.kunesa.com\/fr\/"},{"@type":"ListItem","position":2,"name":"H\u00f4tellerie et restauration","item":"https:\/\/www.kunesa.com\/fr\/hoga\/"},{"@type":"ListItem","position":3,"name":"Restauration"}]},{"@type":"WebSite","@id":"https:\/\/www.kunesa.com\/fr\/#website","url":"https:\/\/www.kunesa.com\/fr\/","name":"KUNESA","description":"","publisher":{"@id":"https:\/\/www.kunesa.com\/fr\/#organization"},"potentialAction":[{"@type":"SearchAction","target":{"@type":"EntryPoint","urlTemplate":"https:\/\/www.kunesa.com\/fr\/?s={search_term_string}"},"query-input":{"@type":"PropertyValueSpecification","valueRequired":true,"valueName":"search_term_string"}}],"inLanguage":"fr-FR"},{"@type":"Organization","@id":"https:\/\/www.kunesa.com\/fr\/#organization","name":"KUNESA GmbH","url":"https:\/\/www.kunesa.com\/fr\/","logo":{"@type":"ImageObject","inLanguage":"fr-FR","@id":"https:\/\/www.kunesa.com\/fr\/#\/schema\/logo\/image\/","url":"https:\/\/www.kunesa.com\/wp-content\/uploads\/2018\/03\/kunesa_logo.png","contentUrl":"https:\/\/www.kunesa.com\/wp-content\/uploads\/2018\/03\/kunesa_logo.png","width":125,"height":125,"caption":"KUNESA GmbH"},"image":{"@id":"https:\/\/www.kunesa.com\/fr\/#\/schema\/logo\/image\/"},"sameAs":["https:\/\/www.facebook.com\/kunesa1912\/","https:\/\/www.youtube.com\/channel\/UCQjo0l0DTpzBhvIzwmzvI1g"]}]}},"_links":{"self":[{"href":"https:\/\/www.kunesa.com\/fr\/wp-json\/wp\/v2\/pages\/4428","targetHints":{"allow":["GET"]}}],"collection":[{"href":"https:\/\/www.kunesa.com\/fr\/wp-json\/wp\/v2\/pages"}],"about":[{"href":"https:\/\/www.kunesa.com\/fr\/wp-json\/wp\/v2\/types\/page"}],"author":[{"embeddable":true,"href":"https:\/\/www.kunesa.com\/fr\/wp-json\/wp\/v2\/users\/1"}],"replies":[{"embeddable":true,"href":"https:\/\/www.kunesa.com\/fr\/wp-json\/wp\/v2\/comments?post=4428"}],"version-history":[{"count":11,"href":"https:\/\/www.kunesa.com\/fr\/wp-json\/wp\/v2\/pages\/4428\/revisions"}],"predecessor-version":[{"id":6188,"href":"https:\/\/www.kunesa.com\/fr\/wp-json\/wp\/v2\/pages\/4428\/revisions\/6188"}],"up":[{"embeddable":true,"href":"https:\/\/www.kunesa.com\/fr\/wp-json\/wp\/v2\/pages\/4259"}],"wp:attachment":[{"href":"https:\/\/www.kunesa.com\/fr\/wp-json\/wp\/v2\/media?parent=4428"}],"curies":[{"name":"wp","href":"https:\/\/api.w.org\/{rel}","templated":true}]}}