{"id":4430,"date":"2021-02-12T12:50:02","date_gmt":"2021-02-12T11:50:02","guid":{"rendered":"https:\/\/www.kunesa.com\/hotellerie-et-restauration\/bien-etre-et-spa\/"},"modified":"2022-03-05T14:01:30","modified_gmt":"2022-03-05T13:01:30","slug":"bien-etre-et-spa","status":"publish","type":"page","link":"https:\/\/www.kunesa.com\/fr\/hoga\/bien-etre-et-spa\/","title":{"rendered":"Bien-\u00eatre et spa m\u00e9dical"},"content":{"rendered":"<div class=\"entry\">\n\n\n    <div class=\"owl-carousel owl-image-carousel owl-theme no-loop\">\n        \n            <div class=\"owl-slide d-flex align-items-center cover\" style=\"background-image: url(https:\/\/www.kunesa.com\/wp-content\/uploads\/2021\/02\/wellness.jpg);\">\n                <div class=\"slider-content static\">\n                    <div class=\"owl-slide-text\">\n                        <h1 class=\"owl-slide-animated owl-slide-title\">Bien-\u00eatre et spa m\u00e9dical<\/h1>\n\n                                            <\/div>\n                <\/div>\n            <\/div><!--\/owl-slide-->\n\n            <\/div>\n\n\n<div class=\"content-alternate py-5\">\n    <div class=\"container content-box\">\n        <div class=\"row bg-kontur pt-5\">\n            <div class=\"col-md-4\">\n                <span class=\"content-box-title\"> Exp\u00e9rience de bien-\u00eatre.<\/span>\n            <\/div>\n            <div class=\"col-md-8\">\n                <p><b>Une petite pause pour le corps et l&rsquo;esprit.<\/b><br \/>\r\n<br \/>\r\nEn tant qu\u2019architecte d\u2019int\u00e9rieur dans l\u2019industrie du bien \u00eatre, notre objectif est de cr\u00e9er votre propre atmosph\u00e8re de bien-\u00eatre. Adapt\u00e9 aux besoins de vots clients d\u2019aujourd\u2019hui et de demain.<br \/>\r\n<br \/>\r\nDans notre monde surstimul\u00e9 et en mouvement rapide, un paysage d\u2019aventure est important pour nous \u00e0 concevoir avec une garantie d\u00e9tente qui pemet \u00e0 vos clients un instant de s\u2019immerger dans un autre monde.<br \/>\r\n<br \/>\r\nPour nous, non seulement l\u2019esth\u00e9tique et l\u2019ambiance jouent un r\u00f4le important, mais aussi l\u2019optimisation de vos processus de travail et la fonctionnalit\u00e9 du design int\u00e9rieur.<\/p>\n            <\/div>\n        <\/div>\n    <\/div>\n<\/div>\n<div class=\"container mb-5\">\n    <div class=\"row\">\n                            <div class=\"col-md-4 mt-5 offset-md-2\">\n                        <div id=\"reftile-83\">\n                            <p id=\"rm-83\" class=\"rm-reference-anchor\">&nbsp;<\/p>\n                            <div class=\"c-tile reference-tile\">\n                                <a href=\"\/fr\/hotellerie-et-restauration\/references\/\/?g=well-yes-kaufbeuren&#038;rl=[$1]fr[$1]wp-json[$1]wp[$1]v2[$1]pages[$1]4430&#038;ra=rm-83\" target=\"_self\">\n                                    <img decoding=\"async\" src=\"\/wp-content\/uploads\/sites\/1\/nggallery\/well-yes-kaufbeuren\/DSC_1989.jpg\"\n                                         alt=\"WELL.YES\"\n                                         title=\"WELL.YES\" \/>\n                                <\/a>\n                            <\/div>\n                            <div class=\"c-tile-under\">\n                                <p class=\"h2 title\">WELL.YES<\/p>\n                                <p class=\"h3 subline\">Kaufbeuren<\/p>\n                            <\/div>\n                        <\/div>\n                    <\/div>\n                                    <div class=\"col-md-4 mt-5\">\n                        <div id=\"reftile-87\">\n                            <p id=\"rm-87\" class=\"rm-reference-anchor\">&nbsp;<\/p>\n                            <div class=\"c-tile reference-tile\">\n                                <a href=\"\/fr\/hotellerie-et-restauration\/references\/\/?g=wellnesshotel-volapuek-litzelstetten&#038;rl=[$1]fr[$1]wp-json[$1]wp[$1]v2[$1]pages[$1]4430&#038;ra=rm-87\" target=\"_self\">\n                                    <img decoding=\"async\" src=\"\/wp-content\/uploads\/sites\/1\/nggallery\/wellnesshotel-volapuek-litzelstetten\/Volapu\u00a6\u00eak_2072_D_k.jpg\"\n                                         alt=\"Wellnesshotel Volap\u00fck\"\n                                         title=\"Wellnesshotel Volap\u00fck\" \/>\n                                <\/a>\n                            <\/div>\n                            <div class=\"c-tile-under\">\n                                <p class=\"h2 title\">Wellnesshotel Volap\u00fck<\/p>\n                                <p class=\"h3 subline\">Litzelstetten<\/p>\n                            <\/div>\n                        <\/div>\n                    <\/div>\n                    <\/div>\n<\/div>\n    <div class=\"container mb-5\">\n        <div class=\"row\">\n                            <div class=\"col-md-4 mt-5\">\n                    <div class=\"c-tile inverted\">\n                        <a href=\"\/fr\/hoga\/3d-animation\" target=\"_self\">\n                            <img decoding=\"async\" src=\"https:\/\/www.kunesa.com\/wp-content\/uploads\/2021\/02\/3D-Animation-2.jpg\" alt=\"3D Animation\" title=\"3D Animation\" \/>\n                            <div class=\"overlay\">&nbsp;<\/div>\n                            <div class=\"middle\">\n                                <span class=\"h2 title\">3D Animation<\/span>\n                            <\/div>\n                        <\/a>\n                    <\/div>\n                <\/div>\n                            <div class=\"col-md-4 mt-5\">\n                    <div class=\"c-tile inverted\">\n                        <a href=\"\/fr\/hoga\/produits\" target=\"_self\">\n                            <img decoding=\"async\" src=\"https:\/\/www.kunesa.com\/wp-content\/uploads\/2021\/02\/produktkatalog-5.jpg\" alt=\"Produits\" title=\"Produits\" \/>\n                            <div class=\"overlay\">&nbsp;<\/div>\n                            <div class=\"middle\">\n                                <span class=\"h2 title\">Produits<\/span>\n                            <\/div>\n                        <\/a>\n                    <\/div>\n                <\/div>\n                            <div class=\"col-md-4 mt-5\">\n                    <div class=\"c-tile inverted\">\n                        <a href=\"\/fr\/hoga\" target=\"_self\">\n                            <img decoding=\"async\" src=\"https:\/\/www.kunesa.com\/wp-content\/uploads\/2021\/02\/tile-hoga-2.png\" alt=\"Vue d'ensemble\" title=\"Vue d'ensemble\" \/>\n                            <div class=\"overlay\">&nbsp;<\/div>\n                            <div class=\"middle\">\n                                <span class=\"h2 title\">Vue d&rsquo;ensemble<\/span>\n                            <\/div>\n                        <\/a>\n                    <\/div>\n                <\/div>\n                    <\/div>\n    <\/div>\n\n\n\n<\/div>","protected":false},"excerpt":{"rendered":"","protected":false},"author":1,"featured_media":0,"parent":4259,"menu_order":6,"comment_status":"closed","ping_status":"closed","template":"page-blocks.php","meta":{"_acf_changed":false,"ngg_post_thumbnail":0,"footnotes":""},"class_list":["post-4430","page","type-page","status-publish"],"acf":[],"yoast_head":"<!-- This site is optimized with the Yoast SEO plugin v27.5 - https:\/\/yoast.com\/product\/yoast-seo-wordpress\/ -->\n<title>Bien-\u00eatre et spa m\u00e9dical &#8211; KUNESA<\/title>\n<meta name=\"robots\" content=\"index, follow, max-snippet:-1, max-image-preview:large, max-video-preview:-1\" \/>\n<link rel=\"canonical\" href=\"https:\/\/www.kunesa.com\/fr\/hoga\/bien-etre-et-spa\/\" \/>\n<meta property=\"og:locale\" content=\"fr_FR\" \/>\n<meta property=\"og:type\" content=\"article\" \/>\n<meta property=\"og:title\" content=\"Bien-\u00eatre et spa m\u00e9dical &#8211; KUNESA\" \/>\n<meta property=\"og:url\" content=\"https:\/\/www.kunesa.com\/fr\/hoga\/bien-etre-et-spa\/\" \/>\n<meta property=\"og:site_name\" content=\"KUNESA\" \/>\n<meta property=\"article:publisher\" content=\"https:\/\/www.facebook.com\/kunesa1912\/\" \/>\n<meta property=\"article:modified_time\" content=\"2022-03-05T13:01:30+00:00\" \/>\n<meta name=\"twitter:card\" content=\"summary_large_image\" \/>\n<script type=\"application\/ld+json\" class=\"yoast-schema-graph\">{\"@context\":\"https:\\\/\\\/schema.org\",\"@graph\":[{\"@type\":\"WebPage\",\"@id\":\"https:\\\/\\\/www.kunesa.com\\\/fr\\\/hoga\\\/bien-etre-et-spa\\\/\",\"url\":\"https:\\\/\\\/www.kunesa.com\\\/fr\\\/hoga\\\/bien-etre-et-spa\\\/\",\"name\":\"Bien-\u00eatre et spa m\u00e9dical &#8211; KUNESA\",\"isPartOf\":{\"@id\":\"https:\\\/\\\/www.kunesa.com\\\/fr\\\/#website\"},\"datePublished\":\"2021-02-12T11:50:02+00:00\",\"dateModified\":\"2022-03-05T13:01:30+00:00\",\"breadcrumb\":{\"@id\":\"https:\\\/\\\/www.kunesa.com\\\/fr\\\/hoga\\\/bien-etre-et-spa\\\/#breadcrumb\"},\"inLanguage\":\"fr-FR\",\"potentialAction\":[{\"@type\":\"ReadAction\",\"target\":[\"https:\\\/\\\/www.kunesa.com\\\/fr\\\/hoga\\\/bien-etre-et-spa\\\/\"]}]},{\"@type\":\"BreadcrumbList\",\"@id\":\"https:\\\/\\\/www.kunesa.com\\\/fr\\\/hoga\\\/bien-etre-et-spa\\\/#breadcrumb\",\"itemListElement\":[{\"@type\":\"ListItem\",\"position\":1,\"name\":\"Startseite\",\"item\":\"https:\\\/\\\/www.kunesa.com\\\/fr\\\/\"},{\"@type\":\"ListItem\",\"position\":2,\"name\":\"H\u00f4tellerie et restauration\",\"item\":\"https:\\\/\\\/www.kunesa.com\\\/fr\\\/hoga\\\/\"},{\"@type\":\"ListItem\",\"position\":3,\"name\":\"Bien-\u00eatre et spa m\u00e9dical\"}]},{\"@type\":\"WebSite\",\"@id\":\"https:\\\/\\\/www.kunesa.com\\\/fr\\\/#website\",\"url\":\"https:\\\/\\\/www.kunesa.com\\\/fr\\\/\",\"name\":\"KUNESA\",\"description\":\"\",\"publisher\":{\"@id\":\"https:\\\/\\\/www.kunesa.com\\\/fr\\\/#organization\"},\"potentialAction\":[{\"@type\":\"SearchAction\",\"target\":{\"@type\":\"EntryPoint\",\"urlTemplate\":\"https:\\\/\\\/www.kunesa.com\\\/fr\\\/?s={search_term_string}\"},\"query-input\":{\"@type\":\"PropertyValueSpecification\",\"valueRequired\":true,\"valueName\":\"search_term_string\"}}],\"inLanguage\":\"fr-FR\"},{\"@type\":\"Organization\",\"@id\":\"https:\\\/\\\/www.kunesa.com\\\/fr\\\/#organization\",\"name\":\"KUNESA GmbH\",\"url\":\"https:\\\/\\\/www.kunesa.com\\\/fr\\\/\",\"logo\":{\"@type\":\"ImageObject\",\"inLanguage\":\"fr-FR\",\"@id\":\"https:\\\/\\\/www.kunesa.com\\\/fr\\\/#\\\/schema\\\/logo\\\/image\\\/\",\"url\":\"https:\\\/\\\/www.kunesa.com\\\/wp-content\\\/uploads\\\/2018\\\/03\\\/kunesa_logo.png\",\"contentUrl\":\"https:\\\/\\\/www.kunesa.com\\\/wp-content\\\/uploads\\\/2018\\\/03\\\/kunesa_logo.png\",\"width\":125,\"height\":125,\"caption\":\"KUNESA GmbH\"},\"image\":{\"@id\":\"https:\\\/\\\/www.kunesa.com\\\/fr\\\/#\\\/schema\\\/logo\\\/image\\\/\"},\"sameAs\":[\"https:\\\/\\\/www.facebook.com\\\/kunesa1912\\\/\",\"https:\\\/\\\/www.youtube.com\\\/channel\\\/UCQjo0l0DTpzBhvIzwmzvI1g\"]}]}<\/script>\n<!-- \/ Yoast SEO plugin. -->","yoast_head_json":{"title":"Bien-\u00eatre et spa m\u00e9dical &#8211; KUNESA","robots":{"index":"index","follow":"follow","max-snippet":"max-snippet:-1","max-image-preview":"max-image-preview:large","max-video-preview":"max-video-preview:-1"},"canonical":"https:\/\/www.kunesa.com\/fr\/hoga\/bien-etre-et-spa\/","og_locale":"fr_FR","og_type":"article","og_title":"Bien-\u00eatre et spa m\u00e9dical &#8211; KUNESA","og_url":"https:\/\/www.kunesa.com\/fr\/hoga\/bien-etre-et-spa\/","og_site_name":"KUNESA","article_publisher":"https:\/\/www.facebook.com\/kunesa1912\/","article_modified_time":"2022-03-05T13:01:30+00:00","twitter_card":"summary_large_image","schema":{"@context":"https:\/\/schema.org","@graph":[{"@type":"WebPage","@id":"https:\/\/www.kunesa.com\/fr\/hoga\/bien-etre-et-spa\/","url":"https:\/\/www.kunesa.com\/fr\/hoga\/bien-etre-et-spa\/","name":"Bien-\u00eatre et spa m\u00e9dical &#8211; KUNESA","isPartOf":{"@id":"https:\/\/www.kunesa.com\/fr\/#website"},"datePublished":"2021-02-12T11:50:02+00:00","dateModified":"2022-03-05T13:01:30+00:00","breadcrumb":{"@id":"https:\/\/www.kunesa.com\/fr\/hoga\/bien-etre-et-spa\/#breadcrumb"},"inLanguage":"fr-FR","potentialAction":[{"@type":"ReadAction","target":["https:\/\/www.kunesa.com\/fr\/hoga\/bien-etre-et-spa\/"]}]},{"@type":"BreadcrumbList","@id":"https:\/\/www.kunesa.com\/fr\/hoga\/bien-etre-et-spa\/#breadcrumb","itemListElement":[{"@type":"ListItem","position":1,"name":"Startseite","item":"https:\/\/www.kunesa.com\/fr\/"},{"@type":"ListItem","position":2,"name":"H\u00f4tellerie et restauration","item":"https:\/\/www.kunesa.com\/fr\/hoga\/"},{"@type":"ListItem","position":3,"name":"Bien-\u00eatre et spa m\u00e9dical"}]},{"@type":"WebSite","@id":"https:\/\/www.kunesa.com\/fr\/#website","url":"https:\/\/www.kunesa.com\/fr\/","name":"KUNESA","description":"","publisher":{"@id":"https:\/\/www.kunesa.com\/fr\/#organization"},"potentialAction":[{"@type":"SearchAction","target":{"@type":"EntryPoint","urlTemplate":"https:\/\/www.kunesa.com\/fr\/?s={search_term_string}"},"query-input":{"@type":"PropertyValueSpecification","valueRequired":true,"valueName":"search_term_string"}}],"inLanguage":"fr-FR"},{"@type":"Organization","@id":"https:\/\/www.kunesa.com\/fr\/#organization","name":"KUNESA GmbH","url":"https:\/\/www.kunesa.com\/fr\/","logo":{"@type":"ImageObject","inLanguage":"fr-FR","@id":"https:\/\/www.kunesa.com\/fr\/#\/schema\/logo\/image\/","url":"https:\/\/www.kunesa.com\/wp-content\/uploads\/2018\/03\/kunesa_logo.png","contentUrl":"https:\/\/www.kunesa.com\/wp-content\/uploads\/2018\/03\/kunesa_logo.png","width":125,"height":125,"caption":"KUNESA GmbH"},"image":{"@id":"https:\/\/www.kunesa.com\/fr\/#\/schema\/logo\/image\/"},"sameAs":["https:\/\/www.facebook.com\/kunesa1912\/","https:\/\/www.youtube.com\/channel\/UCQjo0l0DTpzBhvIzwmzvI1g"]}]}},"_links":{"self":[{"href":"https:\/\/www.kunesa.com\/fr\/wp-json\/wp\/v2\/pages\/4430","targetHints":{"allow":["GET"]}}],"collection":[{"href":"https:\/\/www.kunesa.com\/fr\/wp-json\/wp\/v2\/pages"}],"about":[{"href":"https:\/\/www.kunesa.com\/fr\/wp-json\/wp\/v2\/types\/page"}],"author":[{"embeddable":true,"href":"https:\/\/www.kunesa.com\/fr\/wp-json\/wp\/v2\/users\/1"}],"replies":[{"embeddable":true,"href":"https:\/\/www.kunesa.com\/fr\/wp-json\/wp\/v2\/comments?post=4430"}],"version-history":[{"count":10,"href":"https:\/\/www.kunesa.com\/fr\/wp-json\/wp\/v2\/pages\/4430\/revisions"}],"predecessor-version":[{"id":6198,"href":"https:\/\/www.kunesa.com\/fr\/wp-json\/wp\/v2\/pages\/4430\/revisions\/6198"}],"up":[{"embeddable":true,"href":"https:\/\/www.kunesa.com\/fr\/wp-json\/wp\/v2\/pages\/4259"}],"wp:attachment":[{"href":"https:\/\/www.kunesa.com\/fr\/wp-json\/wp\/v2\/media?parent=4430"}],"curies":[{"name":"wp","href":"https:\/\/api.w.org\/{rel}","templated":true}]}}